{"id":528,"date":"2020-03-15T15:17:51","date_gmt":"2020-03-15T15:17:51","guid":{"rendered":"http:\/\/www.ogrodnick.pl\/word\/?page_id=528"},"modified":"2020-03-21T12:10:54","modified_gmt":"2020-03-21T12:10:54","slug":"lilak-wegierski-syringa-josikaea","status":"publish","type":"page","link":"https:\/\/www.ogrodnick.pl\/word\/lilak-wegierski-syringa-josikaea\/","title":{"rendered":"Lilak w\u0119gierski (Syringa josikaea)"},"content":{"rendered":"\n<div class=\"wp-block-group alignfull\"><div class=\"wp-block-group__inner-container is-layout-flow wp-block-group-is-layout-flow\">\n<p>Lilaka w\u0119gierskiego&nbsp;odkry\u0142a w swoich transylwa\u0144skich w\u0142o\u015bciach w pocz\u0105tku XIX wieku baronessa von Josika. St\u0105d \u0142aci\u0144ska nazwa&nbsp;<em>Syringa josikaea<\/em>.&nbsp;Jest to jedyny europejski gatunek lilaka.<\/p>\n<\/div><\/div>\n\n\n\n<div class=\"wp-block-columns alignfull is-layout-flex wp-container-core-columns-is-layout-9d6595d7 wp-block-columns-is-layout-flex\">\n<div class=\"wp-block-column is-layout-flow wp-block-column-is-layout-flow\">\n<p><strong>OPIS:<br><\/strong>&nbsp;&nbsp;&nbsp;Lilak w\u0119gierski to krzew o wysoko\u015bci do 3 metr\u00f3w z wyprostowanymi, sztywnymi p\u0119dami. Li\u015bcie ciemnozielone, rozwijaj\u0105ce si\u0119 cz\u0119sto r\u00f3\u017cowe. Nie wydaje uporczywych odrost\u00f3w.<br>Kwiaty fioletowor\u00f3\u017cowe rozwijaj\u0105 si\u0119 w po\u0142owie czerwca (3 tygodnie p\u00f3\u017aniej ni\u017c u lilaka zwyczajnego), przyjemnie pachn\u0105ce. Wiechy wyd\u0142u\u017cone, do 20 cm.&nbsp;<br>&nbsp;&nbsp;&nbsp;Kwitn\u0105 obficie ju\u017c ma\u0142e krzewy.<\/p>\n<\/div>\n\n\n\n<div class=\"wp-block-column is-layout-flow wp-block-column-is-layout-flow\">\n<figure class=\"wp-block-image size-large\"><img loading=\"lazy\" decoding=\"async\" width=\"500\" height=\"303\" src=\"https:\/\/www.ogrodnick.pl\/word\/wp-content\/uploads\/2020\/03\/syringa_josikaea_krzew.jpg\" alt=\"\" class=\"wp-image-986\" srcset=\"https:\/\/www.ogrodnick.pl\/word\/wp-content\/uploads\/2020\/03\/syringa_josikaea_krzew.jpg 500w, https:\/\/www.ogrodnick.pl\/word\/wp-content\/uploads\/2020\/03\/syringa_josikaea_krzew-300x182.jpg 300w\" sizes=\"auto, (max-width: 500px) 100vw, 500px\" \/><\/figure>\n<\/div>\n<\/div>\n\n\n\n<div class=\"wp-block-columns alignfull is-layout-flex wp-container-core-columns-is-layout-9d6595d7 wp-block-columns-is-layout-flex\">\n<div class=\"wp-block-column is-layout-flow wp-block-column-is-layout-flow\">\n<p><strong>UPRAWA:<\/strong>&nbsp;<br>&nbsp;&nbsp;&nbsp;Specjalnych wymaga\u0144 nie ma, nie lubi gleb podmok\u0142ych oraz bardzo suchych. Lepiej kwitnie na stanowiskach s\u0142onecznych, ale w cieniu te\u017c ro\u015bnie zdrowo.&nbsp;<br>&nbsp;&nbsp;&nbsp;Odporny na mrozy.<\/p>\n<\/div>\n\n\n\n<div class=\"wp-block-column is-layout-flow wp-block-column-is-layout-flow\"><\/div>\n<\/div>\n\n\n","protected":false},"excerpt":{"rendered":"<p>Lilaka w\u0119gierskiego&nbsp;odkry\u0142a w swoich transylwa\u0144skich w\u0142o\u015bciach w pocz\u0105tku XIX wieku baronessa von Josika. St\u0105d \u0142aci\u0144ska nazwa&nbsp;Syringa josikaea.&nbsp;Jest to jedyny europejski gatunek lilaka. OPIS:&nbsp;&nbsp;&nbsp;Lilak w\u0119gierski to krzew o wysoko\u015bci do 3 metr\u00f3w z wyprostowanymi, sztywnymi p\u0119dami. Li\u015bcie ciemnozielone, rozwijaj\u0105ce si\u0119 cz\u0119sto r\u00f3\u017cowe. Nie wydaje uporczywych odrost\u00f3w.Kwiaty fioletowor\u00f3\u017cowe rozwijaj\u0105 si\u0119 w po\u0142owie czerwca (3 tygodnie p\u00f3\u017aniej ni\u017c [&hellip;]<\/p>\n","protected":false},"author":1,"featured_media":0,"parent":0,"menu_order":0,"comment_status":"closed","ping_status":"closed","template":"","meta":{"footnotes":""},"class_list":["post-528","page","type-page","status-publish","hentry"],"_links":{"self":[{"href":"https:\/\/www.ogrodnick.pl\/word\/wp-json\/wp\/v2\/pages\/528","targetHints":{"allow":["GET"]}}],"collection":[{"href":"https:\/\/www.ogrodnick.pl\/word\/wp-json\/wp\/v2\/pages"}],"about":[{"href":"https:\/\/www.ogrodnick.pl\/word\/wp-json\/wp\/v2\/types\/page"}],"author":[{"embeddable":true,"href":"https:\/\/www.ogrodnick.pl\/word\/wp-json\/wp\/v2\/users\/1"}],"replies":[{"embeddable":true,"href":"https:\/\/www.ogrodnick.pl\/word\/wp-json\/wp\/v2\/comments?post=528"}],"version-history":[{"count":3,"href":"https:\/\/www.ogrodnick.pl\/word\/wp-json\/wp\/v2\/pages\/528\/revisions"}],"predecessor-version":[{"id":1068,"href":"https:\/\/www.ogrodnick.pl\/word\/wp-json\/wp\/v2\/pages\/528\/revisions\/1068"}],"wp:attachment":[{"href":"https:\/\/www.ogrodnick.pl\/word\/wp-json\/wp\/v2\/media?parent=528"}],"curies":[{"name":"wp","href":"https:\/\/api.w.org\/{rel}","templated":true}]}}