{"id":5,"date":"2020-01-11T14:04:43","date_gmt":"2020-01-11T14:04:43","guid":{"rendered":"http:\/\/www.ogrodnick.pl\/word\/?page_id=5"},"modified":"2022-03-05T16:09:08","modified_gmt":"2022-03-05T16:09:08","slug":"ogrodnick-pl","status":"publish","type":"page","link":"https:\/\/www.ogrodnick.pl\/word\/","title":{"rendered":"Ogrodnick.pl"},"content":{"rendered":"\n<figure class=\"wp-block-image size-full\"><img loading=\"lazy\" decoding=\"async\" width=\"430\" height=\"430\" src=\"https:\/\/www.ogrodnick.pl\/word\/wp-content\/uploads\/2022\/03\/Ukr430x430.png\" alt=\"\" class=\"wp-image-1267\" srcset=\"https:\/\/www.ogrodnick.pl\/word\/wp-content\/uploads\/2022\/03\/Ukr430x430.png 430w, https:\/\/www.ogrodnick.pl\/word\/wp-content\/uploads\/2022\/03\/Ukr430x430-300x300.png 300w, https:\/\/www.ogrodnick.pl\/word\/wp-content\/uploads\/2022\/03\/Ukr430x430-150x150.png 150w\" sizes=\"auto, (max-width: 430px) 100vw, 430px\" \/><figcaption>Grafika po\u017cyczona ze strony rp.pl<\/figcaption><\/figure>\n\n\n\n<h2 class=\"wp-block-heading\">Szk\u00f3\u0142ka drzew i krzew\u00f3w li\u015bciastych<\/h2>\n\n\n\n<p>Szk\u00f3\u0142karstwem zajmuj\u0119 si\u0119 ju\u017c dwadzie\u015bcia pi\u0119\u0107  lat (jak ten czas leci!). Oferuj\u0119 Pa\u0144stwu ponad 200 gatunk\u00f3w pi\u0119knych, w wi\u0119kszo\u015bci ma\u0142o znanych drzew i krzew\u00f3w. Zapraszam hobbyst\u00f3w, sklepy i wszystkich urz\u0105dzaj\u0105cych ogrody. <\/p>\n\n\n\n<p>Jestem tzw. &#8222;Podmiotem profesjonalnym &#8221; zarejestrowanym pod numerem <strong>PIORIN PL-14\/36\/1627<\/strong>, upowa\u017cnionym do wystawiania paszport\u00f3w ro\u015blin dla wszystkich gatunk\u00f3w jakie uprawiam w swoim gospodarstwie.<\/p>\n\n\n\n<p>Nie prowadz\u0119 dzia\u0142alno\u015bci gospodarczej w zakresie projektowania ogrod\u00f3w &#8211; swoj\u0105 wiedz\u0105 dziel\u0119 si\u0119 bezp\u0142atnie.<br> Sprzedaj\u0119 wy\u0142\u0105cznie ro\u015bliny wyhodowane we w\u0142asnym gospodarstwie, nie importowane z innych stref klimatycznych. Wszystkie s\u0105 dostatecznie wyro\u015bni\u0119te i zahartowane, gotowe do posadzenia na miejsce sta\u0142e. Udzielam gwarancji &#8211; w przypadku niepowodzenia, dostarczam nowe ro\u015bliny.<br> Odpowiem na wszystkie pytania zwi\u0105zane z moj\u0105 ofert\u0105. <\/p>\n\n\n\n<p>Jerzy Oreszczuk<\/p>\n\n\n\n<figure class=\"wp-block-image size-large\"><img loading=\"lazy\" decoding=\"async\" width=\"786\" height=\"621\" src=\"https:\/\/www.ogrodnick.pl\/word\/wp-content\/uploads\/2020\/02\/A_shirasawanumBonn_liscie_jesien.jpg\" alt=\"\" class=\"wp-image-34\" srcset=\"https:\/\/www.ogrodnick.pl\/word\/wp-content\/uploads\/2020\/02\/A_shirasawanumBonn_liscie_jesien.jpg 786w, https:\/\/www.ogrodnick.pl\/word\/wp-content\/uploads\/2020\/02\/A_shirasawanumBonn_liscie_jesien-300x237.jpg 300w, https:\/\/www.ogrodnick.pl\/word\/wp-content\/uploads\/2020\/02\/A_shirasawanumBonn_liscie_jesien-768x607.jpg 768w\" sizes=\"auto, (max-width: 786px) 100vw, 786px\" \/><figcaption>Klon shirasawy<\/figcaption><\/figure>\n\n\n\n<p><\/p>\n\n\n","protected":false},"excerpt":{"rendered":"<p>Szk\u00f3\u0142ka drzew i krzew\u00f3w li\u015bciastych Szk\u00f3\u0142karstwem zajmuj\u0119 si\u0119 ju\u017c dwadzie\u015bcia pi\u0119\u0107 lat (jak ten czas leci!). Oferuj\u0119 Pa\u0144stwu ponad 200 gatunk\u00f3w pi\u0119knych, w wi\u0119kszo\u015bci ma\u0142o znanych drzew i krzew\u00f3w. Zapraszam hobbyst\u00f3w, sklepy i wszystkich urz\u0105dzaj\u0105cych ogrody. Jestem tzw. &#8222;Podmiotem profesjonalnym &#8221; zarejestrowanym pod numerem PIORIN PL-14\/36\/1627, upowa\u017cnionym do wystawiania paszport\u00f3w ro\u015blin dla wszystkich gatunk\u00f3w jakie [&hellip;]<\/p>\n","protected":false},"author":1,"featured_media":0,"parent":0,"menu_order":0,"comment_status":"closed","ping_status":"closed","template":"","meta":{"footnotes":""},"class_list":["post-5","page","type-page","status-publish","hentry"],"_links":{"self":[{"href":"https:\/\/www.ogrodnick.pl\/word\/wp-json\/wp\/v2\/pages\/5","targetHints":{"allow":["GET"]}}],"collection":[{"href":"https:\/\/www.ogrodnick.pl\/word\/wp-json\/wp\/v2\/pages"}],"about":[{"href":"https:\/\/www.ogrodnick.pl\/word\/wp-json\/wp\/v2\/types\/page"}],"author":[{"embeddable":true,"href":"https:\/\/www.ogrodnick.pl\/word\/wp-json\/wp\/v2\/users\/1"}],"replies":[{"embeddable":true,"href":"https:\/\/www.ogrodnick.pl\/word\/wp-json\/wp\/v2\/comments?post=5"}],"version-history":[{"count":7,"href":"https:\/\/www.ogrodnick.pl\/word\/wp-json\/wp\/v2\/pages\/5\/revisions"}],"predecessor-version":[{"id":1422,"href":"https:\/\/www.ogrodnick.pl\/word\/wp-json\/wp\/v2\/pages\/5\/revisions\/1422"}],"wp:attachment":[{"href":"https:\/\/www.ogrodnick.pl\/word\/wp-json\/wp\/v2\/media?parent=5"}],"curies":[{"name":"wp","href":"https:\/\/api.w.org\/{rel}","templated":true}]}}