{"id":499,"date":"2020-03-15T15:04:53","date_gmt":"2020-03-15T15:04:53","guid":{"rendered":"http:\/\/www.ogrodnick.pl\/word\/?page_id=499"},"modified":"2020-03-20T13:36:15","modified_gmt":"2020-03-20T13:36:15","slug":"klokoczka-kolchidzka-staphylea-colchica","status":"publish","type":"page","link":"https:\/\/www.ogrodnick.pl\/word\/klokoczka-kolchidzka-staphylea-colchica\/","title":{"rendered":"K\u0142okoczka kolchidzka (Staphylea colchica)"},"content":{"rendered":"\n<div class=\"is-layout-flow wp-block-group alignfull\"><div class=\"wp-block-group__inner-container\">\n<p>K\u0142okoczka kolchidzka&nbsp;(<em>Staphylea colchica<\/em>)&nbsp;ro\u015bnie w zachodniej cz\u0119\u015bci Kaukazu. Jej nazwa pochodzi od Kr\u00f3lestwa Kolchidy, powsta\u0142ego 2500 lat temu pa\u0144stwa kt\u00f3re zjednoczy\u0142o gruzi\u0144skie plemiona zamieszkuj\u0105ce wschodnie wybrze\u017ce Morza Czarnego.<\/p>\n<\/div><\/div>\n\n\n\n<div class=\"is-layout-flex wp-container-4 wp-block-columns alignfull\">\n<div class=\"is-layout-flow wp-block-column\">\n<p><strong>OPIS:<br><\/strong>&nbsp;&nbsp;&nbsp;K\u0142okoczka kolchidzka to pi\u0119kny krzew, podobnie jak &#8222;nasza&#8221;&nbsp;k\u0142okoczka po\u0142udniowa&nbsp;osi\u0105gaj\u0105cy 3-4 metry wysoko\u015bci. Obie k\u0142okoczki s\u0105 do siebie podobne, jednak odr\u00f3\u017cni\u0107 je do\u015b\u0107 \u0142atwo:&nbsp;<br>-po li\u015bciach &#8211; u kolchidzkiej z\u0142o\u017cone s\u0105 z 3- lub 5 listk\u00f3w, u po\u0142udniowej nawet siedmiolistkowe. Listki k\u0142okoczki kolchidzkiej s\u0105 od spodu b\u0142yszcz\u0105ce, k\u0142okoczki po\u0142udniowej matowe&nbsp;<br>-po kwiatach &#8211; kolchidzka r\u00f3wnie\u017c kwitnie w maju, ale ma okazalsze od po\u0142udniowej kwiatki z d\u0142u\u017cszymi p\u0142atkami. Przypominaj\u0105 raczej kwiaty styrakowca ni\u017c konwalii&nbsp;<br>-po owocach &#8211; torebki nasienne k\u0142okoczki kolchidzkiej zbudowane s\u0105 z wyd\u0142u\u017conych kom\u00f3r z ostrym wierzcho\u0142kiem, u k\u0142okoczki po\u0142udniowej s\u0105 zaokr\u0105glone z niewielkimi wyrostkami&nbsp;<br>-po nasionach &#8211; nasiona k\u0142okoczki kolchidzkiej s\u0105 wyra\u017anie drobniejsze od nasion k\u0142okoczki po\u0142udniowej,maj\u0105 ledwie 5 milimetr\u00f3w \u015brednicy&nbsp;<br>&nbsp;&nbsp;&nbsp;Ze wzgl\u0119du na swoje mizerne rozmiary nasiona k\u0142okoczki kolchidzkiej nie maj\u0105 znaczenia kulinarnego, natomiast bardzo wa\u017cne dla gruzi\u0144skiej kuchni s\u0105 p\u0105czki kwiatowe i rozwijaj\u0105ce si\u0119 kwiaty. Przyrz\u0105dzane jak kapary, marynowane &#8222;d\u017cond\u017coli&#8221; (tak si\u0119 tam nazywaj\u0105) s\u0105 na Kaukazie tradycyjn\u0105 przek\u0105sk\u0105, mo\u017cna je kupi\u0107 r\u00f3wnie\u017c w Polsce (na zdj\u0119ciu ni\u017cej).&nbsp;<\/p>\n<\/div>\n\n\n\n<div class=\"is-layout-flow wp-block-column\">\n<div class=\"wp-block-image\"><figure class=\"aligncenter size-large\"><img decoding=\"async\" loading=\"lazy\" width=\"500\" height=\"480\" src=\"https:\/\/www.ogrodnick.pl\/word\/wp-content\/uploads\/2020\/03\/Staphylea_colchica_kwiaty2.jpg\" alt=\"\" class=\"wp-image-964\" srcset=\"https:\/\/www.ogrodnick.pl\/word\/wp-content\/uploads\/2020\/03\/Staphylea_colchica_kwiaty2.jpg 500w, https:\/\/www.ogrodnick.pl\/word\/wp-content\/uploads\/2020\/03\/Staphylea_colchica_kwiaty2-300x288.jpg 300w\" sizes=\"(max-width: 500px) 100vw, 500px\" \/><\/figure><\/div>\n<\/div>\n<\/div>\n\n\n\n<div class=\"is-layout-flex wp-container-7 wp-block-columns alignfull\">\n<div class=\"is-layout-flow wp-block-column\">\n<p><strong>UPRAWA:<\/strong><br>&nbsp;&nbsp;&nbsp;K\u0142okoczka kolchidzka mo\u017ce rosn\u0105\u0107 na stanowiskach lekko ocienionych lub s\u0142onecznych (wtedy lepiej kwitnie), ze wzgl\u0119du na nieca\u0142kowit\u0105 odporno\u015b\u0107 (strefa 6 USDA) raczej na glebach suchych.&nbsp;<br>&nbsp;&nbsp;&nbsp;Odporna na choroby.<\/p>\n<\/div>\n\n\n\n<div class=\"is-layout-flow wp-block-column\">\n<div class=\"wp-block-image\"><figure class=\"aligncenter size-large\"><img decoding=\"async\" loading=\"lazy\" width=\"500\" height=\"490\" src=\"https:\/\/www.ogrodnick.pl\/word\/wp-content\/uploads\/2020\/03\/Staphylea_colchica_owoce.jpg\" alt=\"\" class=\"wp-image-965\" srcset=\"https:\/\/www.ogrodnick.pl\/word\/wp-content\/uploads\/2020\/03\/Staphylea_colchica_owoce.jpg 500w, https:\/\/www.ogrodnick.pl\/word\/wp-content\/uploads\/2020\/03\/Staphylea_colchica_owoce-300x294.jpg 300w\" sizes=\"(max-width: 500px) 100vw, 500px\" \/><\/figure><\/div>\n<\/div>\n<\/div>\n\n\n\n<div class=\"wp-block-image\"><figure class=\"aligncenter size-large\"><img decoding=\"async\" loading=\"lazy\" width=\"500\" height=\"667\" src=\"https:\/\/www.ogrodnick.pl\/word\/wp-content\/uploads\/2020\/03\/Staphylea_colchica_dzondzoli.jpg\" alt=\"\" class=\"wp-image-963\" srcset=\"https:\/\/www.ogrodnick.pl\/word\/wp-content\/uploads\/2020\/03\/Staphylea_colchica_dzondzoli.jpg 500w, https:\/\/www.ogrodnick.pl\/word\/wp-content\/uploads\/2020\/03\/Staphylea_colchica_dzondzoli-225x300.jpg 225w\" sizes=\"(max-width: 500px) 100vw, 500px\" \/><\/figure><\/div>\n","protected":false},"excerpt":{"rendered":"<p>K\u0142okoczka kolchidzka&nbsp;(Staphylea colchica)&nbsp;ro\u015bnie w zachodniej cz\u0119\u015bci Kaukazu. Jej nazwa pochodzi od Kr\u00f3lestwa Kolchidy, powsta\u0142ego 2500 lat temu pa\u0144stwa kt\u00f3re zjednoczy\u0142o gruzi\u0144skie plemiona zamieszkuj\u0105ce wschodnie wybrze\u017ce Morza Czarnego. OPIS:&nbsp;&nbsp;&nbsp;K\u0142okoczka kolchidzka to pi\u0119kny krzew, podobnie jak &#8222;nasza&#8221;&nbsp;k\u0142okoczka po\u0142udniowa&nbsp;osi\u0105gaj\u0105cy 3-4 metry wysoko\u015bci. Obie k\u0142okoczki s\u0105 do siebie podobne, jednak odr\u00f3\u017cni\u0107 je do\u015b\u0107 \u0142atwo:&nbsp;-po li\u015bciach &#8211; u kolchidzkiej z\u0142o\u017cone [&hellip;]<\/p>\n","protected":false},"author":1,"featured_media":0,"parent":0,"menu_order":0,"comment_status":"closed","ping_status":"closed","template":"","meta":[],"_links":{"self":[{"href":"https:\/\/www.ogrodnick.pl\/word\/wp-json\/wp\/v2\/pages\/499"}],"collection":[{"href":"https:\/\/www.ogrodnick.pl\/word\/wp-json\/wp\/v2\/pages"}],"about":[{"href":"https:\/\/www.ogrodnick.pl\/word\/wp-json\/wp\/v2\/types\/page"}],"author":[{"embeddable":true,"href":"https:\/\/www.ogrodnick.pl\/word\/wp-json\/wp\/v2\/users\/1"}],"replies":[{"embeddable":true,"href":"https:\/\/www.ogrodnick.pl\/word\/wp-json\/wp\/v2\/comments?post=499"}],"version-history":[{"count":3,"href":"https:\/\/www.ogrodnick.pl\/word\/wp-json\/wp\/v2\/pages\/499\/revisions"}],"predecessor-version":[{"id":1339,"href":"https:\/\/www.ogrodnick.pl\/word\/wp-json\/wp\/v2\/pages\/499\/revisions\/1339"}],"wp:attachment":[{"href":"https:\/\/www.ogrodnick.pl\/word\/wp-json\/wp\/v2\/media?parent=499"}],"curies":[{"name":"wp","href":"https:\/\/api.w.org\/{rel}","templated":true}]}}