{"id":488,"date":"2020-03-15T14:24:32","date_gmt":"2020-03-15T14:24:32","guid":{"rendered":"http:\/\/www.ogrodnick.pl\/word\/?page_id=488"},"modified":"2020-03-23T10:28:04","modified_gmt":"2020-03-23T10:28:04","slug":"skrzydlorzech-japonski-pterocarya-rhoifolia-p-sorbifolia","status":"publish","type":"page","link":"https:\/\/www.ogrodnick.pl\/word\/skrzydlorzech-japonski-pterocarya-rhoifolia-p-sorbifolia\/","title":{"rendered":"Skrzyd\u0142orzech japo\u0144ski (Pterocarya rhoifolia, P. sorbifolia)"},"content":{"rendered":"\n<div class=\"wp-block-group alignfull\"><div class=\"wp-block-group__inner-container is-layout-flow wp-block-group-is-layout-flow\">\n<p>Skrzyd\u0142orzech japo\u0144ski&nbsp;<em>(Pterocarya rhoifolia, P. sorbifolia)<\/em>&nbsp; wyst\u0119puje na Zakaukaziu, w Turcji i w Iranie.<\/p>\n<\/div><\/div>\n\n\n\n<div class=\"wp-block-columns alignfull is-layout-flex wp-container-core-columns-is-layout-9d6595d7 wp-block-columns-is-layout-flex\">\n<div class=\"wp-block-column is-layout-flow wp-block-column-is-layout-flow\">\n<p><strong>OPIS:<br><\/strong>&nbsp;&nbsp;&nbsp;Skrzyd\u0142orzech japo\u0144ski, podobnie jak bardziej znany S. kaukaski w ojczy\u017anie osi\u0105ga nawet 30 metr\u00f3w wysoko\u015bci. U nas, na s\u0142onecznym stanowisku b\u0119dzie najwy\u017cej 10-metrowym drzewem z szerok\u0105 koron\u0105.&nbsp;<br>&nbsp;&nbsp;&nbsp;Og\u00f3lnie do kaukaskiego bardzo podobny, posiada jednak cech\u0119 kt\u00f3ra pozwoli go odr\u00f3\u017cni\u0107 bezb\u0142\u0119dnie: p\u0105czki li\u015bciowe okrywaj\u0105 \u0142uski kt\u00f3re odpadaj\u0105 po pierwszych silniejszych mrozach.&nbsp;<br>&nbsp;&nbsp;&nbsp;Inne r\u00f3\u017cnice w wygl\u0105dzie s\u0105 &#8222;ilo\u015bciowe&#8221;:&nbsp;<br>&#8211; japo\u0144ski ma nieco kr\u00f3tsze, najwy\u017cej 19-listkowe li\u015bcie.&nbsp;<br>&#8211; jego orzeszki, r\u00f3wnie\u017c tworz\u0105ce niezwyk\u0142e, nawet p\u00f3\u0142metrowe sznury maj\u0105 wi\u0119ksze skrzyde\u0142ka.<\/p>\n<\/div>\n\n\n\n<div class=\"wp-block-column is-layout-flow wp-block-column-is-layout-flow\">\n<div class=\"wp-block-image\"><figure class=\"aligncenter size-large\"><img loading=\"lazy\" decoding=\"async\" width=\"500\" height=\"474\" src=\"https:\/\/www.ogrodnick.pl\/word\/wp-content\/uploads\/2020\/03\/pterocarya_rhoifolia_drzewo.jpg\" alt=\"\" class=\"wp-image-893\" srcset=\"https:\/\/www.ogrodnick.pl\/word\/wp-content\/uploads\/2020\/03\/pterocarya_rhoifolia_drzewo.jpg 500w, https:\/\/www.ogrodnick.pl\/word\/wp-content\/uploads\/2020\/03\/pterocarya_rhoifolia_drzewo-300x284.jpg 300w\" sizes=\"auto, (max-width: 500px) 100vw, 500px\" \/><\/figure><\/div>\n<\/div>\n<\/div>\n\n\n\n<div class=\"wp-block-columns alignfull is-layout-flex wp-container-core-columns-is-layout-9d6595d7 wp-block-columns-is-layout-flex\">\n<div class=\"wp-block-column is-layout-flow wp-block-column-is-layout-flow\">\n<p><strong>UPRAWA:<\/strong>&nbsp;<br>&nbsp;&nbsp;&nbsp;Naj\u0142adniejszy pokr\u00f3j maj\u0105 skrzyd\u0142orzechy rosn\u0105ce na stanowiskach s\u0142onecznych.<br>&nbsp;&nbsp;&nbsp; S. japo\u0144skie s\u0105 odporniejsze od bardziej znanych kaukaskich (zw\u0142aszcza w m\u0142odo\u015bci), jednak r\u00f3wnie\u017c bywaj\u0105 uszkadzane przez przymrozki. Rosn\u0105 nieco wolniej, nie lubi\u0105 suszy.<\/p>\n<\/div>\n\n\n\n<div class=\"wp-block-column is-layout-flow wp-block-column-is-layout-flow\">\n<div class=\"wp-block-image\"><figure class=\"aligncenter size-large\"><img loading=\"lazy\" decoding=\"async\" width=\"500\" height=\"390\" src=\"https:\/\/www.ogrodnick.pl\/word\/wp-content\/uploads\/2020\/03\/pterocarya_rhoifolia_liscie.jpg\" alt=\"\" class=\"wp-image-896\" srcset=\"https:\/\/www.ogrodnick.pl\/word\/wp-content\/uploads\/2020\/03\/pterocarya_rhoifolia_liscie.jpg 500w, https:\/\/www.ogrodnick.pl\/word\/wp-content\/uploads\/2020\/03\/pterocarya_rhoifolia_liscie-300x234.jpg 300w\" sizes=\"auto, (max-width: 500px) 100vw, 500px\" \/><\/figure><\/div>\n<\/div>\n<\/div>\n\n\n\n<div class=\"wp-block-columns alignfull is-layout-flex wp-container-core-columns-is-layout-9d6595d7 wp-block-columns-is-layout-flex\">\n<div class=\"wp-block-column is-layout-flow wp-block-column-is-layout-flow\">\n<div class=\"wp-block-image\"><figure class=\"aligncenter size-large\"><img loading=\"lazy\" decoding=\"async\" width=\"500\" height=\"516\" src=\"https:\/\/www.ogrodnick.pl\/word\/wp-content\/uploads\/2020\/03\/pterocarya_rhoifolia_kwiatki.jpg\" alt=\"\" class=\"wp-image-895\" srcset=\"https:\/\/www.ogrodnick.pl\/word\/wp-content\/uploads\/2020\/03\/pterocarya_rhoifolia_kwiatki.jpg 500w, https:\/\/www.ogrodnick.pl\/word\/wp-content\/uploads\/2020\/03\/pterocarya_rhoifolia_kwiatki-291x300.jpg 291w\" sizes=\"auto, (max-width: 500px) 100vw, 500px\" \/><\/figure><\/div>\n<\/div>\n\n\n\n<div class=\"wp-block-column is-layout-flow wp-block-column-is-layout-flow\">\n<div class=\"wp-block-image\"><figure class=\"aligncenter size-large\"><img loading=\"lazy\" decoding=\"async\" width=\"500\" height=\"378\" src=\"https:\/\/www.ogrodnick.pl\/word\/wp-content\/uploads\/2020\/03\/pterocarya_rhoifolia_galazzowocami.jpg\" alt=\"\" class=\"wp-image-894\" srcset=\"https:\/\/www.ogrodnick.pl\/word\/wp-content\/uploads\/2020\/03\/pterocarya_rhoifolia_galazzowocami.jpg 500w, https:\/\/www.ogrodnick.pl\/word\/wp-content\/uploads\/2020\/03\/pterocarya_rhoifolia_galazzowocami-300x227.jpg 300w\" sizes=\"auto, (max-width: 500px) 100vw, 500px\" \/><\/figure><\/div>\n<\/div>\n<\/div>\n\n\n\n<div class=\"wp-block-image\"><figure class=\"aligncenter size-large\"><img loading=\"lazy\" decoding=\"async\" width=\"500\" height=\"523\" src=\"https:\/\/www.ogrodnick.pl\/word\/wp-content\/uploads\/2020\/03\/pterocarya_rhoifolia_owoce_jesien.jpg\" alt=\"\" class=\"wp-image-897\" srcset=\"https:\/\/www.ogrodnick.pl\/word\/wp-content\/uploads\/2020\/03\/pterocarya_rhoifolia_owoce_jesien.jpg 500w, https:\/\/www.ogrodnick.pl\/word\/wp-content\/uploads\/2020\/03\/pterocarya_rhoifolia_owoce_jesien-287x300.jpg 287w\" sizes=\"auto, (max-width: 500px) 100vw, 500px\" \/><\/figure><\/div>\n","protected":false},"excerpt":{"rendered":"<p>Skrzyd\u0142orzech japo\u0144ski&nbsp;(Pterocarya rhoifolia, P. sorbifolia)&nbsp; wyst\u0119puje na Zakaukaziu, w Turcji i w Iranie. OPIS:&nbsp;&nbsp;&nbsp;Skrzyd\u0142orzech japo\u0144ski, podobnie jak bardziej znany S. kaukaski w ojczy\u017anie osi\u0105ga nawet 30 metr\u00f3w wysoko\u015bci. U nas, na s\u0142onecznym stanowisku b\u0119dzie najwy\u017cej 10-metrowym drzewem z szerok\u0105 koron\u0105.&nbsp;&nbsp;&nbsp;&nbsp;Og\u00f3lnie do kaukaskiego bardzo podobny, posiada jednak cech\u0119 kt\u00f3ra pozwoli go odr\u00f3\u017cni\u0107 bezb\u0142\u0119dnie: p\u0105czki li\u015bciowe okrywaj\u0105 [&hellip;]<\/p>\n","protected":false},"author":1,"featured_media":0,"parent":0,"menu_order":0,"comment_status":"closed","ping_status":"closed","template":"","meta":{"footnotes":""},"class_list":["post-488","page","type-page","status-publish","hentry"],"_links":{"self":[{"href":"https:\/\/www.ogrodnick.pl\/word\/wp-json\/wp\/v2\/pages\/488","targetHints":{"allow":["GET"]}}],"collection":[{"href":"https:\/\/www.ogrodnick.pl\/word\/wp-json\/wp\/v2\/pages"}],"about":[{"href":"https:\/\/www.ogrodnick.pl\/word\/wp-json\/wp\/v2\/types\/page"}],"author":[{"embeddable":true,"href":"https:\/\/www.ogrodnick.pl\/word\/wp-json\/wp\/v2\/users\/1"}],"replies":[{"embeddable":true,"href":"https:\/\/www.ogrodnick.pl\/word\/wp-json\/wp\/v2\/comments?post=488"}],"version-history":[{"count":2,"href":"https:\/\/www.ogrodnick.pl\/word\/wp-json\/wp\/v2\/pages\/488\/revisions"}],"predecessor-version":[{"id":1096,"href":"https:\/\/www.ogrodnick.pl\/word\/wp-json\/wp\/v2\/pages\/488\/revisions\/1096"}],"wp:attachment":[{"href":"https:\/\/www.ogrodnick.pl\/word\/wp-json\/wp\/v2\/media?parent=488"}],"curies":[{"name":"wp","href":"https:\/\/api.w.org\/{rel}","templated":true}]}}