{"id":487,"date":"2020-03-15T14:26:10","date_gmt":"2020-03-15T14:26:10","guid":{"rendered":"http:\/\/www.ogrodnick.pl\/word\/?page_id=487"},"modified":"2020-03-23T10:36:50","modified_gmt":"2020-03-23T10:36:50","slug":"styrakowiec-chinski-pterostyrax-corymbosa-halesia-corymbosa","status":"publish","type":"page","link":"https:\/\/www.ogrodnick.pl\/word\/styrakowiec-chinski-pterostyrax-corymbosa-halesia-corymbosa\/","title":{"rendered":"Styrakowiec chi\u0144ski (Pterostyrax corymbosa, Halesia corymbosa)"},"content":{"rendered":"\n<div class=\"wp-block-group alignfull\"><div class=\"wp-block-group__inner-container is-layout-flow wp-block-group-is-layout-flow\">\n<p>Styrakowiec chi\u0144ski&nbsp;<em>(Pterostyrax corymbosa, Halesia corymbosa)<\/em>&nbsp; wyst\u0119puje w \u015brodkowych Chinach i Japonii.<\/p>\n<\/div><\/div>\n\n\n\n<div class=\"wp-block-columns alignfull is-layout-flex wp-container-core-columns-is-layout-9d6595d7 wp-block-columns-is-layout-flex\">\n<div class=\"wp-block-column is-layout-flow wp-block-column-is-layout-flow\">\n<p><strong>OPIS:<br><\/strong>&nbsp;&nbsp;&nbsp;Krzew, w najcieplejszych rejonach Polski mo\u017ce wyrosn\u0105\u0107 w drzewko.&nbsp;<br>&nbsp;&nbsp;&nbsp;Oto co pisze o styrakowcu chi\u0144skim prof. Jerzy Tumi\u0142owicz w pracy &#8222;Kolekcje dendrologiczne Arboretum SGGW w Rogowie &#8211; wyniki wieloletniej uprawy wybranych gatunk\u00f3w&#8221;, ROCZNIK DENDROLOGICZNY Vol. 53 &#8211; 2005 :&nbsp;<br><em>&#8222;Jest to gatunek rzadko spotykany nawet w ogrodach botanicznych oraz&nbsp;<\/em>&#8222;&#8230;nearly always incorrectly labelled in cultivation!&#8221;<em>&nbsp;(Kr\u00fcssmann 1986). W Rogowie pierwsze trzy okazy, z nasion otrzymanych z Batumi (Gruzja) uzyskano w 1972 roku. Zosta\u0142y one posadzone w Glinnej (w Chinach wyst\u0119puj\u0105 w 8-10 strefie klimatycznej), a jeden z nich, w wieku 31 lat, ro\u015bnie w formie drzewa i osi\u0105gn\u0105\u0142 18 cm pier\u015bnicy i 9,5 m wysoko\u015bci (Tumi\u0142owicz 2002). Nast\u0119pna introdukcja mia\u0142a miejsce w latach 1985-95 i obecnie w arboretum ro\u015bnie 15 okaz\u00f3w z 5 pochodze\u0144, w dw\u00f3ch przypadkach ze stanowisk naturalnych. Najlepszym wzrostem i zdrowotno\u015bci\u0105 odznaczaj\u0105 si\u0119 10-letnie, drzewkowate okazy z nasion z Japonii (tab.1). Cz\u0119\u015b\u0107 okaz\u00f3w ro\u015bnie krzewiasto, na niekt\u00f3rych s\u0105 widoczne nieznaczne uszkodzenia mrozowe. Z uwagi na rozleg\u0142y zasi\u0119g gatunku (Chiny i Japonia) i wyst\u0119powanie w r\u00f3\u017cnych strefach klimatycznych, wyb\u00f3r odpowiedniego pochodzenia nasion jest spraw\u0105 istotn\u0105.&#8221;<\/em><br>&nbsp;&nbsp;&nbsp;W Polsce kwitnie w czerwcu, pachn\u0105ce kwiatki skupione s\u0105 w grona szersze ale kr\u00f3tsze ni\u017c u bardziej znanego styrakowca japo\u0144skiego (<em>Pterostyrax hispida<\/em>) &#8211; maj\u0105 do 15 cm. d\u0142ugo\u015bci.<\/p>\n<\/div>\n\n\n\n<div class=\"wp-block-column is-layout-flow wp-block-column-is-layout-flow\">\n<div class=\"wp-block-image\"><figure class=\"aligncenter size-large\"><img loading=\"lazy\" decoding=\"async\" width=\"500\" height=\"365\" src=\"https:\/\/www.ogrodnick.pl\/word\/wp-content\/uploads\/2020\/03\/pterostyrax_corymbosa_krzew.jpg\" alt=\"\" class=\"wp-image-900\" srcset=\"https:\/\/www.ogrodnick.pl\/word\/wp-content\/uploads\/2020\/03\/pterostyrax_corymbosa_krzew.jpg 500w, https:\/\/www.ogrodnick.pl\/word\/wp-content\/uploads\/2020\/03\/pterostyrax_corymbosa_krzew-300x219.jpg 300w\" sizes=\"auto, (max-width: 500px) 100vw, 500px\" \/><\/figure><\/div>\n<\/div>\n<\/div>\n\n\n\n<div class=\"wp-block-columns alignfull is-layout-flex wp-container-core-columns-is-layout-9d6595d7 wp-block-columns-is-layout-flex\">\n<div class=\"wp-block-column is-layout-flow wp-block-column-is-layout-flow\">\n<p><strong>UPRAWA:<\/strong>&nbsp;<br>&nbsp;&nbsp;&nbsp;Sadzi\u0107 nale\u017cy na ciep\u0142ych stanowiskach, w s\u0142o\u0144cu lub p\u00f3\u0142cieniu, gleba powinna by\u0107 przepuszczalna.&nbsp;<br>&nbsp;&nbsp;&nbsp;M\u0142ode styrakowce chi\u0144skie nale\u017cy zabezpiecza\u0107, nie lubi\u0105 zw\u0142aszcza wiosennych waha\u0144 temperatur. Wiosenne mrozy mog\u0105 powodowa\u0107 p\u0119kanie kory, uszkodzone p\u0119dy choruj\u0105.<\/p>\n<\/div>\n\n\n\n<div class=\"wp-block-column is-layout-flow wp-block-column-is-layout-flow\">\n<div class=\"wp-block-image\"><figure class=\"aligncenter size-large\"><img loading=\"lazy\" decoding=\"async\" width=\"500\" height=\"377\" src=\"https:\/\/www.ogrodnick.pl\/word\/wp-content\/uploads\/2020\/03\/pterostyrax_corymbosa_owoce.jpg\" alt=\"\" class=\"wp-image-902\" srcset=\"https:\/\/www.ogrodnick.pl\/word\/wp-content\/uploads\/2020\/03\/pterostyrax_corymbosa_owoce.jpg 500w, https:\/\/www.ogrodnick.pl\/word\/wp-content\/uploads\/2020\/03\/pterostyrax_corymbosa_owoce-300x226.jpg 300w\" sizes=\"auto, (max-width: 500px) 100vw, 500px\" \/><\/figure><\/div>\n<\/div>\n<\/div>\n\n\n\n<div class=\"wp-block-image\"><figure class=\"aligncenter size-large\"><img loading=\"lazy\" decoding=\"async\" width=\"500\" height=\"500\" src=\"https:\/\/www.ogrodnick.pl\/word\/wp-content\/uploads\/2020\/03\/pterostyrax_corymbosa_galazka.jpg\" alt=\"\" class=\"wp-image-899\" srcset=\"https:\/\/www.ogrodnick.pl\/word\/wp-content\/uploads\/2020\/03\/pterostyrax_corymbosa_galazka.jpg 500w, https:\/\/www.ogrodnick.pl\/word\/wp-content\/uploads\/2020\/03\/pterostyrax_corymbosa_galazka-300x300.jpg 300w, https:\/\/www.ogrodnick.pl\/word\/wp-content\/uploads\/2020\/03\/pterostyrax_corymbosa_galazka-150x150.jpg 150w\" sizes=\"auto, (max-width: 500px) 100vw, 500px\" \/><\/figure><\/div>\n","protected":false},"excerpt":{"rendered":"<p>Styrakowiec chi\u0144ski&nbsp;(Pterostyrax corymbosa, Halesia corymbosa)&nbsp; wyst\u0119puje w \u015brodkowych Chinach i Japonii. OPIS:&nbsp;&nbsp;&nbsp;Krzew, w najcieplejszych rejonach Polski mo\u017ce wyrosn\u0105\u0107 w drzewko.&nbsp;&nbsp;&nbsp;&nbsp;Oto co pisze o styrakowcu chi\u0144skim prof. Jerzy Tumi\u0142owicz w pracy &#8222;Kolekcje dendrologiczne Arboretum SGGW w Rogowie &#8211; wyniki wieloletniej uprawy wybranych gatunk\u00f3w&#8221;, ROCZNIK DENDROLOGICZNY Vol. 53 &#8211; 2005 :&nbsp;&#8222;Jest to gatunek rzadko spotykany nawet w [&hellip;]<\/p>\n","protected":false},"author":1,"featured_media":0,"parent":0,"menu_order":0,"comment_status":"closed","ping_status":"closed","template":"","meta":{"footnotes":""},"class_list":["post-487","page","type-page","status-publish","hentry"],"_links":{"self":[{"href":"https:\/\/www.ogrodnick.pl\/word\/wp-json\/wp\/v2\/pages\/487","targetHints":{"allow":["GET"]}}],"collection":[{"href":"https:\/\/www.ogrodnick.pl\/word\/wp-json\/wp\/v2\/pages"}],"about":[{"href":"https:\/\/www.ogrodnick.pl\/word\/wp-json\/wp\/v2\/types\/page"}],"author":[{"embeddable":true,"href":"https:\/\/www.ogrodnick.pl\/word\/wp-json\/wp\/v2\/users\/1"}],"replies":[{"embeddable":true,"href":"https:\/\/www.ogrodnick.pl\/word\/wp-json\/wp\/v2\/comments?post=487"}],"version-history":[{"count":2,"href":"https:\/\/www.ogrodnick.pl\/word\/wp-json\/wp\/v2\/pages\/487\/revisions"}],"predecessor-version":[{"id":1102,"href":"https:\/\/www.ogrodnick.pl\/word\/wp-json\/wp\/v2\/pages\/487\/revisions\/1102"}],"wp:attachment":[{"href":"https:\/\/www.ogrodnick.pl\/word\/wp-json\/wp\/v2\/media?parent=487"}],"curies":[{"name":"wp","href":"https:\/\/api.w.org\/{rel}","templated":true}]}}