{"id":486,"date":"2020-03-15T14:27:40","date_gmt":"2020-03-15T14:27:40","guid":{"rendered":"http:\/\/www.ogrodnick.pl\/word\/?page_id=486"},"modified":"2020-03-23T10:38:35","modified_gmt":"2020-03-23T10:38:35","slug":"styrakowiec-japonski-pterostyrax-hispida-p-hispidus","status":"publish","type":"page","link":"https:\/\/www.ogrodnick.pl\/word\/styrakowiec-japonski-pterostyrax-hispida-p-hispidus\/","title":{"rendered":"Styrakowiec japo\u0144ski (Pterostyrax hispida, P. hispidus)"},"content":{"rendered":"\n<div class=\"wp-block-group alignfull\"><div class=\"wp-block-group__inner-container is-layout-flow wp-block-group-is-layout-flow\">\n<p>Styrakowiec japo\u0144ski&nbsp;(<em>Pterostyrax hispida, P. hispidus<\/em>)&nbsp;ro\u015bnie w centralnych Chinach i w g\u00f3rskich rejonach Japonii.<\/p>\n<\/div><\/div>\n\n\n\n<div class=\"wp-block-columns alignfull is-layout-flex wp-container-core-columns-is-layout-9d6595d7 wp-block-columns-is-layout-flex\">\n<div class=\"wp-block-column is-layout-flow wp-block-column-is-layout-flow\">\n<p><strong>OPIS:<br><\/strong>&nbsp;&nbsp;&nbsp;W swojej ojczy\u017anie wyrasta w 10-metrowe drzewko, w Polsce najwi\u0119kszy egzemplarz rosn\u0105cy w arboretum w Rogowie ma oko\u0142o 8 metr\u00f3w wysoko\u015bci ( 50-letni ). Mo\u017cna przyj\u0105\u0107, \u017ce w normalnych, ogrodowych warunkach po dwudziestu latach b\u0119dzie 4-metrowym krzewem lub nieco wy\u017cszym drzewkiem.&nbsp;<br>&nbsp;&nbsp;&nbsp;Styrakowiec japo\u0144ski to najodporniejszy i najcz\u0119\u015bciej w europejskich ogrodach botanicznych spotykany styrakowiec. W ogrodach i terenach zieleni prawie nie spotykany, wart rozpowszechnienia ze wzgl\u0119du na efektowne ulistnienie (nawet 20-centymetrowe li\u015bcie) i bardzo obfite kwitnienie na pocz\u0105tku lata (u nas zwykle czerwiec, czasem jeszcze pocz\u0105tek lipca). Bia\u0142okremowe kwiatki z d\u0142ugimi pr\u0119cikami, przyjemnie pachn\u0105ce , skupione s\u0105 w nawet 25-centymetrowej d\u0142ugo\u015bci zwisaj\u0105ce grona. Krzewy nimi obwieszone wygl\u0105daj\u0105 przepi\u0119knie (w USA bywa nazywany&nbsp;<em>Wisteria tree<\/em>), interesuj\u0105co wygl\u0105daj\u0105 d\u0142ugo pozostaj\u0105ce na drzewach owoce.<\/p>\n<\/div>\n\n\n\n<div class=\"wp-block-column is-layout-flow wp-block-column-is-layout-flow\">\n<div class=\"wp-block-image\"><figure class=\"aligncenter size-large\"><img loading=\"lazy\" decoding=\"async\" width=\"500\" height=\"437\" src=\"https:\/\/www.ogrodnick.pl\/word\/wp-content\/uploads\/2020\/03\/pterostyrax_hispida_drzewko.jpg\" alt=\"\" class=\"wp-image-903\" srcset=\"https:\/\/www.ogrodnick.pl\/word\/wp-content\/uploads\/2020\/03\/pterostyrax_hispida_drzewko.jpg 500w, https:\/\/www.ogrodnick.pl\/word\/wp-content\/uploads\/2020\/03\/pterostyrax_hispida_drzewko-300x262.jpg 300w\" sizes=\"auto, (max-width: 500px) 100vw, 500px\" \/><\/figure><\/div>\n<\/div>\n<\/div>\n\n\n\n<div class=\"wp-block-columns alignfull is-layout-flex wp-container-core-columns-is-layout-9d6595d7 wp-block-columns-is-layout-flex\">\n<div class=\"wp-block-column is-layout-flow wp-block-column-is-layout-flow\">\n<p><strong>UPRAWA:<\/strong>&nbsp;<br>&nbsp;&nbsp;&nbsp;Mo\u017ce rosn\u0105\u0107 i kwitn\u0105\u0107 na stanowiskach s\u0142onecznych i w p\u00f3\u0142cieniu.&nbsp;<br>&nbsp;&nbsp;&nbsp;Jak prawie wszystko, styrakowce japo\u0144skie najlepiej rosn\u0105 na glebach \u017cyznych i nieco wilgotnych, jednak przystosuj\u0105 si\u0119 do ka\u017cdej byle by\u0142a dobrze zdrenowana.&nbsp;<br>&nbsp;&nbsp;&nbsp;Wg. ameryka\u0144skich danych nadaj\u0105 si\u0119 do uprawy nawet w 4 strefie klimatycznej, tam gdzie zwykle zim\u0105 temperatury spadaj\u0105 poni\u017cej -35 C. W Polsce klimat jest mniej przyjazny ( wahania temperatur na przedwio\u015bniu, majowe mrozy, kr\u00f3tszy okres wegetacji), dlatego sadz\u0105c styrakowce w rejonach o surowszym klimacie nale\u017cy starannie wybra\u0107 stanowisko. Og\u00f3lna zasada: im zimniejszy rejon tym wi\u0119cej s\u0142o\u0144ca, gleba powinna by\u0107 mniej \u017cyzna i suchsza &#8211; b\u0119d\u0105 rosn\u0105\u0107 wolniej ale latem szybciej zako\u0144cz\u0105 wegetacj\u0119, zd\u0105\u017c\u0105 dobrze zdrewnie\u0107 i lepiej znios\u0105 surow\u0105 zim\u0119.<\/p>\n<\/div>\n\n\n\n<div class=\"wp-block-column is-layout-flow wp-block-column-is-layout-flow\">\n<div class=\"wp-block-image\"><figure class=\"aligncenter size-large\"><img loading=\"lazy\" decoding=\"async\" width=\"500\" height=\"373\" src=\"https:\/\/www.ogrodnick.pl\/word\/wp-content\/uploads\/2020\/03\/pterostyrax_hispida_galazka1.jpg\" alt=\"\" class=\"wp-image-905\" srcset=\"https:\/\/www.ogrodnick.pl\/word\/wp-content\/uploads\/2020\/03\/pterostyrax_hispida_galazka1.jpg 500w, https:\/\/www.ogrodnick.pl\/word\/wp-content\/uploads\/2020\/03\/pterostyrax_hispida_galazka1-300x224.jpg 300w\" sizes=\"auto, (max-width: 500px) 100vw, 500px\" \/><\/figure><\/div>\n<\/div>\n<\/div>\n\n\n\n<div class=\"wp-block-image\"><figure class=\"aligncenter size-large\"><img loading=\"lazy\" decoding=\"async\" width=\"500\" height=\"615\" src=\"https:\/\/www.ogrodnick.pl\/word\/wp-content\/uploads\/2020\/03\/pterostyrax_hispida_wiechy.jpg\" alt=\"\" class=\"wp-image-907\" srcset=\"https:\/\/www.ogrodnick.pl\/word\/wp-content\/uploads\/2020\/03\/pterostyrax_hispida_wiechy.jpg 500w, https:\/\/www.ogrodnick.pl\/word\/wp-content\/uploads\/2020\/03\/pterostyrax_hispida_wiechy-244x300.jpg 244w\" sizes=\"auto, (max-width: 500px) 100vw, 500px\" \/><\/figure><\/div>\n","protected":false},"excerpt":{"rendered":"<p>Styrakowiec japo\u0144ski&nbsp;(Pterostyrax hispida, P. hispidus)&nbsp;ro\u015bnie w centralnych Chinach i w g\u00f3rskich rejonach Japonii. OPIS:&nbsp;&nbsp;&nbsp;W swojej ojczy\u017anie wyrasta w 10-metrowe drzewko, w Polsce najwi\u0119kszy egzemplarz rosn\u0105cy w arboretum w Rogowie ma oko\u0142o 8 metr\u00f3w wysoko\u015bci ( 50-letni ). Mo\u017cna przyj\u0105\u0107, \u017ce w normalnych, ogrodowych warunkach po dwudziestu latach b\u0119dzie 4-metrowym krzewem lub nieco wy\u017cszym drzewkiem.&nbsp;&nbsp;&nbsp;&nbsp;Styrakowiec japo\u0144ski [&hellip;]<\/p>\n","protected":false},"author":1,"featured_media":0,"parent":0,"menu_order":0,"comment_status":"closed","ping_status":"closed","template":"","meta":{"footnotes":""},"class_list":["post-486","page","type-page","status-publish","hentry"],"_links":{"self":[{"href":"https:\/\/www.ogrodnick.pl\/word\/wp-json\/wp\/v2\/pages\/486","targetHints":{"allow":["GET"]}}],"collection":[{"href":"https:\/\/www.ogrodnick.pl\/word\/wp-json\/wp\/v2\/pages"}],"about":[{"href":"https:\/\/www.ogrodnick.pl\/word\/wp-json\/wp\/v2\/types\/page"}],"author":[{"embeddable":true,"href":"https:\/\/www.ogrodnick.pl\/word\/wp-json\/wp\/v2\/users\/1"}],"replies":[{"embeddable":true,"href":"https:\/\/www.ogrodnick.pl\/word\/wp-json\/wp\/v2\/comments?post=486"}],"version-history":[{"count":2,"href":"https:\/\/www.ogrodnick.pl\/word\/wp-json\/wp\/v2\/pages\/486\/revisions"}],"predecessor-version":[{"id":1103,"href":"https:\/\/www.ogrodnick.pl\/word\/wp-json\/wp\/v2\/pages\/486\/revisions\/1103"}],"wp:attachment":[{"href":"https:\/\/www.ogrodnick.pl\/word\/wp-json\/wp\/v2\/media?parent=486"}],"curies":[{"name":"wp","href":"https:\/\/api.w.org\/{rel}","templated":true}]}}