{"id":475,"date":"2020-03-14T15:22:57","date_gmt":"2020-03-14T15:22:57","guid":{"rendered":"http:\/\/www.ogrodnick.pl\/word\/?page_id=475"},"modified":"2020-03-21T15:12:13","modified_gmt":"2020-03-21T15:12:13","slug":"paulownia-puszysta-paulownia-tomentosa-paulownia-fargesa-paulownia-fargesii","status":"publish","type":"page","link":"https:\/\/www.ogrodnick.pl\/word\/paulownia-puszysta-paulownia-tomentosa-paulownia-fargesa-paulownia-fargesii\/","title":{"rendered":"Paulownia puszysta (Paulownia tomentosa), paulownia Fargesa (Paulownia fargesii)"},"content":{"rendered":"\n<div class=\"wp-block-group alignfull\"><div class=\"wp-block-group__inner-container is-layout-flow wp-block-group-is-layout-flow\">\n<p>Paulownia puszysta&nbsp;<em>(Paulownia tomentosa)<\/em>&nbsp;ro\u015bnie w zachodnich Chinach,&nbsp;Paulownia Fargesa<em>&nbsp;(Paulownia fargesii)<\/em>&nbsp;w g\u00f3rach na wschodzie Chin. Nazwane tak zosta\u0142y przed dwustu laty na cze\u015b\u0107 Anny Paw\u0142owny, c\u00f3rki cara rosyjskiego Paw\u0142a I (inna nazwa to &#8222;cesarskie drzewo&#8221;).<\/p>\n<\/div><\/div>\n\n\n\n<div class=\"wp-block-columns alignfull is-layout-flex wp-container-core-columns-is-layout-9d6595d7 wp-block-columns-is-layout-flex\">\n<div class=\"wp-block-column is-layout-flow wp-block-column-is-layout-flow\">\n<p><strong>OPIS:<br><\/strong>&nbsp;&nbsp;&nbsp;Oba gatunki s\u0105 do siebie podobne, cz\u0119sto mylone, zwykle s\u0105 opisywane jako &#8222;Paulownia puszysta&#8221;, wyrastaj\u0105 w kilkunastometrowe drzewa o szerokich koronach. R\u00f3\u017cnice:<br>-Paulownia puszysta ma kwiatki niebiesko-fioletowe, Fargesa ja\u015bniejsze, prawie bia\u0142e<br>-Paulownia Fargesa ma li\u015bcie bardziej ow\u0142osione, kr\u00f3tsze ale szersze, wyra\u017aniej klapowane.<br>Obie rosn\u0105&nbsp;niezwykle szybko. W ciep\u0142ym klimacie, odpowiednio nawo\u017cona i podlewana, po 5 miesi\u0105cach mo\u017ce osi\u0105gn\u0105\u0107&nbsp;7 metr\u00f3w&nbsp;wysoko\u015bci! Bywa sadzona dla pozyskiwania drewna &#8211; metr sze\u015bcienny lekkiego prawie jak balsa, odpornego na dzia\u0142anie grzyb\u00f3w i niezwykle mocnego drewna uzyskuje si\u0119 z jednej paulowni ju\u017c po 8 latach.&nbsp;<br>&nbsp;&nbsp;&nbsp;Bardzo szybki wzrost, ogromne li\u015bcie, pi\u0119kne 6-centymetrowe kwiatki w sto\u017ckowatych wiechach d\u0142ugich na 30 cm. sprawiaj\u0105, \u017ce jest cz\u0119sto sadzona jako drzewo ozdobne. Ju\u017c 3-letnia paulownia ma 5 metr\u00f3w wysoko\u015bci, okaza\u0142\u0105 koron\u0119 i obficie kwitnie w kwietniu-maju, tu\u017c przed rozwojem li\u015bci.&nbsp;<br>&nbsp;&nbsp;&nbsp;W Australii, Nowej Zelandii i Stanach Zjednoczonych dzia\u0142aj\u0105 farmy na kt\u00f3rych uprawiane s\u0105 na skal\u0119 przemys\u0142ow\u0105 wy\u0142\u0105cznie paulownie. Paulowniowym potentatem (7 hektar\u00f3w) by\u0142 np. prezydent USA Jimmy Carter.&nbsp;<br>&nbsp;&nbsp;&nbsp;W Polsce jest troch\u0119 gorzej&#8230; Paulownia jest niezupe\u0142nie wytrzyma\u0142a na mrozy. Znosi temperatury do -25 C, podczas surowych zim ze spadkami temperatury poni\u017cej -30 C przemarza, cz\u0119sto do granicy \u015bniegu. Kwitnie w miar\u0119 regularnie tylko na zachodzie , w innych rejonach tylko je\u015bli zdarz\u0105 si\u0119 3 \u0142agodne zimy z rz\u0119du. W zwi\u0105zku z tym zach\u0119cam Pa\u0144stwa do traktowania paulowni jak bylin\u0119. Przycinane wiosn\u0105 przy ziemi wypuszczaj\u0105 3-metrowe p\u0119dy z 60-centymetrowymi li\u015b\u0107mi osadzonymi na ogonkach takiej samej d\u0142ugo\u015bci. Widok niezwyk\u0142y!&nbsp;<br>&nbsp;&nbsp;&nbsp;Na zdj\u0119ciu obok 4-miesi\u0119czne siewki wyros\u0142e w G\u00f3rach \u015awi\u0119tokrzyskich.&nbsp;<\/p>\n<\/div>\n\n\n\n<div class=\"wp-block-column is-layout-flow wp-block-column-is-layout-flow\">\n<div class=\"wp-block-image\"><figure class=\"aligncenter size-large\"><img loading=\"lazy\" decoding=\"async\" width=\"500\" height=\"319\" src=\"https:\/\/www.ogrodnick.pl\/word\/wp-content\/uploads\/2020\/03\/paulownia_t_f_liscie.jpg\" alt=\"\" class=\"wp-image-851\" srcset=\"https:\/\/www.ogrodnick.pl\/word\/wp-content\/uploads\/2020\/03\/paulownia_t_f_liscie.jpg 500w, https:\/\/www.ogrodnick.pl\/word\/wp-content\/uploads\/2020\/03\/paulownia_t_f_liscie-300x191.jpg 300w\" sizes=\"auto, (max-width: 500px) 100vw, 500px\" \/><\/figure><\/div>\n<\/div>\n<\/div>\n\n\n\n<div class=\"wp-block-columns alignfull is-layout-flex wp-container-core-columns-is-layout-9d6595d7 wp-block-columns-is-layout-flex\">\n<div class=\"wp-block-column is-layout-flow wp-block-column-is-layout-flow\">\n<p><strong>UPRAWA:<\/strong>&nbsp;<br>&nbsp;&nbsp;&nbsp;Koniecznie stanowisko s\u0142oneczne, gleba przepuszczalna, raczej sucha &#8211; na terenach z wysokim poziomem w\u00f3d gruntowych (p\u0142ycej ni\u017c 1,5 metra)), paulownie \u017ale znosz\u0105 zimy.&nbsp;<br>&nbsp;&nbsp;&nbsp;Prowadzone &#8222;na bylin\u0119&#8221; mo\u017cna obficie nawozi\u0107 i podlewa\u0107 przez ca\u0142e lato. Je\u015bli zamierzaj\u0105 pa\u0144stwo dochowa\u0107 si\u0119 kwitn\u0105cego drzewa, nawozi\u0107 nale\u017cy ostro\u017cniej (tylko do po\u0142owy czerwca), od sierpnia paulownie powinny mie\u0107 sucho. Urosn\u0105 mniejsze, ale zd\u0105\u017c\u0105 przed zim\u0105 zdrewnie\u0107 i s\u0105 wi\u0119ksze szanse na to, \u017ce w dobrej kondycji przetrwaj\u0105 zim\u0119.&nbsp;<\/p>\n<\/div>\n\n\n\n<div class=\"wp-block-column is-layout-flow wp-block-column-is-layout-flow\">\n<div class=\"wp-block-image\"><figure class=\"aligncenter size-large\"><img loading=\"lazy\" decoding=\"async\" width=\"500\" height=\"598\" src=\"https:\/\/www.ogrodnick.pl\/word\/wp-content\/uploads\/2020\/03\/paulownia_tomentosa_mlode.jpg\" alt=\"\" class=\"wp-image-852\" srcset=\"https:\/\/www.ogrodnick.pl\/word\/wp-content\/uploads\/2020\/03\/paulownia_tomentosa_mlode.jpg 500w, https:\/\/www.ogrodnick.pl\/word\/wp-content\/uploads\/2020\/03\/paulownia_tomentosa_mlode-251x300.jpg 251w\" sizes=\"auto, (max-width: 500px) 100vw, 500px\" \/><\/figure><\/div>\n<\/div>\n<\/div>\n\n\n","protected":false},"excerpt":{"rendered":"<p>Paulownia puszysta&nbsp;(Paulownia tomentosa)&nbsp;ro\u015bnie w zachodnich Chinach,&nbsp;Paulownia Fargesa&nbsp;(Paulownia fargesii)&nbsp;w g\u00f3rach na wschodzie Chin. Nazwane tak zosta\u0142y przed dwustu laty na cze\u015b\u0107 Anny Paw\u0142owny, c\u00f3rki cara rosyjskiego Paw\u0142a I (inna nazwa to &#8222;cesarskie drzewo&#8221;). OPIS:&nbsp;&nbsp;&nbsp;Oba gatunki s\u0105 do siebie podobne, cz\u0119sto mylone, zwykle s\u0105 opisywane jako &#8222;Paulownia puszysta&#8221;, wyrastaj\u0105 w kilkunastometrowe drzewa o szerokich koronach. R\u00f3\u017cnice:-Paulownia puszysta [&hellip;]<\/p>\n","protected":false},"author":1,"featured_media":0,"parent":0,"menu_order":0,"comment_status":"closed","ping_status":"closed","template":"","meta":{"footnotes":""},"class_list":["post-475","page","type-page","status-publish","hentry"],"_links":{"self":[{"href":"https:\/\/www.ogrodnick.pl\/word\/wp-json\/wp\/v2\/pages\/475","targetHints":{"allow":["GET"]}}],"collection":[{"href":"https:\/\/www.ogrodnick.pl\/word\/wp-json\/wp\/v2\/pages"}],"about":[{"href":"https:\/\/www.ogrodnick.pl\/word\/wp-json\/wp\/v2\/types\/page"}],"author":[{"embeddable":true,"href":"https:\/\/www.ogrodnick.pl\/word\/wp-json\/wp\/v2\/users\/1"}],"replies":[{"embeddable":true,"href":"https:\/\/www.ogrodnick.pl\/word\/wp-json\/wp\/v2\/comments?post=475"}],"version-history":[{"count":2,"href":"https:\/\/www.ogrodnick.pl\/word\/wp-json\/wp\/v2\/pages\/475\/revisions"}],"predecessor-version":[{"id":1086,"href":"https:\/\/www.ogrodnick.pl\/word\/wp-json\/wp\/v2\/pages\/475\/revisions\/1086"}],"wp:attachment":[{"href":"https:\/\/www.ogrodnick.pl\/word\/wp-json\/wp\/v2\/media?parent=475"}],"curies":[{"name":"wp","href":"https:\/\/api.w.org\/{rel}","templated":true}]}}