{"id":473,"date":"2020-03-14T15:26:18","date_gmt":"2020-03-14T15:26:18","guid":{"rendered":"http:\/\/www.ogrodnick.pl\/word\/?page_id=473"},"modified":"2020-03-21T15:13:39","modified_gmt":"2020-03-21T15:13:39","slug":"pecherznica-kalinolistna-physocarpus-opulifolius","status":"publish","type":"page","link":"https:\/\/www.ogrodnick.pl\/word\/pecherznica-kalinolistna-physocarpus-opulifolius\/","title":{"rendered":"P\u0119cherznica kalinolistna (Physocarpus opulifolius)"},"content":{"rendered":"\n<div class=\"wp-block-group alignfull\"><div class=\"wp-block-group__inner-container is-layout-flow wp-block-group-is-layout-flow\">\n<p>P\u0119cherznica kalinolistna<em>&nbsp;(Physocarpus opulifolius)<\/em>&nbsp;pochodzi z p\u00f3\u0142nocno &#8211; wschodniej cz\u0119\u015bci Ameryki P\u00f3\u0142nocnej.<\/p>\n<\/div><\/div>\n\n\n\n<div class=\"wp-block-columns alignfull is-layout-flex wp-container-core-columns-is-layout-9d6595d7 wp-block-columns-is-layout-flex\">\n<div class=\"wp-block-column is-layout-flow wp-block-column-is-layout-flow\">\n<p><strong>OPIS:<\/strong><br>&nbsp;&nbsp;&nbsp;Znany powszechnie krzew ozdobny, uprawiane s\u0105 przede wszystkim odmiany o barwnych li\u015bciach: 'Luteus&#8217; z li\u015b\u0107mi wiosn\u0105 jasno\u017c\u00f3\u0142tymi oraz r\u00f3\u017cne klony o ciemnoczerwonej, czasem prawie czarnej barwie li\u015bci. Te ostatnie znane pod nadu\u017cywan\u0105 nazw\u0105 &#8222;Diablo&#8221;.&nbsp;<br>&nbsp;&nbsp;&nbsp;Praktycznie wszystkie dost\u0119pne w handlu p\u0119cherznice otrzymano w wyniku ukorzeniania sadzonek zdrewnia\u0142ych. Jest to bardzo szybka i \u0142atwa metoda, ale ro\u015bliny otrzymane w ten spos\u00f3b s\u0105 od razu &#8222;stare&#8221;, s\u0142abiej rosn\u0105 i kr\u00f3cej \u017cyj\u0105. Pe\u0142ny cykl rozwojowy przechodz\u0105 i maj\u0105 wszystkie w\u0142a\u015bciwe gatunkowi cechy ro\u015bliny otrzymane z nasion.&nbsp;<br>&nbsp;&nbsp;&nbsp;&#8222;Prawdziwa&#8221; p\u0119cherznica kalinolistna jest g\u0119stym krzewem dorastaj\u0105cym do 2-3 metr\u00f3w wysoko\u015bci. W m\u0142odo\u015bci ro\u015bnie bardzo szybko, najpierw wyprostowana, z wiekiem silnie si\u0119 rozkrzewia, coraz liczniejsze p\u0119dy rozchylaj\u0105 si\u0119 i \u0142ukowato przewisaj\u0105.&nbsp;<br>&nbsp;&nbsp;&nbsp;Zdolno\u015b\u0107 do &#8222;spontanicznego&#8221; zag\u0119szczania si\u0119, wczesny rozw\u00f3j na wiosn\u0119, odporno\u015b\u0107 na mrozy, susz\u0119, szkodniki i choroby sprawiaj\u0105, \u017ce p\u0119cherznica jest idealn\u0105 ro\u015blin\u0105 na swobodnie rosn\u0105ce \u017cywop\u0142oty i szpalery.&nbsp;P\u0119cherznicowy szpaler&nbsp;nie wymaga \u017cadnej obs\u0142ugi.&nbsp;<br>&nbsp;&nbsp;&nbsp; Bardzo efektownie wygl\u0105da obficie kwitn\u0105ca w maju-czerwcu oraz p\u00f3\u017aniej z czerwieniej\u0105cymi owocami.&nbsp;<br>&nbsp;&nbsp;&nbsp;Jesieni\u0105 li\u015bcie p\u0119cherznicy staj\u0105 si\u0119 \u017c\u00f3\u0142te i pomara\u0144czowe.&nbsp;<\/p>\n<\/div>\n\n\n\n<div class=\"wp-block-column is-layout-flow wp-block-column-is-layout-flow\">\n<div class=\"wp-block-image\"><figure class=\"aligncenter size-large\"><img loading=\"lazy\" decoding=\"async\" width=\"1024\" height=\"674\" src=\"https:\/\/www.ogrodnick.pl\/word\/wp-content\/uploads\/2020\/03\/physocarpus_opulifolius_owocujacy_szpaler.jpg\" alt=\"\" class=\"wp-image-862\" srcset=\"https:\/\/www.ogrodnick.pl\/word\/wp-content\/uploads\/2020\/03\/physocarpus_opulifolius_owocujacy_szpaler.jpg 1024w, https:\/\/www.ogrodnick.pl\/word\/wp-content\/uploads\/2020\/03\/physocarpus_opulifolius_owocujacy_szpaler-300x197.jpg 300w, https:\/\/www.ogrodnick.pl\/word\/wp-content\/uploads\/2020\/03\/physocarpus_opulifolius_owocujacy_szpaler-768x506.jpg 768w\" sizes=\"auto, (max-width: 1024px) 100vw, 1024px\" \/><\/figure><\/div>\n<\/div>\n<\/div>\n\n\n\n<div class=\"wp-block-columns alignfull is-layout-flex wp-container-core-columns-is-layout-9d6595d7 wp-block-columns-is-layout-flex\">\n<div class=\"wp-block-column is-layout-flow wp-block-column-is-layout-flow\">\n<p><strong>UPRAWA:<\/strong>&nbsp;<br>&nbsp;&nbsp;&nbsp;P\u0119cherznica mo\u017ce rosn\u0105\u0107 w ca\u0142ym kraju, na ka\u017cdej glebie (na suchej i ubogiej nie przekroczy 2 metr\u00f3w wysoko\u015bci), na stanowiskach s\u0142onecznych i zacieniona. Jest zupe\u0142nie odporna na mr\u00f3z.&nbsp;<\/p>\n<\/div>\n\n\n\n<div class=\"wp-block-column is-layout-flow wp-block-column-is-layout-flow\">\n<div class=\"wp-block-image\"><figure class=\"aligncenter size-large\"><img loading=\"lazy\" decoding=\"async\" width=\"500\" height=\"459\" src=\"https:\/\/www.ogrodnick.pl\/word\/wp-content\/uploads\/2020\/03\/physocarpus_opulifolius_kwiatostan.jpg\" alt=\"\" class=\"wp-image-859\" srcset=\"https:\/\/www.ogrodnick.pl\/word\/wp-content\/uploads\/2020\/03\/physocarpus_opulifolius_kwiatostan.jpg 500w, https:\/\/www.ogrodnick.pl\/word\/wp-content\/uploads\/2020\/03\/physocarpus_opulifolius_kwiatostan-300x275.jpg 300w\" sizes=\"auto, (max-width: 500px) 100vw, 500px\" \/><\/figure><\/div>\n<\/div>\n<\/div>\n\n\n\n<div class=\"wp-block-image\"><figure class=\"aligncenter size-large\"><img loading=\"lazy\" decoding=\"async\" width=\"500\" height=\"433\" src=\"https:\/\/www.ogrodnick.pl\/word\/wp-content\/uploads\/2020\/03\/physocarpus_opulifolius_owoce.jpg\" alt=\"\" class=\"wp-image-860\" srcset=\"https:\/\/www.ogrodnick.pl\/word\/wp-content\/uploads\/2020\/03\/physocarpus_opulifolius_owoce.jpg 500w, https:\/\/www.ogrodnick.pl\/word\/wp-content\/uploads\/2020\/03\/physocarpus_opulifolius_owoce-300x260.jpg 300w\" sizes=\"auto, (max-width: 500px) 100vw, 500px\" \/><\/figure><\/div>\n","protected":false},"excerpt":{"rendered":"<p>P\u0119cherznica kalinolistna&nbsp;(Physocarpus opulifolius)&nbsp;pochodzi z p\u00f3\u0142nocno &#8211; wschodniej cz\u0119\u015bci Ameryki P\u00f3\u0142nocnej. OPIS:&nbsp;&nbsp;&nbsp;Znany powszechnie krzew ozdobny, uprawiane s\u0105 przede wszystkim odmiany o barwnych li\u015bciach: 'Luteus&#8217; z li\u015b\u0107mi wiosn\u0105 jasno\u017c\u00f3\u0142tymi oraz r\u00f3\u017cne klony o ciemnoczerwonej, czasem prawie czarnej barwie li\u015bci. Te ostatnie znane pod nadu\u017cywan\u0105 nazw\u0105 &#8222;Diablo&#8221;.&nbsp;&nbsp;&nbsp;&nbsp;Praktycznie wszystkie dost\u0119pne w handlu p\u0119cherznice otrzymano w wyniku ukorzeniania sadzonek zdrewnia\u0142ych. [&hellip;]<\/p>\n","protected":false},"author":1,"featured_media":0,"parent":0,"menu_order":0,"comment_status":"closed","ping_status":"closed","template":"","meta":{"footnotes":""},"class_list":["post-473","page","type-page","status-publish","hentry"],"_links":{"self":[{"href":"https:\/\/www.ogrodnick.pl\/word\/wp-json\/wp\/v2\/pages\/473","targetHints":{"allow":["GET"]}}],"collection":[{"href":"https:\/\/www.ogrodnick.pl\/word\/wp-json\/wp\/v2\/pages"}],"about":[{"href":"https:\/\/www.ogrodnick.pl\/word\/wp-json\/wp\/v2\/types\/page"}],"author":[{"embeddable":true,"href":"https:\/\/www.ogrodnick.pl\/word\/wp-json\/wp\/v2\/users\/1"}],"replies":[{"embeddable":true,"href":"https:\/\/www.ogrodnick.pl\/word\/wp-json\/wp\/v2\/comments?post=473"}],"version-history":[{"count":2,"href":"https:\/\/www.ogrodnick.pl\/word\/wp-json\/wp\/v2\/pages\/473\/revisions"}],"predecessor-version":[{"id":1087,"href":"https:\/\/www.ogrodnick.pl\/word\/wp-json\/wp\/v2\/pages\/473\/revisions\/1087"}],"wp:attachment":[{"href":"https:\/\/www.ogrodnick.pl\/word\/wp-json\/wp\/v2\/media?parent=473"}],"curies":[{"name":"wp","href":"https:\/\/api.w.org\/{rel}","templated":true}]}}