{"id":471,"date":"2020-03-14T15:31:25","date_gmt":"2020-03-14T15:31:25","guid":{"rendered":"http:\/\/www.ogrodnick.pl\/word\/?page_id=471"},"modified":"2020-03-21T15:19:37","modified_gmt":"2020-03-21T15:19:37","slug":"platan-zachodni-sykomora-platanus-occidentalis","status":"publish","type":"page","link":"https:\/\/www.ogrodnick.pl\/word\/platan-zachodni-sykomora-platanus-occidentalis\/","title":{"rendered":"Platan zachodni, Sykomora (Platanus occidentalis)"},"content":{"rendered":"\n<div class=\"wp-block-group alignfull\"><div class=\"wp-block-group__inner-container is-layout-flow wp-block-group-is-layout-flow\">\n<p>Platan zachodni, Sykomora&nbsp;(<em>Platanus occidentalis<\/em>)&nbsp;ro\u015bnie we wschodniej po\u0142owie Stan\u00f3w Zjednoczonych i na po\u0142udniu Kanady, nieliczne stanowiska mo\u017cna znale\u017a\u0107 w g\u00f3rach Meksyku.<\/p>\n<\/div><\/div>\n\n\n\n<div class=\"wp-block-columns alignfull is-layout-flex wp-container-core-columns-is-layout-9d6595d7 wp-block-columns-is-layout-flex\">\n<div class=\"wp-block-column is-layout-flow wp-block-column-is-layout-flow\">\n<p><strong>OPIS:<br><\/strong>&nbsp;&nbsp;&nbsp;Platan zachodni (po ameryka\u0144sku&nbsp;<em>Sycamore<\/em>) to najwi\u0119ksze drzewo li\u015bciaste w lasach USA. W m\u0142odo\u015bci platany zachodnie rosn\u0105 bardzo szybko w ka\u017cdych warunkach, rekordowe rozmiary osi\u0105gaj\u0105 na glebach \u017cyznych i wilgotnych: najwi\u0119ksze swobodnie rosn\u0105ce drzewo ma 330 cm \u015brednicy 52 metry wysoko\u015bci i koron\u0119 o \u015brednicy 35 metr\u00f3w. Uprawiane na plantacjach (tak jak u nas np. wierzby czy topole) w ciep\u0142ym stanie Georgia w wieku 11 lat miewaj\u0105 19 metr\u00f3w wysoko\u015bci.&nbsp;<br>&nbsp;&nbsp;&nbsp;W Polsce okres wegetacji jest dwa razy kr\u00f3tszy ni\u017c w po\u0142udniowych stanach USA, platany zachodnie rosn\u0105 znacznie wolniej &#8211; mniej wi\u0119cej tak szybko jak dobrze znany platan klonolistny, kt\u00f3ry jest efektem skrzy\u017cowania platana zachodniego z pochodz\u0105cym z Azji platanem wschodnim&nbsp;<em>Platanus orientalis<\/em>. Platan zachodni jest bardzo podobny do swojego europejskiego &#8222;dziecka&#8221; (platan klonolistny powsta\u0142 w Anglii). Nieznacznie r\u00f3\u017cni\u0105 si\u0119 kszta\u0142tem li\u015bci, owoce zachodniego wisz\u0105 na kilkunastocentymetrowych ogonkach pojedynczo podczas gdy u klonolistnego zwykle po dwa.<br>Najistotniejsz\u0105 r\u00f3\u017cnic\u0105 z punktu widzenia mieszka\u0144ca \u015brodkowo-wschodniej Europy jest jest wi\u0119ksza odporno\u015b\u0107 Platana zachodniego: drzewa rosn\u0105ce na p\u00f3\u0142nocy naturalnego zasi\u0119gu znosz\u0105 mrozy do -40 stopni i zadowalaj\u0105 si\u0119 ledwie stoma dniami bez mrozu. Je\u015bli kto\u015b w Zakopanem czy Suwa\u0142kach waha\u0142 si\u0119 czy posadzi\u0107 platana, powinien posadzi\u0107 platana zachodniego. Na pewno wytrzyma!<\/p>\n<\/div>\n\n\n\n<div class=\"wp-block-column is-layout-flow wp-block-column-is-layout-flow\">\n<div class=\"wp-block-image\"><figure class=\"aligncenter size-large\"><img loading=\"lazy\" decoding=\"async\" width=\"500\" height=\"638\" src=\"https:\/\/www.ogrodnick.pl\/word\/wp-content\/uploads\/2020\/03\/platanus_occidentalis_jesien500_2.jpg\" alt=\"\" class=\"wp-image-868\" srcset=\"https:\/\/www.ogrodnick.pl\/word\/wp-content\/uploads\/2020\/03\/platanus_occidentalis_jesien500_2.jpg 500w, https:\/\/www.ogrodnick.pl\/word\/wp-content\/uploads\/2020\/03\/platanus_occidentalis_jesien500_2-235x300.jpg 235w\" sizes=\"auto, (max-width: 500px) 100vw, 500px\" \/><\/figure><\/div>\n<\/div>\n<\/div>\n\n\n\n<div class=\"wp-block-columns alignfull is-layout-flex wp-container-core-columns-is-layout-9d6595d7 wp-block-columns-is-layout-flex\">\n<div class=\"wp-block-column is-layout-flow wp-block-column-is-layout-flow\">\n<p><strong>UPRAWA:<\/strong>&nbsp;<br>&nbsp;&nbsp;&nbsp;Platany zachodnie z p\u00f3\u0142nocy zasi\u0119gu s\u0105 zupe\u0142nie odporne na mrozy.&nbsp;<br>Stanowisko powinno by\u0107 s\u0142oneczne, najszybciej rosn\u0105 na glebach wilgotnych.&nbsp;<br>Platany zachodnie gorzej ni\u017c platan klonolistny znosz\u0105 warunki miejskie. Do parku czy ogrodu w mie\u015bcie si\u0119 nadaj\u0105, jako drzewo uliczne lepiej posadzi\u0107 platana klonolistnego.&nbsp;<br>&nbsp;&nbsp;&nbsp;Platany zachodnie maj\u0105 silny uk\u0142ad korzeniowy, dobrze znosz\u0105 przesadzanie &#8211; lepiej robi\u0107 to wiosn\u0105.<\/p>\n<\/div>\n\n\n\n<div class=\"wp-block-column is-layout-flow wp-block-column-is-layout-flow\">\n<div class=\"wp-block-image\"><figure class=\"aligncenter size-large\"><img loading=\"lazy\" decoding=\"async\" width=\"500\" height=\"378\" src=\"https:\/\/www.ogrodnick.pl\/word\/wp-content\/uploads\/2020\/03\/platanus_occidentalis_owoc500_2.jpg\" alt=\"\" class=\"wp-image-871\" srcset=\"https:\/\/www.ogrodnick.pl\/word\/wp-content\/uploads\/2020\/03\/platanus_occidentalis_owoc500_2.jpg 500w, https:\/\/www.ogrodnick.pl\/word\/wp-content\/uploads\/2020\/03\/platanus_occidentalis_owoc500_2-300x227.jpg 300w\" sizes=\"auto, (max-width: 500px) 100vw, 500px\" \/><\/figure><\/div>\n<\/div>\n<\/div>\n\n\n\n<div class=\"wp-block-image\"><figure class=\"aligncenter size-large\"><img loading=\"lazy\" decoding=\"async\" width=\"500\" height=\"457\" src=\"https:\/\/www.ogrodnick.pl\/word\/wp-content\/uploads\/2020\/03\/platanus_occidentalis_konary500.jpg\" alt=\"\" class=\"wp-image-869\" srcset=\"https:\/\/www.ogrodnick.pl\/word\/wp-content\/uploads\/2020\/03\/platanus_occidentalis_konary500.jpg 500w, https:\/\/www.ogrodnick.pl\/word\/wp-content\/uploads\/2020\/03\/platanus_occidentalis_konary500-300x274.jpg 300w\" sizes=\"auto, (max-width: 500px) 100vw, 500px\" \/><\/figure><\/div>\n","protected":false},"excerpt":{"rendered":"<p>Platan zachodni, Sykomora&nbsp;(Platanus occidentalis)&nbsp;ro\u015bnie we wschodniej po\u0142owie Stan\u00f3w Zjednoczonych i na po\u0142udniu Kanady, nieliczne stanowiska mo\u017cna znale\u017a\u0107 w g\u00f3rach Meksyku. OPIS:&nbsp;&nbsp;&nbsp;Platan zachodni (po ameryka\u0144sku&nbsp;Sycamore) to najwi\u0119ksze drzewo li\u015bciaste w lasach USA. W m\u0142odo\u015bci platany zachodnie rosn\u0105 bardzo szybko w ka\u017cdych warunkach, rekordowe rozmiary osi\u0105gaj\u0105 na glebach \u017cyznych i wilgotnych: najwi\u0119ksze swobodnie rosn\u0105ce drzewo ma 330 [&hellip;]<\/p>\n","protected":false},"author":1,"featured_media":0,"parent":0,"menu_order":0,"comment_status":"closed","ping_status":"closed","template":"","meta":{"footnotes":""},"class_list":["post-471","page","type-page","status-publish","hentry"],"_links":{"self":[{"href":"https:\/\/www.ogrodnick.pl\/word\/wp-json\/wp\/v2\/pages\/471","targetHints":{"allow":["GET"]}}],"collection":[{"href":"https:\/\/www.ogrodnick.pl\/word\/wp-json\/wp\/v2\/pages"}],"about":[{"href":"https:\/\/www.ogrodnick.pl\/word\/wp-json\/wp\/v2\/types\/page"}],"author":[{"embeddable":true,"href":"https:\/\/www.ogrodnick.pl\/word\/wp-json\/wp\/v2\/users\/1"}],"replies":[{"embeddable":true,"href":"https:\/\/www.ogrodnick.pl\/word\/wp-json\/wp\/v2\/comments?post=471"}],"version-history":[{"count":2,"href":"https:\/\/www.ogrodnick.pl\/word\/wp-json\/wp\/v2\/pages\/471\/revisions"}],"predecessor-version":[{"id":1091,"href":"https:\/\/www.ogrodnick.pl\/word\/wp-json\/wp\/v2\/pages\/471\/revisions\/1091"}],"wp:attachment":[{"href":"https:\/\/www.ogrodnick.pl\/word\/wp-json\/wp\/v2\/media?parent=471"}],"curies":[{"name":"wp","href":"https:\/\/api.w.org\/{rel}","templated":true}]}}