{"id":457,"date":"2020-03-14T12:05:52","date_gmt":"2020-03-14T12:05:52","guid":{"rendered":"http:\/\/www.ogrodnick.pl\/word\/?page_id=457"},"modified":"2020-03-23T10:57:55","modified_gmt":"2020-03-23T10:57:55","slug":"zoltnica-pomaranczowa-maklura-maclura-pomifera-maclura-aurantiaca","status":"publish","type":"page","link":"https:\/\/www.ogrodnick.pl\/word\/zoltnica-pomaranczowa-maklura-maclura-pomifera-maclura-aurantiaca\/","title":{"rendered":"\u017b\u00f3\u0142tnica pomara\u0144czowa, maklura (Maclura pomifera, Maclura aurantiaca)"},"content":{"rendered":"\n<div class=\"wp-block-group alignfull\"><div class=\"wp-block-group__inner-container is-layout-flow wp-block-group-is-layout-flow\">\n<p>\u017b\u00f3\u0142tnica pomara\u0144czowa, maklura<em>&nbsp;(Maclura pomifera, Maclura aurantiaca)&nbsp;<\/em>do pocz\u0105tku XIX wieku ros\u0142a wy\u0142\u0105cznie w Teksasie i na po\u0142udniu stan\u00f3w Oklahoma i Arkansas.<\/p>\n<\/div><\/div>\n\n\n\n<div class=\"wp-block-columns alignfull is-layout-flex wp-container-core-columns-is-layout-9d6595d7 wp-block-columns-is-layout-flex\">\n<div class=\"wp-block-column is-layout-flow wp-block-column-is-layout-flow\">\n<p><strong>OPIS:<br><\/strong>&nbsp;&nbsp;&nbsp;W ojczy\u017anie \u017c\u00f3\u0142tnica wyrasta w niedu\u017ce drzewo, rzadko przekracza 10 metr\u00f3w wysoko\u015bci. Pozyskiwane z niej \u017c\u00f3\u0142te drewno, niezwykle twarde i spr\u0119\u017cyste, jest najdoskonalszym naturalnym materia\u0142em do budowy \u0142uk\u00f3w &#8211; st\u0105d jej ameryka\u0144ska nazwa&nbsp;<em>Bowwood<\/em>&nbsp;i francuska&nbsp;<em>Bois d&#8217;arc<\/em>.&nbsp;<br>&nbsp;&nbsp;&nbsp;Kiedy w po\u0142owie XIX wieku w USA nast\u0105pi\u0142 gwa\u0142towny rozw\u00f3j hodowli byd\u0142a powsta\u0142 problem p\u0142ot\u00f3w. Wielotysi\u0119czne stada nale\u017c\u0105ce do bogatych i wp\u0142ywowych hodowc\u00f3w niszczy\u0142y plantacje drobnych farmer\u00f3w. Ten polityczny(!) problem rozwi\u0105zano &#8211; cz\u0119\u015bciowo przynajmniej &#8211; z pomoc\u0105 maklury. Dzi\u0119ki cierniom i mocnemu drewnu okaza\u0142a si\u0119 ona by\u0107 doskona\u0142ym materia\u0142em na \u017cywop\u0142oty: &#8222;Horse high, bull strong and hog tight.&#8221; (Wysokie na konia, mocniejsze ni\u017c byk, takie, \u017ce wieprz si\u0119 nie przedrze) &#8211; tak reklamowali je sprzedawcy nasion. Wtedy \u017c\u00f3\u0142tnica rozpowszechni\u0142a si\u0119 praktycznie w ca\u0142ych Stanach Zjednoczonych. Przez kilka dziesi\u0119cioleci posadzono tysi\u0105ce kilometr\u00f3w \u017c\u00f3\u0142tnicowych \u017cywop\u0142ot\u00f3w &#8211; wtedy zacz\u0119to j\u0105 nazywa\u0107 &#8222;Hedge apple&#8221;, \u017cywop\u0142otowe jab\u0142ko. Boom trwa\u0142 dot\u0105d, a\u017c wynaleziono dobrej jako\u015bci drut kolczasty.<br>&nbsp;&nbsp;&nbsp;Jeszcze inne zastosowanie maj\u0105 podobne do pomara\u0144czy, osi\u0105gaj\u0105ce nawet 12 centymetr\u00f3w \u015brednicy owoce: dzi\u0119ki temu, \u017ce zawieraj\u0105 (wklejam uczon\u0105 nazw\u0119):&nbsp;<strong>2,3,4,5-tetrahydroxystilben<\/strong>&nbsp;s\u0105 doskona\u0142ym repelentem odstraszaj\u0105cym muchy, paj\u0105ki, karaluchy i inne owady. Podobno pozostawiony w naczyniu zgnieciony owoc zabezpiecza pomieszczenie przed owadzimi intruzami przez kilka tygodni!&nbsp;<br>&nbsp;&nbsp;&nbsp;\u017b\u00f3\u0142tnica jest dwupienna, owoce pojawiaj\u0105 si\u0119 tylko na egzemplarzach \u017ce\u0144skich, nawet na rosn\u0105cych samotnie. Je\u015bli kwiat nie zosta\u0142 zapylony, owoc z niego powsta\u0142y pozostanie zielony, b\u0119dzie bez nasion.<br>&nbsp;&nbsp;&nbsp; W ch\u0142odniejszych rejonach Polski maklura cz\u0119sto cierpi od mroz\u00f3w (doskonale potem regeneruje), ro\u015bnie krzewiasto i osi\u0105ga najwy\u017cej 4 metry wysoko\u015bci. W cieplejszych okolicach regularnie kwitnie i owocuje.<\/p>\n<\/div>\n\n\n\n<div class=\"wp-block-column is-layout-flow wp-block-column-is-layout-flow\">\n<div class=\"wp-block-image\"><figure class=\"aligncenter size-large\"><img loading=\"lazy\" decoding=\"async\" width=\"501\" height=\"630\" src=\"https:\/\/www.ogrodnick.pl\/word\/wp-content\/uploads\/2020\/03\/maclura_pomifera_drzewo.jpg\" alt=\"\" class=\"wp-image-816\" srcset=\"https:\/\/www.ogrodnick.pl\/word\/wp-content\/uploads\/2020\/03\/maclura_pomifera_drzewo.jpg 501w, https:\/\/www.ogrodnick.pl\/word\/wp-content\/uploads\/2020\/03\/maclura_pomifera_drzewo-239x300.jpg 239w\" sizes=\"auto, (max-width: 501px) 100vw, 501px\" \/><\/figure><\/div>\n<\/div>\n<\/div>\n\n\n\n<div class=\"wp-block-columns alignfull is-layout-flex wp-container-core-columns-is-layout-9d6595d7 wp-block-columns-is-layout-flex\">\n<div class=\"wp-block-column is-layout-flow wp-block-column-is-layout-flow\">\n<p><strong>UPRAWA:<\/strong><br>&nbsp;&nbsp;&nbsp;Mo\u017ce rosn\u0105\u0107 na praktycznie ka\u017cdej glebie, na stanowisku s\u0142onecznym. Doros\u0142e s\u0105 zupe\u0142nie odporne na mrozy, potrzebuj\u0105 jednak d\u0142ugiego okresu wegetacji. W zwi\u0105zku z tym, w ch\u0142odniejszych rejonach powinno si\u0119 maklury sadzi\u0107 na stanowiskach raczej suchych i niezbyt \u017cyznych &#8211; jesieni\u0105 szybciej zako\u0144cz\u0105 wzrost i zd\u0105\u017c\u0105 zdrewnie\u0107 przed zim\u0105.<br>&nbsp;&nbsp;&nbsp; Doskonale znosi ci\u0119cie &#8211; pi\u0119kne \u017cywop\u0142oty.<\/p>\n<\/div>\n\n\n\n<div class=\"wp-block-column is-layout-flow wp-block-column-is-layout-flow\">\n<div class=\"wp-block-image\"><figure class=\"aligncenter size-large\"><img loading=\"lazy\" decoding=\"async\" width=\"499\" height=\"359\" src=\"https:\/\/www.ogrodnick.pl\/word\/wp-content\/uploads\/2020\/03\/maclura_pomifera_kwiatki.jpg\" alt=\"\" class=\"wp-image-818\" srcset=\"https:\/\/www.ogrodnick.pl\/word\/wp-content\/uploads\/2020\/03\/maclura_pomifera_kwiatki.jpg 499w, https:\/\/www.ogrodnick.pl\/word\/wp-content\/uploads\/2020\/03\/maclura_pomifera_kwiatki-300x216.jpg 300w\" sizes=\"auto, (max-width: 499px) 100vw, 499px\" \/><\/figure><\/div>\n<\/div>\n<\/div>\n\n\n\n<div class=\"wp-block-columns alignfull is-layout-flex wp-container-core-columns-is-layout-9d6595d7 wp-block-columns-is-layout-flex\">\n<div class=\"wp-block-column is-layout-flow wp-block-column-is-layout-flow\">\n<div class=\"wp-block-image\"><figure class=\"aligncenter size-large\"><img loading=\"lazy\" decoding=\"async\" width=\"500\" height=\"429\" src=\"https:\/\/www.ogrodnick.pl\/word\/wp-content\/uploads\/2020\/03\/maclura_pomifera_owoc.jpg\" alt=\"\" class=\"wp-image-820\" srcset=\"https:\/\/www.ogrodnick.pl\/word\/wp-content\/uploads\/2020\/03\/maclura_pomifera_owoc.jpg 500w, https:\/\/www.ogrodnick.pl\/word\/wp-content\/uploads\/2020\/03\/maclura_pomifera_owoc-300x257.jpg 300w\" sizes=\"auto, (max-width: 500px) 100vw, 500px\" \/><\/figure><\/div>\n<\/div>\n\n\n\n<div class=\"wp-block-column is-layout-flow wp-block-column-is-layout-flow\">\n<div class=\"wp-block-image\"><figure class=\"aligncenter size-large\"><img loading=\"lazy\" decoding=\"async\" width=\"500\" height=\"357\" src=\"https:\/\/www.ogrodnick.pl\/word\/wp-content\/uploads\/2020\/03\/maclura_pomifera_opad.jpg\" alt=\"\" class=\"wp-image-819\" srcset=\"https:\/\/www.ogrodnick.pl\/word\/wp-content\/uploads\/2020\/03\/maclura_pomifera_opad.jpg 500w, https:\/\/www.ogrodnick.pl\/word\/wp-content\/uploads\/2020\/03\/maclura_pomifera_opad-300x214.jpg 300w\" sizes=\"auto, (max-width: 500px) 100vw, 500px\" \/><\/figure><\/div>\n<\/div>\n<\/div>\n\n\n\n<div class=\"wp-block-image\"><figure class=\"aligncenter size-large\"><img loading=\"lazy\" decoding=\"async\" width=\"499\" height=\"350\" src=\"https:\/\/www.ogrodnick.pl\/word\/wp-content\/uploads\/2020\/03\/maclura_pomifera_drzewo2.jpg\" alt=\"\" class=\"wp-image-817\" srcset=\"https:\/\/www.ogrodnick.pl\/word\/wp-content\/uploads\/2020\/03\/maclura_pomifera_drzewo2.jpg 499w, https:\/\/www.ogrodnick.pl\/word\/wp-content\/uploads\/2020\/03\/maclura_pomifera_drzewo2-300x210.jpg 300w\" sizes=\"auto, (max-width: 499px) 100vw, 499px\" \/><\/figure><\/div>\n","protected":false},"excerpt":{"rendered":"<p>\u017b\u00f3\u0142tnica pomara\u0144czowa, maklura&nbsp;(Maclura pomifera, Maclura aurantiaca)&nbsp;do pocz\u0105tku XIX wieku ros\u0142a wy\u0142\u0105cznie w Teksasie i na po\u0142udniu stan\u00f3w Oklahoma i Arkansas. OPIS:&nbsp;&nbsp;&nbsp;W ojczy\u017anie \u017c\u00f3\u0142tnica wyrasta w niedu\u017ce drzewo, rzadko przekracza 10 metr\u00f3w wysoko\u015bci. Pozyskiwane z niej \u017c\u00f3\u0142te drewno, niezwykle twarde i spr\u0119\u017cyste, jest najdoskonalszym naturalnym materia\u0142em do budowy \u0142uk\u00f3w &#8211; st\u0105d jej ameryka\u0144ska nazwa&nbsp;Bowwood&nbsp;i francuska&nbsp;Bois d&#8217;arc.&nbsp;&nbsp;&nbsp;&nbsp;Kiedy [&hellip;]<\/p>\n","protected":false},"author":1,"featured_media":0,"parent":0,"menu_order":0,"comment_status":"closed","ping_status":"closed","template":"","meta":{"footnotes":""},"class_list":["post-457","page","type-page","status-publish","hentry"],"_links":{"self":[{"href":"https:\/\/www.ogrodnick.pl\/word\/wp-json\/wp\/v2\/pages\/457","targetHints":{"allow":["GET"]}}],"collection":[{"href":"https:\/\/www.ogrodnick.pl\/word\/wp-json\/wp\/v2\/pages"}],"about":[{"href":"https:\/\/www.ogrodnick.pl\/word\/wp-json\/wp\/v2\/types\/page"}],"author":[{"embeddable":true,"href":"https:\/\/www.ogrodnick.pl\/word\/wp-json\/wp\/v2\/users\/1"}],"replies":[{"embeddable":true,"href":"https:\/\/www.ogrodnick.pl\/word\/wp-json\/wp\/v2\/comments?post=457"}],"version-history":[{"count":2,"href":"https:\/\/www.ogrodnick.pl\/word\/wp-json\/wp\/v2\/pages\/457\/revisions"}],"predecessor-version":[{"id":1116,"href":"https:\/\/www.ogrodnick.pl\/word\/wp-json\/wp\/v2\/pages\/457\/revisions\/1116"}],"wp:attachment":[{"href":"https:\/\/www.ogrodnick.pl\/word\/wp-json\/wp\/v2\/media?parent=457"}],"curies":[{"name":"wp","href":"https:\/\/api.w.org\/{rel}","templated":true}]}}