{"id":453,"date":"2020-03-14T12:13:24","date_gmt":"2020-03-14T12:13:24","guid":{"rendered":"http:\/\/www.ogrodnick.pl\/word\/?page_id=453"},"modified":"2020-03-21T11:59:22","modified_gmt":"2020-03-21T11:59:22","slug":"kwasnodrzew-konwaliowy-k-amerykanski-oxydendrum-arboreum","status":"publish","type":"page","link":"https:\/\/www.ogrodnick.pl\/word\/kwasnodrzew-konwaliowy-k-amerykanski-oxydendrum-arboreum\/","title":{"rendered":"Kwa\u015bnodrzew konwaliowy (K. ameryka\u0144ski) (Oxydendrum arboreum)"},"content":{"rendered":"\n<div class=\"wp-block-group alignfull\"><div class=\"wp-block-group__inner-container is-layout-flow wp-block-group-is-layout-flow\">\n<p>Kwa\u015bnodrzew konwaliowy (K. ameryka\u0144ski)&nbsp;<em>(Oxydendrum arboreum)<\/em>&nbsp; pochodzi Ameryki p\u00f3\u0142nocnej. Ro\u015bnie przede wszystkim w Apallachach, g\u00f3rach w po\u0142udniowo-wschodniej cz\u0119\u015bci USA.<\/p>\n<\/div><\/div>\n\n\n\n<div class=\"wp-block-columns alignfull is-layout-flex wp-container-core-columns-is-layout-9d6595d7 wp-block-columns-is-layout-flex\">\n<div class=\"wp-block-column is-layout-flow wp-block-column-is-layout-flow\">\n<p><strong>OPIS:<\/strong><br>&nbsp;&nbsp;&nbsp;Kwa\u015bnodrzewy (b\u0119d\u0119 pisa\u0107 kr\u00f3tko, nie ma innych kwa\u015bnodrzew\u00f3w) posadzone w Polsce na stanowiskach s\u0142onecznych b\u0119d\u0105 wysokimi krzewami lub wyrosn\u0105 w kilkumetrowe drzewka ze sto\u017ckowat\u0105, p\u00f3\u017aniej zaokr\u0105glon\u0105 koron\u0105. W ojczy\u017anie, na wilgotnych i \u017cyznych glebach w podszycie wysokich las\u00f3w osi\u0105gaj\u0105 kilkana\u015bcie metr\u00f3w wysoko\u015bci i 20-30 cm. \u015brednicy pnia, maj\u0105 lu\u017an\u0105 i w\u0105sk\u0105 koron\u0119.&nbsp;<\/p>\n\n\n\n<p>&nbsp;&nbsp;&nbsp;Polska nazwa &#8222;kwa\u015bnodrzew&#8221; jest t\u0142umaczeniem angielskiej&nbsp;<em>Sourwood<\/em>, kwa\u015bne drzewo. Amerykanie nazywaj\u0105 kwa\u015bnodrzewa r\u00f3wnie\u017c&nbsp;<em>Sorrel Tree<\/em>&nbsp;czyli &#8222;drzewo szczawiowe&#8221; &#8211; to w\u0142a\u015bnie kwas szczawiowy nadaje li\u015bciom i m\u0142odym p\u0119dom przyjemny, kwaskowy smak.&nbsp;<br>&nbsp;&nbsp;&nbsp;Inna angielska nazwa to&nbsp;<em>Lilly of The Walley Tree<\/em>&nbsp;czyli &#8222;drzewo konwaliowe&#8221;. Oko\u0142o o\u015bmiomilimetrowe kwiatki bardzo przypominaj\u0105 kwiaty konwalii skupione s\u0105 na ko\u0144cach p\u0119d\u00f3w, tworz\u0105 ponad 20-centymetrowe, rozga\u0142\u0119zione kwiatostany.<\/p>\n\n\n\n<p>&nbsp;&nbsp;&nbsp; Kwitn\u0105ce bardzo obficie w drugiej po\u0142owie lata (lipciec i sierpie\u0144) kwa\u015bnodrzewy s\u0105 baaaardzo cenione przez ameryka\u0144skich pszczelarzy, nie tylko z powodu niezwyk\u0142ej pory kwitnienia. Mi\u00f3d z nich pozyskany powszechnie uwa\u017cany jest za najsmaczniejszy ze wszystkich: sprzedawany jest blisko dwa razy dro\u017cej ni\u017c inne ameryka\u0144skie miody. Wysokie ceny i ograniczona poda\u017c (coraz mniej jest kwa\u015bnodrzewowych las\u00f3w, obfite nektarowanie zdarza si\u0119 co kilka lat) powoduj\u0105, \u017ce ten mi\u00f3d jest bardzo cz\u0119sto fa\u0142szowany. Statystyki wykazywa\u0142y, \u017ce w stanie P\u00f3\u0142nocna Karolina sprzedawano go znacznie wi\u0119cej ni\u017c produkowano! Z powodu oszustw przy okazji handlu miodem kwa\u015bnodrzewowym Zwi\u0105zek Pszczelarzy P\u00f3\u0142nocnej Karoliny przeforsowa\u0142 w 2010 roku wprowadzenie norm jako\u015bci miodu i regu\u0142 nadawania nazw r\u00f3\u017cnym jego rodzajom. (Przy okazji: ciekawe, kiedy takie prawo zacznie dzia\u0142a\u0107 w naszym Kraju? Cz\u0119sto bywa, \u017ce to, co kupujemy w sklepach jako mi\u00f3d wcale nie zas\u0142uguje na t\u0119 nazw\u0119&#8230;)&nbsp;<br>&nbsp;&nbsp;&nbsp;Wi\u0119cej o miodzie np. tutaj:<strong>&nbsp;http:\/\/www.honeytraveler.com\/single-flower-honey\/sourwood-honey\/<\/strong><\/p>\n\n\n\n<p>&nbsp;&nbsp;&nbsp;O walorach ozdobnych pisa\u0107 du\u017co nie b\u0119d\u0119, jedno zdj\u0119cie podobno znaczy wi\u0119cej ni\u017c tysi\u0105c s\u0142\u00f3w. Li\u015bcie kwa\u015bnodrzewu latem s\u0105 ciemnozielone, maj\u0105 15-20-centymetr\u00f3w d\u0142ugo\u015bci i przypominaj\u0105 li\u015bcie brzoskwini. W lipcu i sierpniu na tle b\u0142yszcz\u0105cych li\u015bci pi\u0119knie prezentuj\u0105 si\u0119 bia\u0142e, pachn\u0105ce kwiatki zebrane w okaza\u0142e kwiatostany. Najefektowniej, najbardziej niezwykle wygl\u0105daj\u0105 kwa\u015bnodrzewy jesieni\u0105. Wtedy z jaskrawo przebarwionymi li\u015b\u0107mi (na purpurowo i czerwono, czasem bywaj\u0105 fioletowe lub r\u00f3\u017cowe) wspaniale kontrastuj\u0105 pocz\u0105tkowo zielone potem bia\u0142e owoce &#8211; kapsu\u0142ki z niezwykle drobnymi nasionami (w jednym gramie jest ich oko\u0142o 10-15 tysi\u0119cy).<\/p>\n\n\n\n<p>   Kwa\u015bnodrzewy lubiane s\u0105 chyba przez wszystkich opr\u00f3cz w\u0142a\u015bcicieli wielkich las\u00f3w. Jako, \u017ce rosn\u0105 wolno i nie osi\u0105gaj\u0105 du\u017cych rozmiar\u00f3w, szanse maj\u0105 tylko w rywalizacji z jeszcze wolniej rosn\u0105cymi d\u0119bami i orzesznikami. Drewno kwa\u015bnodrzew\u00f3w ma warto\u015b\u0107 handlow\u0105 prawie \u017cadn\u0105, d\u0119by i orzeszniki s\u0105 uwa\u017cane za najcenniejsze &#8211; ameryka\u0144scy le\u015bniczy cz\u0119sto zwalczaj\u0105 kwa\u015bnodrzewy przy pomocy herbicyd\u00f3w, obszar naturalnego wyst\u0119powania tych pi\u0119knych drzew szybko si\u0119 w ostatnich dziesi\u0119cioleciach kurczy.<\/p>\n<\/div>\n\n\n\n<div class=\"wp-block-column is-layout-flow wp-block-column-is-layout-flow\">\n<div class=\"wp-block-image\"><figure class=\"aligncenter size-large\"><img loading=\"lazy\" decoding=\"async\" width=\"500\" height=\"749\" src=\"https:\/\/www.ogrodnick.pl\/word\/wp-content\/uploads\/2020\/03\/oxydendrum_kwitnacy500.jpg\" alt=\"\" class=\"wp-image-840\" srcset=\"https:\/\/www.ogrodnick.pl\/word\/wp-content\/uploads\/2020\/03\/oxydendrum_kwitnacy500.jpg 500w, https:\/\/www.ogrodnick.pl\/word\/wp-content\/uploads\/2020\/03\/oxydendrum_kwitnacy500-200x300.jpg 200w\" sizes=\"auto, (max-width: 500px) 100vw, 500px\" \/><\/figure><\/div>\n<\/div>\n<\/div>\n\n\n\n<div class=\"wp-block-columns alignfull is-layout-flex wp-container-core-columns-is-layout-9d6595d7 wp-block-columns-is-layout-flex\">\n<div class=\"wp-block-column is-layout-flow wp-block-column-is-layout-flow\">\n<p><strong>UPRAWA:<\/strong>&nbsp;<br>&nbsp;&nbsp;&nbsp;Kilkuletnie kwa\u015bnodrzewy s\u0105 odporne na mrozy, mog\u0105 je tylko uszkadza\u0107 p\u00f3\u017ane przymrozki. M\u0142ode s\u0105 nieco wra\u017cliwe &#8211; w rejonach Polski o surowszym klimacie wskazane jest zabezpieczanie.&nbsp;<br>&nbsp;&nbsp;&nbsp;Stanowisko powinno by\u0107 s\u0142oneczne, wtedy kwa\u015bnodrzewy najobficiej kwitn\u0105 i najpi\u0119kniej przebarwiaj\u0105 si\u0119 jesieni\u0105.&nbsp;<br>&nbsp;&nbsp;&nbsp;Kwa\u015bnodrzewy nie lubi\u0105 gleb wapiennych i gliniastych. Najlepiej rosn\u0105 na nieco wilgotnych glebach przepuszczalnych, wolniej ale zdrowo rosn\u0105 r\u00f3wnie\u017c na suchych i ubogich.<\/p>\n<\/div>\n\n\n\n<div class=\"wp-block-column is-layout-flow wp-block-column-is-layout-flow\">\n<div class=\"wp-block-image\"><figure class=\"aligncenter size-large\"><img loading=\"lazy\" decoding=\"async\" width=\"500\" height=\"559\" src=\"https:\/\/www.ogrodnick.pl\/word\/wp-content\/uploads\/2020\/03\/oxydendrum_jesien500.jpg\" alt=\"\" class=\"wp-image-838\" srcset=\"https:\/\/www.ogrodnick.pl\/word\/wp-content\/uploads\/2020\/03\/oxydendrum_jesien500.jpg 500w, https:\/\/www.ogrodnick.pl\/word\/wp-content\/uploads\/2020\/03\/oxydendrum_jesien500-268x300.jpg 268w\" sizes=\"auto, (max-width: 500px) 100vw, 500px\" \/><\/figure><\/div>\n<\/div>\n<\/div>\n\n\n\n<div class=\"wp-block-columns alignfull is-layout-flex wp-container-core-columns-is-layout-9d6595d7 wp-block-columns-is-layout-flex\">\n<div class=\"wp-block-column is-layout-flow wp-block-column-is-layout-flow\">\n<div class=\"wp-block-image\"><figure class=\"aligncenter size-large\"><img loading=\"lazy\" decoding=\"async\" width=\"500\" height=\"455\" src=\"https:\/\/www.ogrodnick.pl\/word\/wp-content\/uploads\/2020\/03\/oxydendrum_kwiatki500.jpg\" alt=\"\" class=\"wp-image-839\" srcset=\"https:\/\/www.ogrodnick.pl\/word\/wp-content\/uploads\/2020\/03\/oxydendrum_kwiatki500.jpg 500w, https:\/\/www.ogrodnick.pl\/word\/wp-content\/uploads\/2020\/03\/oxydendrum_kwiatki500-300x273.jpg 300w\" sizes=\"auto, (max-width: 500px) 100vw, 500px\" \/><\/figure><\/div>\n<\/div>\n\n\n\n<div class=\"wp-block-column is-layout-flow wp-block-column-is-layout-flow\">\n<div class=\"wp-block-image\"><figure class=\"aligncenter size-large\"><img loading=\"lazy\" decoding=\"async\" width=\"500\" height=\"378\" src=\"https:\/\/www.ogrodnick.pl\/word\/wp-content\/uploads\/2020\/03\/oxydendrum_owoce_jesien500.jpg\" alt=\"\" class=\"wp-image-842\" srcset=\"https:\/\/www.ogrodnick.pl\/word\/wp-content\/uploads\/2020\/03\/oxydendrum_owoce_jesien500.jpg 500w, https:\/\/www.ogrodnick.pl\/word\/wp-content\/uploads\/2020\/03\/oxydendrum_owoce_jesien500-300x227.jpg 300w\" sizes=\"auto, (max-width: 500px) 100vw, 500px\" \/><\/figure><\/div>\n<\/div>\n<\/div>\n","protected":false},"excerpt":{"rendered":"<p>Kwa\u015bnodrzew konwaliowy (K. ameryka\u0144ski)&nbsp;(Oxydendrum arboreum)&nbsp; pochodzi Ameryki p\u00f3\u0142nocnej. Ro\u015bnie przede wszystkim w Apallachach, g\u00f3rach w po\u0142udniowo-wschodniej cz\u0119\u015bci USA. OPIS:&nbsp;&nbsp;&nbsp;Kwa\u015bnodrzewy (b\u0119d\u0119 pisa\u0107 kr\u00f3tko, nie ma innych kwa\u015bnodrzew\u00f3w) posadzone w Polsce na stanowiskach s\u0142onecznych b\u0119d\u0105 wysokimi krzewami lub wyrosn\u0105 w kilkumetrowe drzewka ze sto\u017ckowat\u0105, p\u00f3\u017aniej zaokr\u0105glon\u0105 koron\u0105. W ojczy\u017anie, na wilgotnych i \u017cyznych glebach w podszycie wysokich [&hellip;]<\/p>\n","protected":false},"author":1,"featured_media":0,"parent":0,"menu_order":0,"comment_status":"closed","ping_status":"closed","template":"","meta":{"footnotes":""},"class_list":["post-453","page","type-page","status-publish","hentry"],"_links":{"self":[{"href":"https:\/\/www.ogrodnick.pl\/word\/wp-json\/wp\/v2\/pages\/453","targetHints":{"allow":["GET"]}}],"collection":[{"href":"https:\/\/www.ogrodnick.pl\/word\/wp-json\/wp\/v2\/pages"}],"about":[{"href":"https:\/\/www.ogrodnick.pl\/word\/wp-json\/wp\/v2\/types\/page"}],"author":[{"embeddable":true,"href":"https:\/\/www.ogrodnick.pl\/word\/wp-json\/wp\/v2\/users\/1"}],"replies":[{"embeddable":true,"href":"https:\/\/www.ogrodnick.pl\/word\/wp-json\/wp\/v2\/comments?post=453"}],"version-history":[{"count":3,"href":"https:\/\/www.ogrodnick.pl\/word\/wp-json\/wp\/v2\/pages\/453\/revisions"}],"predecessor-version":[{"id":1063,"href":"https:\/\/www.ogrodnick.pl\/word\/wp-json\/wp\/v2\/pages\/453\/revisions\/1063"}],"wp:attachment":[{"href":"https:\/\/www.ogrodnick.pl\/word\/wp-json\/wp\/v2\/media?parent=453"}],"curies":[{"name":"wp","href":"https:\/\/api.w.org\/{rel}","templated":true}]}}