{"id":439,"date":"2020-03-14T11:48:25","date_gmt":"2020-03-14T11:48:25","guid":{"rendered":"http:\/\/www.ogrodnick.pl\/word\/?page_id=439"},"modified":"2020-03-20T13:01:10","modified_gmt":"2020-03-20T13:01:10","slug":"hortensja-miekkowlosa-hydrangea-heteromalla","status":"publish","type":"page","link":"https:\/\/www.ogrodnick.pl\/word\/hortensja-miekkowlosa-hydrangea-heteromalla\/","title":{"rendered":"Hortensja mi\u0119kkow\u0142osa (Hydrangea heteromalla)"},"content":{"rendered":"\n<div class=\"wp-block-group alignfull\"><div class=\"wp-block-group__inner-container is-layout-flow wp-block-group-is-layout-flow\">\n<p>Hortensja mi\u0119kkow\u0142osa&nbsp;(<em>Hydrangea heteromalla,&nbsp;<\/em>czasem&nbsp;<em>Hydrangea xanthoneura lub H. dumicola<\/em>)&nbsp;ro\u015bnie w Himalajach, w Tybecie i w p\u00f3\u0142nocno-wschodniej cz\u0119\u015bci Chin.<\/p>\n<\/div><\/div>\n\n\n\n<div class=\"wp-block-columns alignfull is-layout-flex wp-container-core-columns-is-layout-9d6595d7 wp-block-columns-is-layout-flex\">\n<div class=\"wp-block-column is-layout-flow wp-block-column-is-layout-flow\">\n<p><strong>OPIS:<\/strong><br>&nbsp;&nbsp;&nbsp;Bardzo rzadka w Polsce, chocia\u017c ro\u015bliny nazywane &#8222;Hortensja mi\u0119kkow\u0142osa&#8221; spotka\u0107 mo\u017cna w ofertach wielu sprzedawc\u00f3w. Najcz\u0119\u015bciej opatruj\u0105 t\u0105 nazw\u0105 pi\u0119kn\u0105 ale wra\u017cliw\u0105&nbsp;<em>Hydrangea aspera<\/em>&nbsp;(kt\u00f3rej prawid\u0142owa polska nazwa brzmi hortensja kosmata).&nbsp;<br>&nbsp;&nbsp;&nbsp;Prawdziwa hortensja mi\u0119kkow\u0142osa jest w ojczy\u017anie wysokim krzewem lub nawet 7-metrowym drzewkiem, w Polsce osi\u0105ga ponad 5 metr\u00f3w wysoko\u015bci.&nbsp;<br>&nbsp;&nbsp;&nbsp;Najefektowniej, wspaniale, wygl\u0105daj\u0105 hortensje mi\u0119kkow\u0142ose podczas kwitnienia, od czerwca do sierpnia. Liczne, nawet 20-centymetrowej \u015brednicy, kwiatostany z\u0142o\u017cone s\u0105 z kwiatk\u00f3w dwojakiego rodzaju: niepozornych kwiatk\u00f3w p\u0142odnych i okaza\u0142ych kwiatk\u00f3w p\u0142onnych o \u015brednicy 3-4 centymetr\u00f3w. P\u0142atki w momencie rozwijania s\u0105 zielonkawe, nast\u0119pnie przez kilka tygodni \u015bnie\u017cnobia\u0142e, wreszcie staj\u0105 si\u0119 czerwonawe.&nbsp;<br>&nbsp;&nbsp;&nbsp;Odmiana hortensji mi\u0119kkow\u0142osej jak\u0105 pa\u0144stwu oferuj\u0119 nazywa si\u0119&nbsp;<em>Hydrangea heteromalla<\/em>&nbsp;'Bretschneideri&#8217;, po polsku hortensja mi\u0119kkow\u0142osa odmiana Bretschneidera. Pochodzi z g\u00f3r w okolicy Pekinu, wyr\u00f3\u017cnia si\u0119 wi\u0119ksz\u0105 odporno\u015bci\u0105, rozpozna\u0107 j\u0105 mo\u017cna po \u0142uszcz\u0105cej si\u0119 papierzasto korze. Stwierdzi\u0142em u tych hortensji istotn\u0105 cech\u0119, o kt\u00f3rej nie spotka\u0142em \u017cadnej wzmianki w dost\u0119pnych \u017ar\u00f3d\u0142ach: wyst\u0119puj\u0105 w dw\u00f3ch odmianach r\u00f3\u017cni\u0105cych si\u0119 bardzo kszta\u0142tem li\u015bci i kwiatostan\u00f3w. Pierwsza ma li\u015bcie &#8222;normalne&#8221;, z\u0105bkowane i zaostrzone na wierzcho\u0142ku oraz p\u0142askie kwiatostany z kwiatami p\u0142onnymi regularnie rozmieszczonymi w p\u0142askich baldachach, zwykle przede wszystkim na brzegach. Drugi typ ma li\u015bcie zaokr\u0105glone, bez ostrego wierzcho\u0142ka i kwiatostany nieco wyd\u0142u\u017cone z kwiatami p\u0142onymi roz\u0142o\u017conymi nieregularnie.<\/p>\n<\/div>\n\n\n\n<div class=\"wp-block-column is-layout-flow wp-block-column-is-layout-flow\">\n<div class=\"wp-block-image\"><figure class=\"aligncenter size-large\"><img loading=\"lazy\" decoding=\"async\" width=\"500\" height=\"613\" src=\"https:\/\/www.ogrodnick.pl\/word\/wp-content\/uploads\/2020\/03\/hydrangea_heteromalla_duza.jpg\" alt=\"\" class=\"wp-image-777\" srcset=\"https:\/\/www.ogrodnick.pl\/word\/wp-content\/uploads\/2020\/03\/hydrangea_heteromalla_duza.jpg 500w, https:\/\/www.ogrodnick.pl\/word\/wp-content\/uploads\/2020\/03\/hydrangea_heteromalla_duza-245x300.jpg 245w\" sizes=\"auto, (max-width: 500px) 100vw, 500px\" \/><\/figure><\/div>\n<\/div>\n<\/div>\n\n\n\n<div class=\"wp-block-columns alignfull is-layout-flex wp-container-core-columns-is-layout-9d6595d7 wp-block-columns-is-layout-flex\">\n<div class=\"wp-block-column is-layout-flow wp-block-column-is-layout-flow\">\n<p><strong>UPRAWA:<\/strong>&nbsp;<br>&nbsp;&nbsp;&nbsp;Wbrew powszechnie panuj\u0105cej opinii hortensje nie musz\u0105 mie\u0107 bardzo kwa\u015bnej ziemi. Owszem, znios\u0105 tak\u0105, ale najlepiej rosn\u0105 na glebach o odczynie zbli\u017conym do oboj\u0119tnego. Hortensja mi\u0119kkow\u0142osa jest bardziej ni\u017c inne tolerancyjna, zdrowo ro\u015bnie nawet na glebach wapiennych, r\u00f3wnie\u017c lepiej ni\u017c inne hortensje znosi susz\u0119.&nbsp;<br>&nbsp;&nbsp;&nbsp;Polskie zimy znosi dobrze, podmarza tylko podczas bardzo surowych. Czasami, niestety, cierpi od p\u00f3\u017anych przymrozk\u00f3w.&nbsp;<br>&nbsp;&nbsp;&nbsp;Bardzo dobrze ro\u015bnie w cieniu, ale najobficiej kwitnie posadzona na stanowisku s\u0142onecznym.<\/p>\n<\/div>\n\n\n\n<div class=\"wp-block-column is-layout-flow wp-block-column-is-layout-flow\">\n<div class=\"wp-block-image\"><figure class=\"aligncenter size-large\"><img loading=\"lazy\" decoding=\"async\" width=\"500\" height=\"501\" src=\"https:\/\/www.ogrodnick.pl\/word\/wp-content\/uploads\/2020\/03\/hydrangea_heteromalla_kwiatostan2.jpg\" alt=\"\" class=\"wp-image-780\" srcset=\"https:\/\/www.ogrodnick.pl\/word\/wp-content\/uploads\/2020\/03\/hydrangea_heteromalla_kwiatostan2.jpg 500w, https:\/\/www.ogrodnick.pl\/word\/wp-content\/uploads\/2020\/03\/hydrangea_heteromalla_kwiatostan2-300x300.jpg 300w, https:\/\/www.ogrodnick.pl\/word\/wp-content\/uploads\/2020\/03\/hydrangea_heteromalla_kwiatostan2-150x150.jpg 150w\" sizes=\"auto, (max-width: 500px) 100vw, 500px\" \/><\/figure><\/div>\n<\/div>\n<\/div>\n\n\n\n<div class=\"wp-block-image\"><figure class=\"aligncenter size-large\"><img loading=\"lazy\" decoding=\"async\" width=\"500\" height=\"353\" src=\"https:\/\/www.ogrodnick.pl\/word\/wp-content\/uploads\/2020\/03\/hydrangea_heteromalla_odmiany.jpg\" alt=\"\" class=\"wp-image-783\" srcset=\"https:\/\/www.ogrodnick.pl\/word\/wp-content\/uploads\/2020\/03\/hydrangea_heteromalla_odmiany.jpg 500w, https:\/\/www.ogrodnick.pl\/word\/wp-content\/uploads\/2020\/03\/hydrangea_heteromalla_odmiany-300x212.jpg 300w\" sizes=\"auto, (max-width: 500px) 100vw, 500px\" \/><\/figure><\/div>\n","protected":false},"excerpt":{"rendered":"<p>Hortensja mi\u0119kkow\u0142osa&nbsp;(Hydrangea heteromalla,&nbsp;czasem&nbsp;Hydrangea xanthoneura lub H. dumicola)&nbsp;ro\u015bnie w Himalajach, w Tybecie i w p\u00f3\u0142nocno-wschodniej cz\u0119\u015bci Chin. OPIS:&nbsp;&nbsp;&nbsp;Bardzo rzadka w Polsce, chocia\u017c ro\u015bliny nazywane &#8222;Hortensja mi\u0119kkow\u0142osa&#8221; spotka\u0107 mo\u017cna w ofertach wielu sprzedawc\u00f3w. Najcz\u0119\u015bciej opatruj\u0105 t\u0105 nazw\u0105 pi\u0119kn\u0105 ale wra\u017cliw\u0105&nbsp;Hydrangea aspera&nbsp;(kt\u00f3rej prawid\u0142owa polska nazwa brzmi hortensja kosmata).&nbsp;&nbsp;&nbsp;&nbsp;Prawdziwa hortensja mi\u0119kkow\u0142osa jest w ojczy\u017anie wysokim krzewem lub nawet 7-metrowym [&hellip;]<\/p>\n","protected":false},"author":1,"featured_media":0,"parent":0,"menu_order":0,"comment_status":"closed","ping_status":"closed","template":"","meta":{"footnotes":""},"class_list":["post-439","page","type-page","status-publish","hentry"],"_links":{"self":[{"href":"https:\/\/www.ogrodnick.pl\/word\/wp-json\/wp\/v2\/pages\/439","targetHints":{"allow":["GET"]}}],"collection":[{"href":"https:\/\/www.ogrodnick.pl\/word\/wp-json\/wp\/v2\/pages"}],"about":[{"href":"https:\/\/www.ogrodnick.pl\/word\/wp-json\/wp\/v2\/types\/page"}],"author":[{"embeddable":true,"href":"https:\/\/www.ogrodnick.pl\/word\/wp-json\/wp\/v2\/users\/1"}],"replies":[{"embeddable":true,"href":"https:\/\/www.ogrodnick.pl\/word\/wp-json\/wp\/v2\/comments?post=439"}],"version-history":[{"count":2,"href":"https:\/\/www.ogrodnick.pl\/word\/wp-json\/wp\/v2\/pages\/439\/revisions"}],"predecessor-version":[{"id":1044,"href":"https:\/\/www.ogrodnick.pl\/word\/wp-json\/wp\/v2\/pages\/439\/revisions\/1044"}],"wp:attachment":[{"href":"https:\/\/www.ogrodnick.pl\/word\/wp-json\/wp\/v2\/media?parent=439"}],"curies":[{"name":"wp","href":"https:\/\/api.w.org\/{rel}","templated":true}]}}