{"id":437,"date":"2020-03-14T11:53:09","date_gmt":"2020-03-14T11:53:09","guid":{"rendered":"http:\/\/www.ogrodnick.pl\/word\/?page_id=437"},"modified":"2020-03-21T14:47:18","modified_gmt":"2020-03-21T14:47:18","slug":"orzech-sercowaty-juglans-cordiformis","status":"publish","type":"page","link":"https:\/\/www.ogrodnick.pl\/word\/orzech-sercowaty-juglans-cordiformis\/","title":{"rendered":"Orzech sercowaty (Juglans cordiformis)"},"content":{"rendered":"\n<div class=\"wp-block-group alignfull\"><div class=\"wp-block-group__inner-container is-layout-flow wp-block-group-is-layout-flow\">\n<p>Orzech sercowaty&nbsp;<em>(Juglans sachalinensis var. cordiformis<\/em>&nbsp;lub inaczej&nbsp;<em>Juglans cordiformis, J. sieboldiana var. cordiformis, Juglans ailantifolia var. cordiformis<\/em>&nbsp;&nbsp;jest uprawian\u0105 w Japonii owocow\u0105 odmian\u0105 orzecha ajlantolistnego (japo\u0144skiego).<\/p>\n<\/div><\/div>\n\n\n\n<div class=\"wp-block-columns alignfull is-layout-flex wp-container-core-columns-is-layout-9d6595d7 wp-block-columns-is-layout-flex\">\n<div class=\"wp-block-column is-layout-flow wp-block-column-is-layout-flow\">\n<p><strong>OPIS:<br><\/strong>&nbsp;&nbsp;&nbsp;Orzech sercowaty ma wszystkie walory typowego orzecha ailantolistnego &#8211; szybki wzrost, wspania\u0142e nawet metrowej d\u0142ugo\u015bci li\u015bcie, owoce zebrane zwykle po 6-15 sztuk (czasem nawet wi\u0119cej). Na dodatek jego 3-centymetrowe orzechy sercowatego kszta\u0142tu maj\u0105 cienk\u0105, \u0142atw\u0105 do rozkruszenia skorup\u0119 a ich mi\u0105\u017csz uwa\u017cany jest za najsmaczniejszy ze wszystkich orzech\u00f3w. Jest wyra\u017anie s\u0142odki, zupe\u0142nie pozbawiony przykrej goryczy w\u0142a\u015bciwej np. orzechom w\u0142oskim.&nbsp;<br>W Japonii i wschodniej Azji uprawianych jest wiele kultywar\u00f3w (odmian uprawnych) tej odmiany, w Ameryce wyhodowano wiele cennych odmian krzy\u017cuj\u0105c orzechy sercowate z ameryka\u0144skimi orzechami szarymi&nbsp;<em>Juglans cinerea<\/em>. O sadach orzechowych w Kanadzie mo\u017cna poczyta\u0107 tutaj:&nbsp;<strong>http:\/\/www.songonline.ca\/nuts\/heartnut.htm<\/strong><br>&nbsp;&nbsp;&nbsp;W m\u0142odo\u015bci orzechy sercowate rosn\u0105 bardzo szybko, zaczynaj\u0105 owocowa\u0107 w wieku 4-7 lat gdy maj\u0105 2-3 metry wysoko\u015bci. Rosn\u0105ce na stanowiskach s\u0142onecznych b\u0119d\u0105 po latach kilkunastometrowymi drzewami z zaokr\u0105glon\u0105, lu\u017an\u0105 koron\u0105.&nbsp;<br>Li\u015bcie nawet metr d\u0142ugie z\u0142o\u017cone z 11-17 listk\u00f3w jesieni\u0105 pi\u0119knie przebarwiaj\u0105 si\u0119 na \u017c\u00f3\u0142to.&nbsp;<br>Bardzo efektownie wygl\u0105daj\u0105 drzewa podczas kwitnienia w maju &#8211; czerwone kwiatki \u017ce\u0144skie na ko\u0144cach p\u0119d\u00f3w i kwiatki m\u0119skie zebrane s\u0105 w kotki oko\u0142o 20-centymetrowej d\u0142ugo\u015bci.<\/p>\n<\/div>\n\n\n\n<div class=\"wp-block-column is-layout-flow wp-block-column-is-layout-flow\">\n<div class=\"wp-block-image\"><figure class=\"aligncenter size-large\"><img loading=\"lazy\" decoding=\"async\" width=\"500\" height=\"581\" src=\"https:\/\/www.ogrodnick.pl\/word\/wp-content\/uploads\/2020\/03\/juglans.sieboldiana_cordiformis_drzewo500.jpg\" alt=\"\" class=\"wp-image-785\" srcset=\"https:\/\/www.ogrodnick.pl\/word\/wp-content\/uploads\/2020\/03\/juglans.sieboldiana_cordiformis_drzewo500.jpg 500w, https:\/\/www.ogrodnick.pl\/word\/wp-content\/uploads\/2020\/03\/juglans.sieboldiana_cordiformis_drzewo500-258x300.jpg 258w\" sizes=\"auto, (max-width: 500px) 100vw, 500px\" \/><\/figure><\/div>\n<\/div>\n<\/div>\n\n\n\n<div class=\"wp-block-columns alignfull is-layout-flex wp-container-core-columns-is-layout-9d6595d7 wp-block-columns-is-layout-flex\">\n<div class=\"wp-block-column is-layout-flow wp-block-column-is-layout-flow\">\n<p><strong>UPRAWA:<br><\/strong>&nbsp;&nbsp;&nbsp;Orzechy sercowate s\u0105 zupe\u0142nie odporne na mrozy w ca\u0142ej Polsce. Mog\u0105 rosn\u0105\u0107 na niemal ka\u017cdej glebie &#8211; s\u0142abiej rosn\u0105 na glebach suchych i ja\u0142owych oraz bardzo kwa\u015bnych. .&nbsp;<br>&nbsp;&nbsp;&nbsp;Wszystkie orzechy nie lubi\u0105 przesadzania, dlatego r\u00f3wnie\u017c sercowate na miejsca sta\u0142e nale\u017cy sadzi\u0107 ju\u017c m\u0142ode.Podobnie z ci\u0119ciem (te\u017c nie lubi\u0105) &#8211; je\u015bli trzeba, to nale\u017cy przycina\u0107 zim\u0105 lub w pe\u0142ni wegetacji. Nie nale\u017cy ci\u0105\u0107 wiosn\u0105 &#8211; &#8222;p\u0142acze&#8221;.<\/p>\n<\/div>\n\n\n\n<div class=\"wp-block-column is-layout-flow wp-block-column-is-layout-flow\">\n<div class=\"wp-block-image\"><figure class=\"aligncenter size-large\"><img loading=\"lazy\" decoding=\"async\" width=\"500\" height=\"431\" src=\"https:\/\/www.ogrodnick.pl\/word\/wp-content\/uploads\/2020\/03\/Juglans_sieboldiana_cordiformis_i_typ500.jpg\" alt=\"\" class=\"wp-image-794\" srcset=\"https:\/\/www.ogrodnick.pl\/word\/wp-content\/uploads\/2020\/03\/Juglans_sieboldiana_cordiformis_i_typ500.jpg 500w, https:\/\/www.ogrodnick.pl\/word\/wp-content\/uploads\/2020\/03\/Juglans_sieboldiana_cordiformis_i_typ500-300x259.jpg 300w\" sizes=\"auto, (max-width: 500px) 100vw, 500px\" \/><\/figure><\/div>\n<\/div>\n<\/div>\n\n\n\n<div class=\"wp-block-columns alignfull is-layout-flex wp-container-core-columns-is-layout-9d6595d7 wp-block-columns-is-layout-flex\">\n<div class=\"wp-block-column is-layout-flow wp-block-column-is-layout-flow\">\n<div class=\"wp-block-image\"><figure class=\"aligncenter size-large\"><img loading=\"lazy\" decoding=\"async\" width=\"500\" height=\"398\" src=\"https:\/\/www.ogrodnick.pl\/word\/wp-content\/uploads\/2020\/03\/juglans.sieboldiana_cordiformis_kwiaty500.jpg\" alt=\"\" class=\"wp-image-786\" srcset=\"https:\/\/www.ogrodnick.pl\/word\/wp-content\/uploads\/2020\/03\/juglans.sieboldiana_cordiformis_kwiaty500.jpg 500w, https:\/\/www.ogrodnick.pl\/word\/wp-content\/uploads\/2020\/03\/juglans.sieboldiana_cordiformis_kwiaty500-300x239.jpg 300w\" sizes=\"auto, (max-width: 500px) 100vw, 500px\" \/><\/figure><\/div>\n<\/div>\n\n\n\n<div class=\"wp-block-column is-layout-flow wp-block-column-is-layout-flow\">\n<div class=\"wp-block-image\"><figure class=\"aligncenter size-large\"><img loading=\"lazy\" decoding=\"async\" width=\"500\" height=\"664\" src=\"https:\/\/www.ogrodnick.pl\/word\/wp-content\/uploads\/2020\/03\/Juglans_sieboldiana_cordiformis_kotki500.jpg\" alt=\"\" class=\"wp-image-795\" srcset=\"https:\/\/www.ogrodnick.pl\/word\/wp-content\/uploads\/2020\/03\/Juglans_sieboldiana_cordiformis_kotki500.jpg 500w, https:\/\/www.ogrodnick.pl\/word\/wp-content\/uploads\/2020\/03\/Juglans_sieboldiana_cordiformis_kotki500-226x300.jpg 226w\" sizes=\"auto, (max-width: 500px) 100vw, 500px\" \/><\/figure><\/div>\n<\/div>\n<\/div>\n\n\n\n<div class=\"wp-block-image\"><figure class=\"aligncenter size-large\"><img loading=\"lazy\" decoding=\"async\" width=\"500\" height=\"804\" src=\"https:\/\/www.ogrodnick.pl\/word\/wp-content\/uploads\/2020\/03\/Juglans_sieboldiana_cordiformis_wiazka500.jpg\" alt=\"\" class=\"wp-image-796\" srcset=\"https:\/\/www.ogrodnick.pl\/word\/wp-content\/uploads\/2020\/03\/Juglans_sieboldiana_cordiformis_wiazka500.jpg 500w, https:\/\/www.ogrodnick.pl\/word\/wp-content\/uploads\/2020\/03\/Juglans_sieboldiana_cordiformis_wiazka500-187x300.jpg 187w\" sizes=\"auto, (max-width: 500px) 100vw, 500px\" \/><\/figure><\/div>\n","protected":false},"excerpt":{"rendered":"<p>Orzech sercowaty&nbsp;(Juglans sachalinensis var. cordiformis&nbsp;lub inaczej&nbsp;Juglans cordiformis, J. sieboldiana var. cordiformis, Juglans ailantifolia var. cordiformis&nbsp;&nbsp;jest uprawian\u0105 w Japonii owocow\u0105 odmian\u0105 orzecha ajlantolistnego (japo\u0144skiego). OPIS:&nbsp;&nbsp;&nbsp;Orzech sercowaty ma wszystkie walory typowego orzecha ailantolistnego &#8211; szybki wzrost, wspania\u0142e nawet metrowej d\u0142ugo\u015bci li\u015bcie, owoce zebrane zwykle po 6-15 sztuk (czasem nawet wi\u0119cej). Na dodatek jego 3-centymetrowe orzechy sercowatego kszta\u0142tu [&hellip;]<\/p>\n","protected":false},"author":1,"featured_media":0,"parent":0,"menu_order":0,"comment_status":"closed","ping_status":"closed","template":"","meta":{"footnotes":""},"class_list":["post-437","page","type-page","status-publish","hentry"],"_links":{"self":[{"href":"https:\/\/www.ogrodnick.pl\/word\/wp-json\/wp\/v2\/pages\/437","targetHints":{"allow":["GET"]}}],"collection":[{"href":"https:\/\/www.ogrodnick.pl\/word\/wp-json\/wp\/v2\/pages"}],"about":[{"href":"https:\/\/www.ogrodnick.pl\/word\/wp-json\/wp\/v2\/types\/page"}],"author":[{"embeddable":true,"href":"https:\/\/www.ogrodnick.pl\/word\/wp-json\/wp\/v2\/users\/1"}],"replies":[{"embeddable":true,"href":"https:\/\/www.ogrodnick.pl\/word\/wp-json\/wp\/v2\/comments?post=437"}],"version-history":[{"count":2,"href":"https:\/\/www.ogrodnick.pl\/word\/wp-json\/wp\/v2\/pages\/437\/revisions"}],"predecessor-version":[{"id":1076,"href":"https:\/\/www.ogrodnick.pl\/word\/wp-json\/wp\/v2\/pages\/437\/revisions\/1076"}],"wp:attachment":[{"href":"https:\/\/www.ogrodnick.pl\/word\/wp-json\/wp\/v2\/media?parent=437"}],"curies":[{"name":"wp","href":"https:\/\/api.w.org\/{rel}","templated":true}]}}