{"id":420,"date":"2020-03-14T10:15:42","date_gmt":"2020-03-14T10:15:42","guid":{"rendered":"http:\/\/www.ogrodnick.pl\/word\/?page_id=420"},"modified":"2020-03-20T12:59:39","modified_gmt":"2020-03-20T12:59:39","slug":"hebanowiec-wirginijski-hurma-wirginijska-diospyros-virginiana","status":"publish","type":"page","link":"https:\/\/www.ogrodnick.pl\/word\/hebanowiec-wirginijski-hurma-wirginijska-diospyros-virginiana\/","title":{"rendered":"Hebanowiec wirginijski, hurma wirginijska (Diospyros virginiana)"},"content":{"rendered":"\n<div class=\"wp-block-group alignfull\"><div class=\"wp-block-group__inner-container is-layout-flow wp-block-group-is-layout-flow\">\n<p>Hebanowiec wirginijski, hurma wirginijska&nbsp;(<em>Diospyros virginiana<\/em>)&nbsp;wyst\u0119puje w \u015brodkowej i wschodniej cz\u0119\u015bci Stan\u00f3w Zjednoczonych.<\/p>\n<\/div><\/div>\n\n\n\n<div class=\"wp-block-columns alignfull is-layout-flex wp-container-core-columns-is-layout-9d6595d7 wp-block-columns-is-layout-flex\">\n<div class=\"wp-block-column is-layout-flow wp-block-column-is-layout-flow\">\n<p><strong>OPIS:<br><\/strong>&nbsp;&nbsp;&nbsp;Hebanowce wirginijskie rosn\u0105 powoli, w sprzyjaj\u0105cych warunkach mog\u0105 by\u0107 20-metrowymi drzewami, na glebach suchych i ubogich wyrastaj\u0105 w kilkumetrowe krzewy. Koron\u0119 maj\u0105 w m\u0142odo\u015bci sto\u017ckowat\u0105 z czasem zaokr\u0105glon\u0105, owaln\u0105.&nbsp;<br>&nbsp;&nbsp;&nbsp; W USA hebanowce wirginijskie s\u0105 rozpowszechnione jako drzewa owocowe. Kuliste owoce odmian uprawnych maj\u0105 do 5 cm. \u015brednicy, do z\u0142udzenia przypominaj\u0105 spotykane w naszych sklepach &#8222;Kaki&#8221; czyli owoce hebanowca wschodniego&nbsp;<em>Diospyros kaki<\/em>. Owocuj\u0105 obficie ju\u017c 5-6 letnie drzewka, maj\u0105ce cz\u0119sto niewiele ponad metr wysoko\u015bci &#8211; ale, jako \u017ce hebanowce s\u0105 dwupienne, tylko egzemplarze \u017ce\u0144skie.&nbsp;<br>&nbsp;&nbsp;&nbsp;Jak u wszystkich hebanowc\u00f3w, owocuj\u0105 r\u00f3wnie\u017c &#8222;panie&#8221; rosn\u0105ce samotnie. Owoce powsta\u0142e z niezapylonego kwiatu nie maj\u0105 pestek &#8211; w\u0142a\u015bnie takie &#8222;kaki&#8221; mo\u017cna kupi\u0107 w sklepach.&nbsp;<br>&nbsp;&nbsp;&nbsp;Typowe owoce hurmy wirginijskiej s\u0105 troch\u0119 wi\u0119ksze od owoc\u00f3w hurmy kaukaskiej &#8211; maj\u0105 zwykle 2,5-3 cm \u015brednicy. Je\u015bli jesie\u0144 jest ch\u0142odna i kr\u00f3tka, wtedy owoce nie zd\u0105\u017c\u0105 dojrze\u0107, s\u0105 bardzo cierpkie &#8211; jadalne i smaczne robi\u0105 si\u0119 po przemro\u017ceniu. Mo\u017cna je zerwa\u0107 i w\u0142o\u017cy\u0107 na pewien czas do zamra\u017carki, mo\u017cna je r\u00f3wnie\u017c zbiera\u0107 &#8211; ju\u017c smaczne &#8211; po pierwszych mrozach (owoce pozostaj\u0105 na drzewkach d\u0142ugo po opadni\u0119ciu li\u015bci).&nbsp;<br>&nbsp;&nbsp;&nbsp;W pe\u0142ni dojrza\u0142e owoce mo\u017cna je\u015b\u0107 na surowo, suszone dodaje si\u0119 do ciast. Starzy amerykanie dodawali do nich chmiel oraz kukurydz\u0119 lub otr\u0119by pszenne &#8211; po przefermentowaniu uzyskiwali &#8222;piwo&#8221;.&nbsp;<br>&nbsp;&nbsp;&nbsp;Z pi\u0119knych, ciemnozielonych i l\u015bni\u0105cych li\u015bci mo\u017cna parzy\u0107 smaczne i bogate w witamin\u0119 C &#8222;herbatki&#8221;.&nbsp;<br>&nbsp;&nbsp;&nbsp;Jesieni\u0105 hebanowce wirginijskie przebarwiaj\u0105 si\u0119 na barwy od \u017c\u00f3\u0142tej po jaskrawoczerwon\u0105, cz\u0119sto bardzo efektownie.&nbsp;<br>&nbsp;&nbsp;&nbsp;Bardzo cenne jest ciemnobr\u0105zowe, prawie czarne drewno (takie bywa u stuletnich drzew).<\/p>\n<\/div>\n\n\n\n<div class=\"wp-block-column is-layout-flow wp-block-column-is-layout-flow\">\n<div class=\"wp-block-image\"><figure class=\"aligncenter size-large\"><img loading=\"lazy\" decoding=\"async\" width=\"498\" height=\"541\" src=\"https:\/\/www.ogrodnick.pl\/word\/wp-content\/uploads\/2020\/03\/diospyros_virginiana_jesien.jpg\" alt=\"\" class=\"wp-image-732\" srcset=\"https:\/\/www.ogrodnick.pl\/word\/wp-content\/uploads\/2020\/03\/diospyros_virginiana_jesien.jpg 498w, https:\/\/www.ogrodnick.pl\/word\/wp-content\/uploads\/2020\/03\/diospyros_virginiana_jesien-276x300.jpg 276w\" sizes=\"auto, (max-width: 498px) 100vw, 498px\" \/><\/figure><\/div>\n<\/div>\n<\/div>\n\n\n\n<div class=\"wp-block-columns alignfull is-layout-flex wp-container-core-columns-is-layout-9d6595d7 wp-block-columns-is-layout-flex\">\n<div class=\"wp-block-column is-layout-flow wp-block-column-is-layout-flow\">\n<p><strong>UPRAWA:<\/strong>&nbsp;<br>&nbsp;&nbsp;&nbsp;Hebanowce wirginijskie doskonale rosn\u0105 w cieniu, ale lepiej je sadzi\u0107 na stanowiskach s\u0142onecznych -wtedy mog\u0105 si\u0119 przebarwia\u0107 jesieni\u0105 nawet tak pi\u0119knie jak drzewko na zdj\u0119ciu obok.&nbsp;<br>&nbsp;&nbsp;&nbsp;W swojej ojczy\u017anie hebanowce to zasiedlaj\u0105ce nieu\u017cytki ro\u015bliny pionierskie, s\u0105 niewybredne co do gleby i bardzo odporne na susz\u0119. Kie\u0142kuj\u0105ce z nasion roznoszonych przez zwierz\u0119ta bywaj\u0105 chwastami na polach i pastwiskach. Gleba nie powinna by\u0107 jednak podmok\u0142a (korzenie zalane przez d\u0142u\u017cszy czas wod\u0105 zamieraj\u0105)) albo bardzo kwa\u015bna.&nbsp;<br>&nbsp;&nbsp;&nbsp;Doros\u0142e drzewa s\u0105 zupe\u0142nie odporne na mrozy. M\u0142ode s\u0105 nieco wra\u017cliwe, rosn\u0105ce na glebach \u017cyznych i wilgotnych (w takich warunkach d\u0142ugo rosn\u0105 jesieni\u0105 i s\u0142abiej drewniej\u0105) podczas surowych zim mog\u0105 troch\u0119 ucierpie\u0107.&nbsp;<br>&nbsp;&nbsp;&nbsp;Nie lubi\u0105 przesadzania.<\/p>\n<\/div>\n\n\n\n<div class=\"wp-block-column is-layout-flow wp-block-column-is-layout-flow\">\n<div class=\"wp-block-image\"><figure class=\"aligncenter size-large\"><img loading=\"lazy\" decoding=\"async\" width=\"499\" height=\"353\" src=\"https:\/\/www.ogrodnick.pl\/word\/wp-content\/uploads\/2020\/03\/diospyros_virginiana_owoce_duzo.jpg\" alt=\"\" class=\"wp-image-734\" srcset=\"https:\/\/www.ogrodnick.pl\/word\/wp-content\/uploads\/2020\/03\/diospyros_virginiana_owoce_duzo.jpg 499w, https:\/\/www.ogrodnick.pl\/word\/wp-content\/uploads\/2020\/03\/diospyros_virginiana_owoce_duzo-300x212.jpg 300w\" sizes=\"auto, (max-width: 499px) 100vw, 499px\" \/><\/figure><\/div>\n<\/div>\n<\/div>\n\n\n\n<div class=\"wp-block-columns alignfull is-layout-flex wp-container-core-columns-is-layout-9d6595d7 wp-block-columns-is-layout-flex\">\n<div class=\"wp-block-column is-layout-flow wp-block-column-is-layout-flow\">\n<div class=\"wp-block-image\"><figure class=\"aligncenter size-large\"><img loading=\"lazy\" decoding=\"async\" width=\"500\" height=\"334\" src=\"https:\/\/www.ogrodnick.pl\/word\/wp-content\/uploads\/2020\/03\/diospyros_virginiana_kwiatki.jpg\" alt=\"\" class=\"wp-image-733\" srcset=\"https:\/\/www.ogrodnick.pl\/word\/wp-content\/uploads\/2020\/03\/diospyros_virginiana_kwiatki.jpg 500w, https:\/\/www.ogrodnick.pl\/word\/wp-content\/uploads\/2020\/03\/diospyros_virginiana_kwiatki-300x200.jpg 300w\" sizes=\"auto, (max-width: 500px) 100vw, 500px\" \/><\/figure><\/div>\n<\/div>\n\n\n\n<div class=\"wp-block-column is-layout-flow wp-block-column-is-layout-flow\">\n<div class=\"wp-block-image\"><figure class=\"aligncenter size-large\"><img loading=\"lazy\" decoding=\"async\" width=\"500\" height=\"414\" src=\"https:\/\/www.ogrodnick.pl\/word\/wp-content\/uploads\/2020\/03\/diospyros_virginiana_owoce_galazka.jpg\" alt=\"\" class=\"wp-image-735\" srcset=\"https:\/\/www.ogrodnick.pl\/word\/wp-content\/uploads\/2020\/03\/diospyros_virginiana_owoce_galazka.jpg 500w, https:\/\/www.ogrodnick.pl\/word\/wp-content\/uploads\/2020\/03\/diospyros_virginiana_owoce_galazka-300x248.jpg 300w\" sizes=\"auto, (max-width: 500px) 100vw, 500px\" \/><\/figure><\/div>\n<\/div>\n<\/div>\n","protected":false},"excerpt":{"rendered":"<p>Hebanowiec wirginijski, hurma wirginijska&nbsp;(Diospyros virginiana)&nbsp;wyst\u0119puje w \u015brodkowej i wschodniej cz\u0119\u015bci Stan\u00f3w Zjednoczonych. OPIS:&nbsp;&nbsp;&nbsp;Hebanowce wirginijskie rosn\u0105 powoli, w sprzyjaj\u0105cych warunkach mog\u0105 by\u0107 20-metrowymi drzewami, na glebach suchych i ubogich wyrastaj\u0105 w kilkumetrowe krzewy. Koron\u0119 maj\u0105 w m\u0142odo\u015bci sto\u017ckowat\u0105 z czasem zaokr\u0105glon\u0105, owaln\u0105.&nbsp;&nbsp;&nbsp;&nbsp; W USA hebanowce wirginijskie s\u0105 rozpowszechnione jako drzewa owocowe. Kuliste owoce odmian uprawnych maj\u0105 [&hellip;]<\/p>\n","protected":false},"author":1,"featured_media":0,"parent":0,"menu_order":0,"comment_status":"closed","ping_status":"closed","template":"","meta":{"footnotes":""},"class_list":["post-420","page","type-page","status-publish","hentry"],"_links":{"self":[{"href":"https:\/\/www.ogrodnick.pl\/word\/wp-json\/wp\/v2\/pages\/420","targetHints":{"allow":["GET"]}}],"collection":[{"href":"https:\/\/www.ogrodnick.pl\/word\/wp-json\/wp\/v2\/pages"}],"about":[{"href":"https:\/\/www.ogrodnick.pl\/word\/wp-json\/wp\/v2\/types\/page"}],"author":[{"embeddable":true,"href":"https:\/\/www.ogrodnick.pl\/word\/wp-json\/wp\/v2\/users\/1"}],"replies":[{"embeddable":true,"href":"https:\/\/www.ogrodnick.pl\/word\/wp-json\/wp\/v2\/comments?post=420"}],"version-history":[{"count":2,"href":"https:\/\/www.ogrodnick.pl\/word\/wp-json\/wp\/v2\/pages\/420\/revisions"}],"predecessor-version":[{"id":1043,"href":"https:\/\/www.ogrodnick.pl\/word\/wp-json\/wp\/v2\/pages\/420\/revisions\/1043"}],"wp:attachment":[{"href":"https:\/\/www.ogrodnick.pl\/word\/wp-json\/wp\/v2\/media?parent=420"}],"curies":[{"name":"wp","href":"https:\/\/api.w.org\/{rel}","templated":true}]}}