{"id":363,"date":"2020-03-05T12:27:05","date_gmt":"2020-03-05T12:27:05","guid":{"rendered":"http:\/\/www.ogrodnick.pl\/word\/?page_id=363"},"modified":"2020-03-21T15:16:27","modified_gmt":"2020-03-21T15:16:27","slug":"pieknotka-japonska-poladnia-kalikarpa-callicarpa-japonica","status":"publish","type":"page","link":"https:\/\/www.ogrodnick.pl\/word\/pieknotka-japonska-poladnia-kalikarpa-callicarpa-japonica\/","title":{"rendered":"Pi\u0119knotka japo\u0144ska (po\u0142adnia, kalikarpa) (Callicarpa japonica)"},"content":{"rendered":"\n<div class=\"wp-block-group alignfull\"><div class=\"wp-block-group__inner-container is-layout-flow wp-block-group-is-layout-flow\">\n<p>Pi\u0119knotka japo\u0144ska (po\u0142adnia, kalikarpa)&nbsp;(<em>Callicarpa japonica<\/em>)&nbsp;opr\u00f3cz Japonii ro\u015bnie r\u00f3wnie\u017c w Chinach i na Tajwanie.<\/p>\n<\/div><\/div>\n\n\n\n<div class=\"wp-block-columns alignfull is-layout-flex wp-container-core-columns-is-layout-9d6595d7 wp-block-columns-is-layout-flex\">\n<div class=\"wp-block-column is-layout-flow wp-block-column-is-layout-flow\">\n<p><strong>OPIS:<br><\/strong>&nbsp;&nbsp;&nbsp; Pi\u0119knotka japo\u0144ska ro\u015bnie mniejsza od bardziej znanej pi\u0119knotki Bodiniera, b\u0119dzie niewiele ponad metrowym, g\u0119stym krzewem o zaokr\u0105glonym pokroju.<br>&nbsp;&nbsp;&nbsp;Jak wszystkie pi\u0119knotki, r\u00f3wnie\u017c ten gatunek s\u0142ynie przede wszystkim z owoc\u00f3w. Bardzo liczne, fioletowe i l\u015bni\u0105ce pestkowce czteromilimetrowej \u015brednicy pozostaj\u0105 na ga\u0142\u0105zkach d\u0142ugo po opadni\u0119ciu li\u015bci &#8211; od wrze\u015bnia do listopada pi\u0119knotki wygl\u0105daj\u0105 najefektowniej. Owocki opadaj\u0105 dopiero po silniejszych mrozach lub zostaj\u0105 zjedzone przez ptaki, czasem zdobi\u0105 krzewy jeszcze w ko\u0144cu grudnia.&nbsp;<br>&nbsp;&nbsp;&nbsp;Pachn\u0105ce, r\u00f3\u017cowe lub bia\u0142awe kwiatki rozkwitaj\u0105 w lipcu i sierpniu.&nbsp;<br>&nbsp;&nbsp;&nbsp;10-centymetrowe li\u015bcie przybieraj\u0105 jesieni\u0105 kolor \u017c\u00f3\u0142ty lub r\u00f3\u017cowofioletowy.&nbsp;<\/p>\n<\/div>\n\n\n\n<div class=\"wp-block-column is-layout-flow wp-block-column-is-layout-flow\">\n<div class=\"wp-block-image\"><figure class=\"aligncenter size-large\"><img loading=\"lazy\" decoding=\"async\" width=\"499\" height=\"500\" src=\"https:\/\/www.ogrodnick.pl\/word\/wp-content\/uploads\/2020\/03\/callicarpa_japonica_jesien2-1.jpg\" alt=\"\" class=\"wp-image-616\" srcset=\"https:\/\/www.ogrodnick.pl\/word\/wp-content\/uploads\/2020\/03\/callicarpa_japonica_jesien2-1.jpg 499w, https:\/\/www.ogrodnick.pl\/word\/wp-content\/uploads\/2020\/03\/callicarpa_japonica_jesien2-1-300x300.jpg 300w, https:\/\/www.ogrodnick.pl\/word\/wp-content\/uploads\/2020\/03\/callicarpa_japonica_jesien2-1-150x150.jpg 150w\" sizes=\"auto, (max-width: 499px) 100vw, 499px\" \/><\/figure><\/div>\n<\/div>\n<\/div>\n\n\n\n<div class=\"wp-block-columns alignfull is-layout-flex wp-container-core-columns-is-layout-9d6595d7 wp-block-columns-is-layout-flex\">\n<div class=\"wp-block-column is-layout-flow wp-block-column-is-layout-flow\">\n<p><strong>UPRAWA:<\/strong>&nbsp;<br>&nbsp;&nbsp;&nbsp;Pi\u0119knotki japo\u0144skie s\u0105 odporne na mrozy w stopniu podobnym jak pi\u0119knotki Bodiniera, podczas &#8222;zim stulecia&#8221; marzn\u0105 do granicy \u015bniegu. Jako \u017ce kwitn\u0105 i owocuj\u0105 na jednorocznych p\u0119dach nie jest to istotna szkoda &#8211; trzeba tylko wyci\u0105\u0107 wiosn\u0105 uschni\u0119te ga\u0142\u0105zki. (M\u0142ode, \u015bwie\u017co posadzone ro\u015bliny mog\u0105 by\u0107 wra\u017cliwsze, warto na wszelki wypadek nieco okry\u0107 nasad\u0119 krzewu.) Mo\u017cna pi\u0119knotki traktowa\u0107 jak bylin\u0119, niezale\u017cnie od ich stanu ka\u017cdej wiosny kr\u00f3tko przycina\u0107 nad ziemi\u0105. Silnie odrosn\u0105, zakwitn\u0105 i wydadz\u0105 owoce.&nbsp;<br>&nbsp;&nbsp;&nbsp;Pi\u0119knotki japo\u0144skie znosz\u0105 ocienienie, ale najlepiej owocuj\u0105 rosn\u0105ce na ciep\u0142ych, s\u0142onecznych stanowiskach.&nbsp;<br>&nbsp;&nbsp;&nbsp;Krzewy rosn\u0105ce samotnie mog\u0105 zawi\u0105zywa\u0107 ma\u0142o owoc\u00f3w &#8211; niezawodnie owocuj\u0105 zapylane krzy\u017cowo, py\u0142kiem z innego egzemplarza. Wniosek: warto kupi\u0107 dwie \ud83d\ude42&nbsp;<br>&nbsp;&nbsp;&nbsp;Specjalnych wymaga\u0144 glebowych pi\u0119knotki japo\u0144skie nie maj\u0105, gleba powinna by\u0107 przepuszczalna i nale\u017cy unika\u0107 nadmiernego nawo\u017cenia. Na bardzo \u017cyznych stanowiskach pi\u0119knotki silnie rosn\u0105 ale s\u0142abiej kwitn\u0105 i owocuj\u0105.&nbsp;<\/p>\n<\/div>\n\n\n\n<div class=\"wp-block-column is-layout-flow wp-block-column-is-layout-flow\">\n<div class=\"wp-block-image\"><figure class=\"aligncenter size-large\"><img loading=\"lazy\" decoding=\"async\" width=\"500\" height=\"383\" src=\"https:\/\/www.ogrodnick.pl\/word\/wp-content\/uploads\/2020\/03\/callicarpa_japonica_owoce_liscie-1.jpg\" alt=\"\" class=\"wp-image-619\" srcset=\"https:\/\/www.ogrodnick.pl\/word\/wp-content\/uploads\/2020\/03\/callicarpa_japonica_owoce_liscie-1.jpg 500w, https:\/\/www.ogrodnick.pl\/word\/wp-content\/uploads\/2020\/03\/callicarpa_japonica_owoce_liscie-1-300x230.jpg 300w\" sizes=\"auto, (max-width: 500px) 100vw, 500px\" \/><\/figure><\/div>\n<\/div>\n<\/div>\n\n\n\n<div class=\"wp-block-image\"><figure class=\"aligncenter size-large\"><img loading=\"lazy\" decoding=\"async\" width=\"500\" height=\"371\" src=\"https:\/\/www.ogrodnick.pl\/word\/wp-content\/uploads\/2020\/03\/callicarpa_japonica_kwiatki-1.jpg\" alt=\"\" class=\"wp-image-617\" srcset=\"https:\/\/www.ogrodnick.pl\/word\/wp-content\/uploads\/2020\/03\/callicarpa_japonica_kwiatki-1.jpg 500w, https:\/\/www.ogrodnick.pl\/word\/wp-content\/uploads\/2020\/03\/callicarpa_japonica_kwiatki-1-300x223.jpg 300w\" sizes=\"auto, (max-width: 500px) 100vw, 500px\" \/><\/figure><\/div>\n","protected":false},"excerpt":{"rendered":"<p>Pi\u0119knotka japo\u0144ska (po\u0142adnia, kalikarpa)&nbsp;(Callicarpa japonica)&nbsp;opr\u00f3cz Japonii ro\u015bnie r\u00f3wnie\u017c w Chinach i na Tajwanie. OPIS:&nbsp;&nbsp;&nbsp; Pi\u0119knotka japo\u0144ska ro\u015bnie mniejsza od bardziej znanej pi\u0119knotki Bodiniera, b\u0119dzie niewiele ponad metrowym, g\u0119stym krzewem o zaokr\u0105glonym pokroju.&nbsp;&nbsp;&nbsp;Jak wszystkie pi\u0119knotki, r\u00f3wnie\u017c ten gatunek s\u0142ynie przede wszystkim z owoc\u00f3w. Bardzo liczne, fioletowe i l\u015bni\u0105ce pestkowce czteromilimetrowej \u015brednicy pozostaj\u0105 na ga\u0142\u0105zkach d\u0142ugo po [&hellip;]<\/p>\n","protected":false},"author":1,"featured_media":0,"parent":0,"menu_order":0,"comment_status":"closed","ping_status":"closed","template":"","meta":{"footnotes":""},"class_list":["post-363","page","type-page","status-publish","hentry"],"_links":{"self":[{"href":"https:\/\/www.ogrodnick.pl\/word\/wp-json\/wp\/v2\/pages\/363","targetHints":{"allow":["GET"]}}],"collection":[{"href":"https:\/\/www.ogrodnick.pl\/word\/wp-json\/wp\/v2\/pages"}],"about":[{"href":"https:\/\/www.ogrodnick.pl\/word\/wp-json\/wp\/v2\/types\/page"}],"author":[{"embeddable":true,"href":"https:\/\/www.ogrodnick.pl\/word\/wp-json\/wp\/v2\/users\/1"}],"replies":[{"embeddable":true,"href":"https:\/\/www.ogrodnick.pl\/word\/wp-json\/wp\/v2\/comments?post=363"}],"version-history":[{"count":2,"href":"https:\/\/www.ogrodnick.pl\/word\/wp-json\/wp\/v2\/pages\/363\/revisions"}],"predecessor-version":[{"id":1089,"href":"https:\/\/www.ogrodnick.pl\/word\/wp-json\/wp\/v2\/pages\/363\/revisions\/1089"}],"wp:attachment":[{"href":"https:\/\/www.ogrodnick.pl\/word\/wp-json\/wp\/v2\/media?parent=363"}],"curies":[{"name":"wp","href":"https:\/\/api.w.org\/{rel}","templated":true}]}}