{"id":341,"date":"2020-03-05T11:00:26","date_gmt":"2020-03-05T11:00:26","guid":{"rendered":"http:\/\/www.ogrodnick.pl\/word\/?page_id=341"},"modified":"2020-03-21T11:08:07","modified_gmt":"2020-03-21T11:08:07","slug":"klon-okraglolistny-acer-circinatum-2","status":"publish","type":"page","link":"https:\/\/www.ogrodnick.pl\/word\/klon-okraglolistny-acer-circinatum-2\/","title":{"rendered":"Klon okr\u0105g\u0142olistny (Acer circinatum)"},"content":{"rendered":"\n<div class=\"wp-block-group alignfull\"><div class=\"wp-block-group__inner-container is-layout-flow wp-block-group-is-layout-flow\">\n<p>Klon okr\u0105g\u0142olistny&nbsp;<em>(Acer circinatum )<\/em>&nbsp; &nbsp;ang. &#8222;Vine maple&#8221; (klon pn\u0105cy), ro\u015bnie na zachodzie Ameryki P\u00f3\u0142nocnej &#8211; od Kalifornii po Alask\u0119.<\/p>\n<\/div><\/div>\n\n\n\n<div class=\"wp-block-columns alignfull is-layout-flex wp-container-core-columns-is-layout-9d6595d7 wp-block-columns-is-layout-flex\">\n<div class=\"wp-block-column is-layout-flow wp-block-column-is-layout-flow\">\n<p><strong>OPIS:<br><\/strong>&nbsp;&nbsp;&nbsp;Ten ma\u0142o znany, bliski kuzyn popularnych azjatyckich klon\u00f3w japo\u0144skiego i palmowego na stanowiskach s\u0142onecznych i w p\u00f3\u0142cieniu jest wysokim krzewem lub wyrasta w kilkumetrowe drzewko. Najwi\u0119ksze w Polsce maj\u0105 ok. 9 metr\u00f3w wysoko\u015bci (np w Suchowoli, blisko wschodniej granicy &#8211; dobrze to \u015bwiadczy o jego mrozoodporno\u015bci).&nbsp;<br>&nbsp;&nbsp;&nbsp;Na naturalnych stanowiskach wyst\u0119puje najcz\u0119\u015bciej w poszyciu wysokich las\u00f3w. Tam, silnie ocieniony, ujawnia swoj\u0105 drug\u0105 twarz. Cienkie, wij\u0105ce si\u0119 p\u0119dy opieraj\u0105c si\u0119 o wysokie drzewa wznosz\u0105 si\u0119 w poszukiwaniu \u015bwiat\u0142a nawet na wysoko\u015b\u0107 kilkunastu metr\u00f3w. Nie znajduj\u0105c oparcia cz\u0119sto opadaj\u0105 na ziemi\u0119, ukorzeniaj\u0105 si\u0119 i ponownie wij\u0105 si\u0119 w g\u00f3r\u0119. W ten spos\u00f3b powstaje na ziemi niezwykle trudna do sforsowania pl\u0105tanina lian nawet kilkucentymetrowej grubo\u015bci. Takie puszcze kolonizatorzy zdobywaj\u0105cy Dziki Zach\u00f3d nazywali &#8222;devil wood&#8221;, diabelski las.&nbsp;<br>&nbsp;&nbsp;&nbsp;Bardzo \u0142adny jest wiosn\u0105, kiedy w kwietniu\/maju wraz z rozwijaj\u0105cymi si\u0119 listkami pojawiaj\u0105 si\u0119 czerwono-bia\u0142e kwiatki 12 mm. \u015brednicy.&nbsp;<br>&nbsp;&nbsp;&nbsp;Jesieni\u0105 pi\u0119knie przebarwia li\u015bcie &#8211; nawet rosn\u0105cy w cieniu.&nbsp;<br><\/p>\n<\/div>\n\n\n\n<div class=\"wp-block-column is-layout-flow wp-block-column-is-layout-flow\">\n<div class=\"wp-block-image\"><figure class=\"aligncenter size-large\"><img loading=\"lazy\" decoding=\"async\" width=\"500\" height=\"438\" src=\"https:\/\/www.ogrodnick.pl\/word\/wp-content\/uploads\/2020\/03\/acer_circinatum_jesien-1.jpg\" alt=\"\" class=\"wp-image-543\" srcset=\"https:\/\/www.ogrodnick.pl\/word\/wp-content\/uploads\/2020\/03\/acer_circinatum_jesien-1.jpg 500w, https:\/\/www.ogrodnick.pl\/word\/wp-content\/uploads\/2020\/03\/acer_circinatum_jesien-1-300x263.jpg 300w\" sizes=\"auto, (max-width: 500px) 100vw, 500px\" \/><\/figure><\/div>\n<\/div>\n<\/div>\n\n\n\n<div class=\"wp-block-columns alignfull is-layout-flex wp-container-core-columns-is-layout-9d6595d7 wp-block-columns-is-layout-flex\">\n<div class=\"wp-block-column is-layout-flow wp-block-column-is-layout-flow\">\n<p><strong>UPRAWA:<\/strong>&nbsp;<br>&nbsp;&nbsp;&nbsp;Klon okr\u0105g\u0142olistny jest odporny na mrozy w ca\u0142ym kraju, najlepiej czuje si\u0119 na glebach wilgotnych. Nie lubi suszy i gor\u0105ca &#8211; np. miejsc przy po\u0142udniowych \u015bcianach.<br>&nbsp;&nbsp;&nbsp;W g\u0142ebokim cieniu pn\u0105cze, na stanowiskach s\u0142onecznych b\u0119dzie ma\u0142ym drzewkiem lub krzewem.&nbsp;<\/p>\n<\/div>\n\n\n\n<div class=\"wp-block-column is-layout-flow wp-block-column-is-layout-flow\">\n<div class=\"wp-block-image\"><figure class=\"aligncenter size-large\"><img loading=\"lazy\" decoding=\"async\" width=\"500\" height=\"369\" src=\"https:\/\/www.ogrodnick.pl\/word\/wp-content\/uploads\/2020\/03\/acer_circinatum_listek-1.jpg\" alt=\"\" class=\"wp-image-545\" srcset=\"https:\/\/www.ogrodnick.pl\/word\/wp-content\/uploads\/2020\/03\/acer_circinatum_listek-1.jpg 500w, https:\/\/www.ogrodnick.pl\/word\/wp-content\/uploads\/2020\/03\/acer_circinatum_listek-1-300x221.jpg 300w\" sizes=\"auto, (max-width: 500px) 100vw, 500px\" \/><\/figure><\/div>\n<\/div>\n<\/div>\n\n\n\n<div class=\"wp-block-image\"><figure class=\"aligncenter size-large\"><img loading=\"lazy\" decoding=\"async\" width=\"500\" height=\"388\" src=\"https:\/\/www.ogrodnick.pl\/word\/wp-content\/uploads\/2020\/03\/acer_circinatum_kwiatki-1.jpg\" alt=\"\" class=\"wp-image-544\" srcset=\"https:\/\/www.ogrodnick.pl\/word\/wp-content\/uploads\/2020\/03\/acer_circinatum_kwiatki-1.jpg 500w, https:\/\/www.ogrodnick.pl\/word\/wp-content\/uploads\/2020\/03\/acer_circinatum_kwiatki-1-300x233.jpg 300w\" sizes=\"auto, (max-width: 500px) 100vw, 500px\" \/><\/figure><\/div>\n","protected":false},"excerpt":{"rendered":"<p>Klon okr\u0105g\u0142olistny&nbsp;(Acer circinatum )&nbsp; &nbsp;ang. &#8222;Vine maple&#8221; (klon pn\u0105cy), ro\u015bnie na zachodzie Ameryki P\u00f3\u0142nocnej &#8211; od Kalifornii po Alask\u0119. OPIS:&nbsp;&nbsp;&nbsp;Ten ma\u0142o znany, bliski kuzyn popularnych azjatyckich klon\u00f3w japo\u0144skiego i palmowego na stanowiskach s\u0142onecznych i w p\u00f3\u0142cieniu jest wysokim krzewem lub wyrasta w kilkumetrowe drzewko. Najwi\u0119ksze w Polsce maj\u0105 ok. 9 metr\u00f3w wysoko\u015bci (np w Suchowoli, [&hellip;]<\/p>\n","protected":false},"author":1,"featured_media":0,"parent":0,"menu_order":0,"comment_status":"closed","ping_status":"closed","template":"","meta":{"footnotes":""},"class_list":["post-341","page","type-page","status-publish","hentry"],"_links":{"self":[{"href":"https:\/\/www.ogrodnick.pl\/word\/wp-json\/wp\/v2\/pages\/341","targetHints":{"allow":["GET"]}}],"collection":[{"href":"https:\/\/www.ogrodnick.pl\/word\/wp-json\/wp\/v2\/pages"}],"about":[{"href":"https:\/\/www.ogrodnick.pl\/word\/wp-json\/wp\/v2\/types\/page"}],"author":[{"embeddable":true,"href":"https:\/\/www.ogrodnick.pl\/word\/wp-json\/wp\/v2\/users\/1"}],"replies":[{"embeddable":true,"href":"https:\/\/www.ogrodnick.pl\/word\/wp-json\/wp\/v2\/comments?post=341"}],"version-history":[{"count":2,"href":"https:\/\/www.ogrodnick.pl\/word\/wp-json\/wp\/v2\/pages\/341\/revisions"}],"predecessor-version":[{"id":1056,"href":"https:\/\/www.ogrodnick.pl\/word\/wp-json\/wp\/v2\/pages\/341\/revisions\/1056"}],"wp:attachment":[{"href":"https:\/\/www.ogrodnick.pl\/word\/wp-json\/wp\/v2\/media?parent=341"}],"curies":[{"name":"wp","href":"https:\/\/api.w.org\/{rel}","templated":true}]}}