{"id":1555,"date":"2025-04-15T20:34:29","date_gmt":"2025-04-15T20:34:29","guid":{"rendered":"https:\/\/www.ogrodnick.pl\/word\/?page_id=1555"},"modified":"2025-04-15T20:40:19","modified_gmt":"2025-04-15T20:40:19","slug":"odmiany-owocowe-hebanowca-wirginijskiego-diospyros-virginiana-i-mieszance-z-d-kaki","status":"publish","type":"page","link":"https:\/\/www.ogrodnick.pl\/word\/odmiany-owocowe-hebanowca-wirginijskiego-diospyros-virginiana-i-mieszance-z-d-kaki\/","title":{"rendered":"Odmiany owocowe Hebanowca  wirginijskiego (Diospyros virginiana)  i miesza\u0144ce z D. kaki"},"content":{"rendered":"\n<div class=\"wp-block-group alignfull\"><div class=\"wp-block-group__inner-container is-layout-flow wp-block-group-is-layout-flow\">\n<p><\/p>\n<\/div><\/div>\n\n\n\n<div class=\"wp-block-columns alignfull is-layout-flex wp-container-core-columns-is-layout-9d6595d7 wp-block-columns-is-layout-flex\">\n<div class=\"wp-block-column is-layout-flow wp-block-column-is-layout-flow\">\n<p><strong>Opisy wkr\u00f3tce, teraz tylko lista odmian (kolejno\u015b\u0107 przypadkowa):<br><\/strong>\u00a0<\/p>\n\n\n\n<p>NC-10<br>Ruby<br>Geneva Long<br>Prok<br>Yates<br>Early Jewel (H-118)<br>Claypool (H-120)<br>Valene Beauty (I-94)<br>Paradise (H63A)<br>Barbra&#8217;s Blush (WS8-10)<br>McKenzie Corner<br>Pieper<br>Mohler<br>Fruit Dump<br>Brittain&#8217;s Blue<br>Knightsville<br>15-12 (jeszcze bez nazwy)<\/p>\n\n\n\n<p>Miesza\u0144ce Diospyros virginiana x D. kaki:<br>Bo\u017cy Dar         (\u0411\u043e\u0436\u0438\u0439 \u0414\u0430\u0440)<br>Sosnowska       (\u0421\u043e\u0441\u043d\u043e\u0432\u0441\u043a\u0430\u044f)<br>Czuczupaka     (\u0427\u0443\u0447\u0443\u043f\u0430\u043a\u0430)<br>Dar Sofijowki      (\u0414\u0430\u0440 \u0421\u043e\u0444\u0438\u0435\u0432\u043a\u0438)<br>G\u00f3ra Gowerla<br>Rosjanka      ( \u0420\u043e\u0441\u0441\u0438\u044f\u043d\u043a\u0430)<br>Nikita&#8217;s Gift      (\u041d\u0438\u043a\u0438\u0442\u0441\u043a\u0430\u044f \u0411\u043e\u0440\u0434\u043e\u0432\u0430\u044f)<br>Dr Kazas<br>Kujinaja<br>Mikkusu (JT02)<br>Pami\u0119\u0107 Pasenkowa<br>Kasandra<br>Roman Kosz<\/p>\n<\/div>\n\n\n\n<div class=\"wp-block-column is-layout-flow wp-block-column-is-layout-flow\"><\/div>\n<\/div>\n\n\n\n<div class=\"wp-block-columns alignfull is-layout-flex wp-container-core-columns-is-layout-9d6595d7 wp-block-columns-is-layout-flex\">\n<div class=\"wp-block-column is-layout-flow wp-block-column-is-layout-flow\">\n<p><\/p>\n<\/div>\n\n\n\n<div class=\"wp-block-column is-layout-flow wp-block-column-is-layout-flow\"><\/div>\n<\/div>\n\n\n\n<div class=\"wp-block-columns alignfull is-layout-flex wp-container-core-columns-is-layout-9d6595d7 wp-block-columns-is-layout-flex\">\n<div class=\"wp-block-column is-layout-flow wp-block-column-is-layout-flow\"><\/div>\n\n\n\n<div class=\"wp-block-column is-layout-flow wp-block-column-is-layout-flow\"><\/div>\n<\/div>\n","protected":false},"excerpt":{"rendered":"<p>Opisy wkr\u00f3tce, teraz tylko lista odmian (kolejno\u015b\u0107 przypadkowa):\u00a0 NC-10RubyGeneva LongProkYatesEarly Jewel (H-118)Claypool (H-120)Valene Beauty (I-94)Paradise (H63A)Barbra&#8217;s Blush (WS8-10)McKenzie CornerPieperMohlerFruit DumpBrittain&#8217;s BlueKnightsville15-12 (jeszcze bez nazwy) Miesza\u0144ce Diospyros virginiana x D. kaki:Bo\u017cy Dar (\u0411\u043e\u0436\u0438\u0439 \u0414\u0430\u0440)Sosnowska (\u0421\u043e\u0441\u043d\u043e\u0432\u0441\u043a\u0430\u044f)Czuczupaka (\u0427\u0443\u0447\u0443\u043f\u0430\u043a\u0430)Dar Sofijowki (\u0414\u0430\u0440 \u0421\u043e\u0444\u0438\u0435\u0432\u043a\u0438)G\u00f3ra GowerlaRosjanka ( \u0420\u043e\u0441\u0441\u0438\u044f\u043d\u043a\u0430)Nikita&#8217;s Gift (\u041d\u0438\u043a\u0438\u0442\u0441\u043a\u0430\u044f \u0411\u043e\u0440\u0434\u043e\u0432\u0430\u044f)Dr KazasKujinajaMikkusu (JT02)Pami\u0119\u0107 PasenkowaKasandraRoman Kosz<\/p>\n","protected":false},"author":1,"featured_media":0,"parent":0,"menu_order":0,"comment_status":"closed","ping_status":"closed","template":"","meta":{"footnotes":""},"class_list":["post-1555","page","type-page","status-publish","hentry"],"_links":{"self":[{"href":"https:\/\/www.ogrodnick.pl\/word\/wp-json\/wp\/v2\/pages\/1555","targetHints":{"allow":["GET"]}}],"collection":[{"href":"https:\/\/www.ogrodnick.pl\/word\/wp-json\/wp\/v2\/pages"}],"about":[{"href":"https:\/\/www.ogrodnick.pl\/word\/wp-json\/wp\/v2\/types\/page"}],"author":[{"embeddable":true,"href":"https:\/\/www.ogrodnick.pl\/word\/wp-json\/wp\/v2\/users\/1"}],"replies":[{"embeddable":true,"href":"https:\/\/www.ogrodnick.pl\/word\/wp-json\/wp\/v2\/comments?post=1555"}],"version-history":[{"count":3,"href":"https:\/\/www.ogrodnick.pl\/word\/wp-json\/wp\/v2\/pages\/1555\/revisions"}],"predecessor-version":[{"id":1558,"href":"https:\/\/www.ogrodnick.pl\/word\/wp-json\/wp\/v2\/pages\/1555\/revisions\/1558"}],"wp:attachment":[{"href":"https:\/\/www.ogrodnick.pl\/word\/wp-json\/wp\/v2\/media?parent=1555"}],"curies":[{"name":"wp","href":"https:\/\/api.w.org\/{rel}","templated":true}]}}