{"id":1375,"date":"2023-02-10T17:23:35","date_gmt":"2023-02-10T17:23:35","guid":{"rendered":"https:\/\/www.ogrodnick.pl\/word\/?page_id=1375"},"modified":"2023-02-10T17:52:35","modified_gmt":"2023-02-10T17:52:35","slug":"blotnia-wodna-nyssa-aquatica","status":"publish","type":"page","link":"https:\/\/www.ogrodnick.pl\/word\/blotnia-wodna-nyssa-aquatica\/","title":{"rendered":"B\u0142otnia wodna (Nyssa aquatica)"},"content":{"rendered":"\n<div class=\"wp-block-group alignfull\"><div class=\"wp-block-group__inner-container is-layout-flow wp-block-group-is-layout-flow\">\n<p>B\u0142otnia wodna (<em>Nyssa aquatica<\/em>) zwana po angielsku &#8222;Water tupelo&#8221; pochodzi ze Stan\u00f3w Zjednoczonych. Ro\u015bnie na bagnach i terenach zalewowych wzd\u0142u\u017c po\u0142udniowowschodniego wybrze\u017ca i w dolinie Missisipi, najdalej na p\u00f3\u0142noc po Illinois.<\/p>\n<\/div><\/div>\n\n\n\n<div class=\"wp-block-columns alignfull is-layout-flex wp-container-core-columns-is-layout-9d6595d7 wp-block-columns-is-layout-flex\">\n<div class=\"wp-block-column is-layout-flow wp-block-column-is-layout-flow\">\n<p><strong>OPIS:<\/strong><br>&nbsp;&nbsp;<\/p>\n\n\n\n<p>Prawdziwa b\u0142otnia w pe\u0142ni zas\u0142uguje na swoj\u0105 nazw\u0119. Nie ma sobie r\u00f3wnych pod wzgl\u0119dem odporno\u015bci na zalewanie: tworzy lasy tam, gdzie podczas pory deszczowej poziom wody osi\u0105ga 6 metr\u00f3w. Zatopiona do \u00be wysoko\u015bci potrafi przetrwa\u0107 nawet 10 miesi\u0119cy! Zdolno\u015b\u0107 t\u0105 zawdzi\u0119cza szczeg\u00f3lnej budowie tkanek, kt\u00f3re s\u0105 w stanie transportowa\u0107 tlen atmosferyczny do g\u0105bczastych korzeni.<\/p>\n\n\n\n<p>Charakterystyczn\u0105 cech\u0105 b\u0142otni wodnych jest butelkowato rozd\u0119ta nasada pnia. Zaczyna to by\u0107 widoczne ju\u017c u m\u0142odych siewek, a kilkusetletnie drzewa (b\u0142otnie wodne s\u0105 d\u0142ugowieczne) wygl\u0105daj\u0105 wr\u0119cz monstrualnie. Drewno z przyziemnej cz\u0119\u015bci ma znacznie mniejsz\u0105 g\u0119sto\u015b\u0107, jest cenionym materia\u0142em rze\u017abiarskim i do budowy instrument\u00f3w muzycznych. Z wy\u017cszych cz\u0119\u015bci nawet 20-metrowego  pnia pozyskuje si\u0119 wysokiej jako\u015bci surowiec do \u201eklasycznych\u201d zastosowa\u0144, np. do wyrobu mebli. Z kolei bardzo lekkie korzenie s\u0142u\u017c\u0105 jako namiastka korka.<\/p>\n\n\n\n<p>B\u0142otnie wodne, podobnie jak bardziej znane b\u0142otnie le\u015bne (Nyssa sylvatica), kwitn\u0105 w maju, ich niepozorne kwiatki s\u0105 bardzo nektarodajne. Mi\u00f3d b\u0142otniowy, (<a href=\"https:\/\/www.youtube.com\/watch?v=3DbTIKHYwog\">Tupelo honey<\/a>) ma bardzo bogaty smak, dzi\u0119ki du\u017cej zawarto\u015bci fruktozy niemal nie krystalizuje i nale\u017cy do najbardziej cenionych p\u00f3\u0142nocnoameryka\u0144skich miod\u00f3w.<\/p>\n\n\n\n<p>Walory dekoracyjne posiadaj\u0105 pojawiaj\u0105ce si\u0119 na egzemplarzach \u017ce\u0144skich (b\u0142otnie wodne s\u0105 dwupienne) granatowe lub ciemnofioletowe owoce. Wrzecionowatego kszta\u0142tu, zwykle blisko 3 cm d\u0142ugie, rosn\u0105 pojedynczo na d\u0142ugich ogonkach, maj\u0105 soczysty mi\u0105\u017csz i bruzdowan\u0105 wyd\u0142u\u017con\u0105 pestk\u0119. S\u0105 jadalne, ale do\u015b\u0107 kwa\u015bne i nadaj\u0105 si\u0119 raczej tylko na przetwory, stanowi\u0105 pokarm dla wielu gatunk\u00f3w zwierz\u0105t.<br>  Owoce b\u0142otni le\u015bnej s\u0105 mniejsze, w przybli\u017ceniu kuliste i wyrastaj\u0105 skupione po kilka na jednej szypu\u0142ce.<\/p>\n\n\n\n<p>Inne r\u00f3\u017cnice:<\/p>\n\n\n\n<p>-l\u015bni\u0105ce z wierzchu i matowe, bia\u0142awe od spodu li\u015bcie s\u0105 wi\u0119ksze, maj\u0105 nawet 20 cm d\u0142ugo\u015bci (u b\u0142otni le\u015bnych s\u0105 wyra\u017anie mniejsze, obustronnie zielone)<\/p>\n\n\n\n<p>-jesieni\u0105 li\u015bcie b\u0142otni wodnej efektownie si\u0119 <strong>przebarwiaj\u0105, zawsze na \u017c\u00f3\u0142to<\/strong>, najwy\u017cej z pomara\u0144czowym odcieniem. Li\u015bcie b\u0142otni wodnej <strong>nigdy <\/strong>nie b\u0119d\u0105 czerwone, bordowe, fioletowe czy r\u00f3\u017cowe (tak przebarwiaj\u0105 si\u0119 b\u0142otnie le\u015bne <em>Nyssa sylvatica<\/em>).<\/p>\n<\/div>\n\n\n\n<div class=\"wp-block-column is-layout-flow wp-block-column-is-layout-flow\"><div class=\"wp-block-image\">\n<figure class=\"aligncenter size-full\"><img loading=\"lazy\" decoding=\"async\" width=\"1024\" height=\"768\" src=\"https:\/\/www.ogrodnick.pl\/word\/wp-content\/uploads\/2023\/02\/Nyssa_aquatica_Arcansas-1.jpg\" alt=\"\" class=\"wp-image-1377\" srcset=\"https:\/\/www.ogrodnick.pl\/word\/wp-content\/uploads\/2023\/02\/Nyssa_aquatica_Arcansas-1.jpg 1024w, https:\/\/www.ogrodnick.pl\/word\/wp-content\/uploads\/2023\/02\/Nyssa_aquatica_Arcansas-1-300x225.jpg 300w, https:\/\/www.ogrodnick.pl\/word\/wp-content\/uploads\/2023\/02\/Nyssa_aquatica_Arcansas-1-768x576.jpg 768w\" sizes=\"auto, (max-width: 1024px) 100vw, 1024px\" \/><figcaption class=\"wp-element-caption\"><em>Nyssa aquatica<\/em> &#8211; najwi\u0119ksza w stanie Arcansas<\/figcaption><\/figure>\n<\/div>\n\n\n<figure class=\"wp-block-image size-full\"><img loading=\"lazy\" decoding=\"async\" width=\"800\" height=\"585\" src=\"https:\/\/www.ogrodnick.pl\/word\/wp-content\/uploads\/2023\/02\/Nyssa_aqatica_pnie.jpg\" alt=\"\" class=\"wp-image-1378\" srcset=\"https:\/\/www.ogrodnick.pl\/word\/wp-content\/uploads\/2023\/02\/Nyssa_aqatica_pnie.jpg 800w, https:\/\/www.ogrodnick.pl\/word\/wp-content\/uploads\/2023\/02\/Nyssa_aqatica_pnie-300x219.jpg 300w, https:\/\/www.ogrodnick.pl\/word\/wp-content\/uploads\/2023\/02\/Nyssa_aqatica_pnie-768x562.jpg 768w\" sizes=\"auto, (max-width: 800px) 100vw, 800px\" \/><\/figure>\n<\/div>\n<\/div>\n\n\n\n<div class=\"wp-block-columns alignfull is-layout-flex wp-container-core-columns-is-layout-9d6595d7 wp-block-columns-is-layout-flex\">\n<div class=\"wp-block-column is-layout-flow wp-block-column-is-layout-flow\">\n<p><strong>UPRAWA:<\/strong><br>&nbsp;&nbsp;&nbsp;<\/p>\n\n\n\n<p>Najlepiej, szybko, ro\u015bnie na glebach mokrych, potrafi te\u017c rosn\u0105\u0107 na bagnach, a nawet wprost w wodzie. W naszych warunkach, na przeci\u0119tnej glebie ogrodowej i z letnimi suszami, b\u0142otnie wodne rosn\u0105 powoli.<\/p>\n\n\n\n<p>Wg ameryka\u0144skich danych na obszarze naturalnego wyst\u0119powania znosi zimowe mrozy do -25 C (u nas takich dawno nie by\u0142o) ale wymaga 180 dni bez mrozu. Ten warunek mo\u017ce by\u0107 spe\u0142niony w cieplejszej po\u0142owie Polski i w warunkach miejskich. W ch\u0142odniejszej po\u0142owie, tam gdzie cz\u0119sto bywaj\u0105 majowe i pa\u017adziernikowe przymrozki, bezpieczniej jest sadzi\u0107 b\u0142otnie wodne na stanowiskach suchych i ogranicza\u0107 podlewanie w ko\u0144cu lata \u2013 szybciej zako\u0144cz\u0105 wegetacj\u0119 i zd\u0105\u017c\u0105 zdrewnie\u0107 przed zim\u0105.<\/p>\n\n\n\n<p>Stanowisko s\u0142oneczne.<\/p>\n<\/div>\n\n\n\n<div class=\"wp-block-column is-layout-flow wp-block-column-is-layout-flow\"><div class=\"wp-block-image\">\n<figure class=\"aligncenter size-large\"><img loading=\"lazy\" decoding=\"async\" width=\"994\" height=\"1024\" src=\"https:\/\/www.ogrodnick.pl\/word\/wp-content\/uploads\/2023\/02\/Nyssa_aquatica_las-994x1024.webp\" alt=\"\" class=\"wp-image-1379\" srcset=\"https:\/\/www.ogrodnick.pl\/word\/wp-content\/uploads\/2023\/02\/Nyssa_aquatica_las-994x1024.webp 994w, https:\/\/www.ogrodnick.pl\/word\/wp-content\/uploads\/2023\/02\/Nyssa_aquatica_las-291x300.webp 291w, https:\/\/www.ogrodnick.pl\/word\/wp-content\/uploads\/2023\/02\/Nyssa_aquatica_las-768x791.webp 768w, https:\/\/www.ogrodnick.pl\/word\/wp-content\/uploads\/2023\/02\/Nyssa_aquatica_las-1200x1237.webp 1200w, https:\/\/www.ogrodnick.pl\/word\/wp-content\/uploads\/2023\/02\/Nyssa_aquatica_las.webp 1341w\" sizes=\"auto, (max-width: 994px) 100vw, 994px\" \/><\/figure>\n<\/div><\/div>\n<\/div>\n\n\n\n<div class=\"wp-block-columns alignfull is-layout-flex wp-container-core-columns-is-layout-9d6595d7 wp-block-columns-is-layout-flex\">\n<div class=\"wp-block-column is-layout-flow wp-block-column-is-layout-flow\"><div class=\"wp-block-image\">\n<figure class=\"aligncenter size-full\"><img loading=\"lazy\" decoding=\"async\" width=\"1024\" height=\"685\" src=\"https:\/\/www.ogrodnick.pl\/word\/wp-content\/uploads\/2023\/02\/Nyssa_aquatica_jesien.jpg\" alt=\"\" class=\"wp-image-1380\" srcset=\"https:\/\/www.ogrodnick.pl\/word\/wp-content\/uploads\/2023\/02\/Nyssa_aquatica_jesien.jpg 1024w, https:\/\/www.ogrodnick.pl\/word\/wp-content\/uploads\/2023\/02\/Nyssa_aquatica_jesien-300x201.jpg 300w, https:\/\/www.ogrodnick.pl\/word\/wp-content\/uploads\/2023\/02\/Nyssa_aquatica_jesien-768x514.jpg 768w\" sizes=\"auto, (max-width: 1024px) 100vw, 1024px\" \/><\/figure>\n<\/div>\n\n<div class=\"wp-block-image\">\n<figure class=\"aligncenter size-full\"><img loading=\"lazy\" decoding=\"async\" width=\"768\" height=\"512\" src=\"https:\/\/www.ogrodnick.pl\/word\/wp-content\/uploads\/2023\/02\/Nyssa_aquatica_owoce.jpg\" alt=\"\" class=\"wp-image-1382\" srcset=\"https:\/\/www.ogrodnick.pl\/word\/wp-content\/uploads\/2023\/02\/Nyssa_aquatica_owoce.jpg 768w, https:\/\/www.ogrodnick.pl\/word\/wp-content\/uploads\/2023\/02\/Nyssa_aquatica_owoce-300x200.jpg 300w\" sizes=\"auto, (max-width: 768px) 100vw, 768px\" \/><\/figure>\n<\/div><\/div>\n\n\n\n<div class=\"wp-block-column is-layout-flow wp-block-column-is-layout-flow\"><div class=\"wp-block-image\">\n<figure class=\"aligncenter size-large\"><img loading=\"lazy\" decoding=\"async\" width=\"1024\" height=\"768\" src=\"https:\/\/www.ogrodnick.pl\/word\/wp-content\/uploads\/2023\/02\/Nyssa_aquatica_suchy-1024x768.jpg\" alt=\"\" class=\"wp-image-1381\" srcset=\"https:\/\/www.ogrodnick.pl\/word\/wp-content\/uploads\/2023\/02\/Nyssa_aquatica_suchy-1024x768.jpg 1024w, https:\/\/www.ogrodnick.pl\/word\/wp-content\/uploads\/2023\/02\/Nyssa_aquatica_suchy-300x225.jpg 300w, https:\/\/www.ogrodnick.pl\/word\/wp-content\/uploads\/2023\/02\/Nyssa_aquatica_suchy-768x576.jpg 768w, https:\/\/www.ogrodnick.pl\/word\/wp-content\/uploads\/2023\/02\/Nyssa_aquatica_suchy-1536x1152.jpg 1536w, https:\/\/www.ogrodnick.pl\/word\/wp-content\/uploads\/2023\/02\/Nyssa_aquatica_suchy-1200x900.jpg 1200w, https:\/\/www.ogrodnick.pl\/word\/wp-content\/uploads\/2023\/02\/Nyssa_aquatica_suchy-1980x1485.jpg 1980w, https:\/\/www.ogrodnick.pl\/word\/wp-content\/uploads\/2023\/02\/Nyssa_aquatica_suchy.jpg 2048w\" sizes=\"auto, (max-width: 1024px) 100vw, 1024px\" \/><\/figure>\n<\/div><\/div>\n<\/div>\n","protected":false},"excerpt":{"rendered":"<p>B\u0142otnia wodna (Nyssa aquatica) zwana po angielsku &#8222;Water tupelo&#8221; pochodzi ze Stan\u00f3w Zjednoczonych. Ro\u015bnie na bagnach i terenach zalewowych wzd\u0142u\u017c po\u0142udniowowschodniego wybrze\u017ca i w dolinie Missisipi, najdalej na p\u00f3\u0142noc po Illinois. OPIS:&nbsp;&nbsp; Prawdziwa b\u0142otnia w pe\u0142ni zas\u0142uguje na swoj\u0105 nazw\u0119. Nie ma sobie r\u00f3wnych pod wzgl\u0119dem odporno\u015bci na zalewanie: tworzy lasy tam, gdzie podczas pory [&hellip;]<\/p>\n","protected":false},"author":1,"featured_media":0,"parent":0,"menu_order":0,"comment_status":"closed","ping_status":"closed","template":"","meta":{"footnotes":""},"class_list":["post-1375","page","type-page","status-publish","hentry"],"_links":{"self":[{"href":"https:\/\/www.ogrodnick.pl\/word\/wp-json\/wp\/v2\/pages\/1375","targetHints":{"allow":["GET"]}}],"collection":[{"href":"https:\/\/www.ogrodnick.pl\/word\/wp-json\/wp\/v2\/pages"}],"about":[{"href":"https:\/\/www.ogrodnick.pl\/word\/wp-json\/wp\/v2\/types\/page"}],"author":[{"embeddable":true,"href":"https:\/\/www.ogrodnick.pl\/word\/wp-json\/wp\/v2\/users\/1"}],"replies":[{"embeddable":true,"href":"https:\/\/www.ogrodnick.pl\/word\/wp-json\/wp\/v2\/comments?post=1375"}],"version-history":[{"count":9,"href":"https:\/\/www.ogrodnick.pl\/word\/wp-json\/wp\/v2\/pages\/1375\/revisions"}],"predecessor-version":[{"id":1512,"href":"https:\/\/www.ogrodnick.pl\/word\/wp-json\/wp\/v2\/pages\/1375\/revisions\/1512"}],"wp:attachment":[{"href":"https:\/\/www.ogrodnick.pl\/word\/wp-json\/wp\/v2\/media?parent=1375"}],"curies":[{"name":"wp","href":"https:\/\/api.w.org\/{rel}","templated":true}]}}