{"id":1361,"date":"2023-02-09T14:01:05","date_gmt":"2023-02-09T14:01:05","guid":{"rendered":"https:\/\/www.ogrodnick.pl\/word\/?page_id=1361"},"modified":"2023-02-09T14:01:05","modified_gmt":"2023-02-09T14:01:05","slug":"obiela-wielkokwiatowa-exochorda-racemosa","status":"publish","type":"page","link":"https:\/\/www.ogrodnick.pl\/word\/obiela-wielkokwiatowa-exochorda-racemosa\/","title":{"rendered":"Obiela wielkokwiatowa (Exochorda racemosa)"},"content":{"rendered":"\n<div class=\"is-layout-flow wp-block-group alignfull\"><div class=\"wp-block-group__inner-container\">\n<p><strong>Obiela wielkokwiatowa<\/strong> (Exochorda racemosa) wyst\u0119puje we wschodniej cz\u0119\u015bci\u2006 Chin.<\/p>\n<\/div><\/div>\n\n\n\n<div class=\"is-layout-flex wp-container-4 wp-block-columns alignfull\">\n<div class=\"is-layout-flow wp-block-column\">\n<p><strong>OPIS:<\/strong><br>\u00a0\u00a0\u00a0<\/p>\n\n\n\n<p>Rzadko spotykany krzew dorastaj\u0105cy w sprzyjaj\u0105cych warunkach do 3 metr\u00f3w wysoko\u015bci. Niezwykle obficie zakwita w maju, gdy ko\u0144cz\u0105 kwitnienie jab\u0142onie. Kwiatki ok. 4 cm \u015brednicy zdobi\u0105 ogr\u00f3d bardzo d\u0142ugo.<\/p>\n\n\n\n<p>Jako jeden z pierwszych krzew\u00f3w rozwija li\u015bcie wiosn\u0105, nie boi si\u0119 przymrozk\u00f3w..<\/p>\n\n\n\n<p>Interesuj\u0105co wygl\u0105daj\u0105 pozostaj\u0105ce na krzewach do wiosny owoce.<\/p>\n<\/div>\n\n\n\n<div class=\"is-layout-flow wp-block-column\"><div class=\"wp-block-image\">\n<figure class=\"aligncenter size-full\"><img decoding=\"async\" loading=\"lazy\" width=\"946\" height=\"677\" src=\"https:\/\/www.ogrodnick.pl\/word\/wp-content\/uploads\/2023\/02\/Exochorda_racemosa_kwiatki.jpg\" alt=\"\" class=\"wp-image-1363\" srcset=\"https:\/\/www.ogrodnick.pl\/word\/wp-content\/uploads\/2023\/02\/Exochorda_racemosa_kwiatki.jpg 946w, https:\/\/www.ogrodnick.pl\/word\/wp-content\/uploads\/2023\/02\/Exochorda_racemosa_kwiatki-300x215.jpg 300w, https:\/\/www.ogrodnick.pl\/word\/wp-content\/uploads\/2023\/02\/Exochorda_racemosa_kwiatki-768x550.jpg 768w\" sizes=\"(max-width: 946px) 100vw, 946px\" \/><figcaption class=\"wp-element-caption\">KONICA MINOLTA DIGITAL CAMERA<\/figcaption><\/figure><\/div><\/div>\n<\/div>\n\n\n\n<div class=\"is-layout-flex wp-container-7 wp-block-columns alignfull\">\n<div class=\"is-layout-flow wp-block-column\">\n<p><strong>UPRAWA:<\/strong>\u00a0<br>\u00a0<\/p>\n\n\n\n<p>Mo\u017ce rosn\u0105\u0107 na ka\u017cdej glebie, na stanowiskach s\u0142onecznych lub w cieniu.<\/p>\n\n\n\n<p>Radzi sobie i obficie kwitnie nawet na glebach bardzo s\u0142abych, suchych i zachwaszczonych. W takich warunkach bywa ma\u0142ym 1,5 metrowym krzewem. Zacieniona ma lu\u017aniejszy pokr\u00f3j, kwiat\u00f3w mniej ale wi\u0119ksze, kwitnie d\u0142u\u017cej. Wolna od chor\u00f3b i szkodnik\u00f3w.<\/p>\n<\/div>\n\n\n\n<div class=\"is-layout-flow wp-block-column\"><div class=\"wp-block-image\">\n<figure class=\"aligncenter size-large\"><img decoding=\"async\" loading=\"lazy\" width=\"790\" height=\"1024\" src=\"https:\/\/www.ogrodnick.pl\/word\/wp-content\/uploads\/2023\/02\/Exochorda_racemosa_kwitnaca3-790x1024.jpg\" alt=\"\" class=\"wp-image-1364\" srcset=\"https:\/\/www.ogrodnick.pl\/word\/wp-content\/uploads\/2023\/02\/Exochorda_racemosa_kwitnaca3-790x1024.jpg 790w, https:\/\/www.ogrodnick.pl\/word\/wp-content\/uploads\/2023\/02\/Exochorda_racemosa_kwitnaca3-231x300.jpg 231w, https:\/\/www.ogrodnick.pl\/word\/wp-content\/uploads\/2023\/02\/Exochorda_racemosa_kwitnaca3-768x996.jpg 768w, https:\/\/www.ogrodnick.pl\/word\/wp-content\/uploads\/2023\/02\/Exochorda_racemosa_kwitnaca3.jpg 1029w\" sizes=\"(max-width: 790px) 100vw, 790px\" \/><figcaption class=\"wp-element-caption\">KONICA MINOLTA DIGITAL CAMERA<\/figcaption><\/figure><\/div><\/div>\n<\/div>\n\n\n<div class=\"wp-block-image\">\n<figure class=\"aligncenter size-large\"><img decoding=\"async\" loading=\"lazy\" width=\"1024\" height=\"809\" src=\"https:\/\/www.ogrodnick.pl\/word\/wp-content\/uploads\/2023\/02\/Exochorda_racemosa_kwitnace_krzewy-1024x809.jpg\" alt=\"\" class=\"wp-image-1365\" srcset=\"https:\/\/www.ogrodnick.pl\/word\/wp-content\/uploads\/2023\/02\/Exochorda_racemosa_kwitnace_krzewy-1024x809.jpg 1024w, https:\/\/www.ogrodnick.pl\/word\/wp-content\/uploads\/2023\/02\/Exochorda_racemosa_kwitnace_krzewy-300x237.jpg 300w, https:\/\/www.ogrodnick.pl\/word\/wp-content\/uploads\/2023\/02\/Exochorda_racemosa_kwitnace_krzewy-768x607.jpg 768w, https:\/\/www.ogrodnick.pl\/word\/wp-content\/uploads\/2023\/02\/Exochorda_racemosa_kwitnace_krzewy-1536x1214.jpg 1536w, https:\/\/www.ogrodnick.pl\/word\/wp-content\/uploads\/2023\/02\/Exochorda_racemosa_kwitnace_krzewy-2048x1619.jpg 2048w, https:\/\/www.ogrodnick.pl\/word\/wp-content\/uploads\/2023\/02\/Exochorda_racemosa_kwitnace_krzewy-1200x948.jpg 1200w, https:\/\/www.ogrodnick.pl\/word\/wp-content\/uploads\/2023\/02\/Exochorda_racemosa_kwitnace_krzewy-1980x1565.jpg 1980w\" sizes=\"(max-width: 1024px) 100vw, 1024px\" \/><\/figure><\/div>","protected":false},"excerpt":{"rendered":"<p>Obiela wielkokwiatowa (Exochorda racemosa) wyst\u0119puje we wschodniej cz\u0119\u015bci\u2006 Chin. OPIS:\u00a0\u00a0\u00a0 Rzadko spotykany krzew dorastaj\u0105cy w sprzyjaj\u0105cych warunkach do 3 metr\u00f3w wysoko\u015bci. Niezwykle obficie zakwita w maju, gdy ko\u0144cz\u0105 kwitnienie jab\u0142onie. Kwiatki ok. 4 cm \u015brednicy zdobi\u0105 ogr\u00f3d bardzo d\u0142ugo. Jako jeden z pierwszych krzew\u00f3w rozwija li\u015bcie wiosn\u0105, nie boi si\u0119 przymrozk\u00f3w.. Interesuj\u0105co wygl\u0105daj\u0105 pozostaj\u0105ce na [&hellip;]<\/p>\n","protected":false},"author":1,"featured_media":0,"parent":0,"menu_order":0,"comment_status":"closed","ping_status":"closed","template":"","meta":[],"_links":{"self":[{"href":"https:\/\/www.ogrodnick.pl\/word\/wp-json\/wp\/v2\/pages\/1361"}],"collection":[{"href":"https:\/\/www.ogrodnick.pl\/word\/wp-json\/wp\/v2\/pages"}],"about":[{"href":"https:\/\/www.ogrodnick.pl\/word\/wp-json\/wp\/v2\/types\/page"}],"author":[{"embeddable":true,"href":"https:\/\/www.ogrodnick.pl\/word\/wp-json\/wp\/v2\/users\/1"}],"replies":[{"embeddable":true,"href":"https:\/\/www.ogrodnick.pl\/word\/wp-json\/wp\/v2\/comments?post=1361"}],"version-history":[{"count":1,"href":"https:\/\/www.ogrodnick.pl\/word\/wp-json\/wp\/v2\/pages\/1361\/revisions"}],"predecessor-version":[{"id":1366,"href":"https:\/\/www.ogrodnick.pl\/word\/wp-json\/wp\/v2\/pages\/1361\/revisions\/1366"}],"wp:attachment":[{"href":"https:\/\/www.ogrodnick.pl\/word\/wp-json\/wp\/v2\/media?parent=1361"}],"curies":[{"name":"wp","href":"https:\/\/api.w.org\/{rel}","templated":true}]}}